{"id":5755736,"date":"2026-02-12T13:31:35","date_gmt":"2026-02-12T12:31:35","guid":{"rendered":"https:\/\/stoic-curie.212-227-153-4.plesk.page\/product\/musto-essential-segelhandschuhe-2-0-vollfinger-groesse-m\/"},"modified":"2026-02-24T23:35:53","modified_gmt":"2026-02-24T23:35:53","slug":"musto-essential-segelhandschuhe-2-0-vollfinger-groesse-m","status":"publish","type":"product","link":"https:\/\/stoic-curie.212-227-153-4.plesk.page\/de\/product\/musto-essential-segelhandschuhe-2-0-vollfinger-groesse-m\/","title":{"rendered":"Musto Essential Segelhandschuhe 2.0 Vollfinger Gr\u00f6\u00dfe M"},"content":{"rendered":"<p>Musto Essential Segelhandschuhe 2.0 Vollfinger Gr\u00f6\u00dfe M &#8211; <\/p>\n<p>Musto Essential Segelhandschuhe verf\u00fcgen \u00fcber eine 4-Wege-Stretch-Dynamic-Mesh-Konstruktion, die atmungsaktiven und anatomischen Komfort f\u00fcr v\u00f6llige Bewegungsfreiheit bietet. Strategische Schutzpaneele erh\u00f6hen die Haltbarkeit, w\u00e4hrend \u00fcbergro\u00dfe Velcro-Handgelenksverschl\u00fcsse W\u00e4rme speichern und eine ma\u00dfgeschneiderte Passform bieten. Klicken Sie hier, um die genaue Gr\u00f6\u00dfe zu \u00fcberpr\u00fcfen:<\/p>\n","protected":false},"excerpt":{"rendered":"<p>Musto Essential Segelhandschuhe 2.0 Vollfinger Gr\u00f6\u00dfe M &#8211; Musto Essential Segelhandschuhe verf\u00fcgen \u00fcber eine 4-Wege-Stretch-Dynamic-Mesh-Konstruktion, die atmungsaktiven und anatomischen Komfort<\/p>\n","protected":false},"featured_media":5753990,"comment_status":"open","ping_status":"closed","template":"","meta":[],"product_brand":[3155],"product_cat":[1571],"product_tag":[],"class_list":{"0":"post-5755736","1":"product","2":"type-product","3":"status-publish","4":"has-post-thumbnail","6":"product_brand-musto-de","7":"product_cat-segelhandschuhe","9":"first","10":"instock","11":"shipping-taxable","12":"purchasable","13":"product-type-simple"},"_links":{"self":[{"href":"https:\/\/stoic-curie.212-227-153-4.plesk.page\/de\/wp-json\/wp\/v2\/product\/5755736","targetHints":{"allow":["GET"]}}],"collection":[{"href":"https:\/\/stoic-curie.212-227-153-4.plesk.page\/de\/wp-json\/wp\/v2\/product"}],"about":[{"href":"https:\/\/stoic-curie.212-227-153-4.plesk.page\/de\/wp-json\/wp\/v2\/types\/product"}],"replies":[{"embeddable":true,"href":"https:\/\/stoic-curie.212-227-153-4.plesk.page\/de\/wp-json\/wp\/v2\/comments?post=5755736"}],"version-history":[{"count":0,"href":"https:\/\/stoic-curie.212-227-153-4.plesk.page\/de\/wp-json\/wp\/v2\/product\/5755736\/revisions"}],"wp:featuredmedia":[{"embeddable":true,"href":"https:\/\/stoic-curie.212-227-153-4.plesk.page\/de\/wp-json\/wp\/v2\/media\/5753990"}],"wp:attachment":[{"href":"https:\/\/stoic-curie.212-227-153-4.plesk.page\/de\/wp-json\/wp\/v2\/media?parent=5755736"}],"wp:term":[{"taxonomy":"product_brand","embeddable":true,"href":"https:\/\/stoic-curie.212-227-153-4.plesk.page\/de\/wp-json\/wp\/v2\/product_brand?post=5755736"},{"taxonomy":"product_cat","embeddable":true,"href":"https:\/\/stoic-curie.212-227-153-4.plesk.page\/de\/wp-json\/wp\/v2\/product_cat?post=5755736"},{"taxonomy":"product_tag","embeddable":true,"href":"https:\/\/stoic-curie.212-227-153-4.plesk.page\/de\/wp-json\/wp\/v2\/product_tag?post=5755736"}],"curies":[{"name":"wp","href":"https:\/\/api.w.org\/{rel}","templated":true}]}}