{"id":5755743,"date":"2026-02-12T13:31:40","date_gmt":"2026-02-12T12:31:40","guid":{"rendered":"https:\/\/stoic-curie.212-227-153-4.plesk.page\/product\/musto-essential-fd-crew-cap-navy-blau\/"},"modified":"2026-02-24T23:35:53","modified_gmt":"2026-02-24T23:35:53","slug":"musto-essential-fd-crew-cap-navy-blau","status":"publish","type":"product","link":"https:\/\/stoic-curie.212-227-153-4.plesk.page\/de\/product\/musto-essential-fd-crew-cap-navy-blau\/","title":{"rendered":"Musto Essential FD Crew Cap &#8211; Navy Blau"},"content":{"rendered":"<p>Musto Essential FD Crew Cap &#8211; Navy Blau &#8211; <\/p>\n<p>Die Musto Essential Fast Dry Crew Cap besteht aus 100% widerstandsf\u00e4higem Polyester und verf\u00fcgt \u00fcber eine langlebige wasserabweisende (DWR) Beschichtung, die es erm\u00f6glicht, dass Wasser abperlt und abl\u00e4uft, um schnellere Trocknungszeiten zu gew\u00e4hrleisten. Sie bietet auch zus\u00e4tzlichen UV-Schutz bei l\u00e4ngerer Sonneneinstrahlung, einen verstellbaren Riemen auf der R\u00fcckseite und einen Halteclip, um die Kappe an der Kapuze oder dem Kragen zu befestigen, sodass sie an windigen Tagen sicher sitzt.<\/p>\n","protected":false},"excerpt":{"rendered":"<p>Musto Essential FD Crew Cap &#8211; Navy Blau &#8211; Die Musto Essential Fast Dry Crew Cap besteht aus 100% widerstandsf\u00e4higem<\/p>\n","protected":false},"featured_media":5754050,"comment_status":"open","ping_status":"closed","template":"","meta":[],"product_brand":[3155],"product_cat":[1567],"product_tag":[],"class_list":{"0":"post-5755743","1":"product","2":"type-product","3":"status-publish","4":"has-post-thumbnail","6":"product_brand-musto-de","7":"product_cat-segelbekleidung-musto","9":"first","10":"instock","11":"shipping-taxable","12":"purchasable","13":"product-type-simple"},"_links":{"self":[{"href":"https:\/\/stoic-curie.212-227-153-4.plesk.page\/de\/wp-json\/wp\/v2\/product\/5755743","targetHints":{"allow":["GET"]}}],"collection":[{"href":"https:\/\/stoic-curie.212-227-153-4.plesk.page\/de\/wp-json\/wp\/v2\/product"}],"about":[{"href":"https:\/\/stoic-curie.212-227-153-4.plesk.page\/de\/wp-json\/wp\/v2\/types\/product"}],"replies":[{"embeddable":true,"href":"https:\/\/stoic-curie.212-227-153-4.plesk.page\/de\/wp-json\/wp\/v2\/comments?post=5755743"}],"version-history":[{"count":0,"href":"https:\/\/stoic-curie.212-227-153-4.plesk.page\/de\/wp-json\/wp\/v2\/product\/5755743\/revisions"}],"wp:featuredmedia":[{"embeddable":true,"href":"https:\/\/stoic-curie.212-227-153-4.plesk.page\/de\/wp-json\/wp\/v2\/media\/5754050"}],"wp:attachment":[{"href":"https:\/\/stoic-curie.212-227-153-4.plesk.page\/de\/wp-json\/wp\/v2\/media?parent=5755743"}],"wp:term":[{"taxonomy":"product_brand","embeddable":true,"href":"https:\/\/stoic-curie.212-227-153-4.plesk.page\/de\/wp-json\/wp\/v2\/product_brand?post=5755743"},{"taxonomy":"product_cat","embeddable":true,"href":"https:\/\/stoic-curie.212-227-153-4.plesk.page\/de\/wp-json\/wp\/v2\/product_cat?post=5755743"},{"taxonomy":"product_tag","embeddable":true,"href":"https:\/\/stoic-curie.212-227-153-4.plesk.page\/de\/wp-json\/wp\/v2\/product_tag?post=5755743"}],"curies":[{"name":"wp","href":"https:\/\/api.w.org\/{rel}","templated":true}]}}