{"id":5755745,"date":"2026-02-12T13:31:41","date_gmt":"2026-02-12T12:31:41","guid":{"rendered":"https:\/\/stoic-curie.212-227-153-4.plesk.page\/product\/musto-fd-breitkrempiger-hut-groesse-l-xl-beige\/"},"modified":"2026-02-24T23:35:53","modified_gmt":"2026-02-24T23:35:53","slug":"musto-fd-breitkrempiger-hut-groesse-l-xl-beige","status":"publish","type":"product","link":"https:\/\/stoic-curie.212-227-153-4.plesk.page\/de\/product\/musto-fd-breitkrempiger-hut-groesse-l-xl-beige\/","title":{"rendered":"Musto FD Breitkrempiger Hut Gr\u00f6\u00dfe L\/XL &#8211; Beige"},"content":{"rendered":"<p>Musto FD Breitkrempiger Hut Gr\u00f6\u00dfe L\/XL &#8211; Beige &#8211; <\/p>\n<p>Der Musto Fast Dry Breitkrempiger Hut ist mit einer PFC-freien langlebigen wasserabweisenden (DWR) Beschichtung ausgestattet, die Wasser perlen l\u00e4sst und ablaufen l\u00e4sst, um schnellere Trocknungszeiten zu gew\u00e4hrleisten. Er bietet einen UV-Schutzfaktor (UPF) von 40, einen Zugbandversteller f\u00fcr einen sicheren Sitz im Wind und einen Krempenknopf, mit dem Sie die Krempe hochhalten k\u00f6nnen, wenn Sie sie aus dem Weg haben m\u00f6chten. Klicken Sie hier, um die genaue Gr\u00f6\u00dfe zu \u00fcberpr\u00fcfen:<\/p>\n","protected":false},"excerpt":{"rendered":"<p>Musto FD Breitkrempiger Hut Gr\u00f6\u00dfe L\/XL &#8211; Beige &#8211; Der Musto Fast Dry Breitkrempiger Hut ist mit einer PFC-freien langlebigen<\/p>\n","protected":false},"featured_media":5754078,"comment_status":"open","ping_status":"closed","template":"","meta":[],"product_brand":[3155],"product_cat":[1567],"product_tag":[],"class_list":{"0":"post-5755745","1":"product","2":"type-product","3":"status-publish","4":"has-post-thumbnail","6":"product_brand-musto-de","7":"product_cat-segelbekleidung-musto","9":"first","10":"instock","11":"shipping-taxable","12":"purchasable","13":"product-type-simple"},"_links":{"self":[{"href":"https:\/\/stoic-curie.212-227-153-4.plesk.page\/de\/wp-json\/wp\/v2\/product\/5755745","targetHints":{"allow":["GET"]}}],"collection":[{"href":"https:\/\/stoic-curie.212-227-153-4.plesk.page\/de\/wp-json\/wp\/v2\/product"}],"about":[{"href":"https:\/\/stoic-curie.212-227-153-4.plesk.page\/de\/wp-json\/wp\/v2\/types\/product"}],"replies":[{"embeddable":true,"href":"https:\/\/stoic-curie.212-227-153-4.plesk.page\/de\/wp-json\/wp\/v2\/comments?post=5755745"}],"version-history":[{"count":0,"href":"https:\/\/stoic-curie.212-227-153-4.plesk.page\/de\/wp-json\/wp\/v2\/product\/5755745\/revisions"}],"wp:featuredmedia":[{"embeddable":true,"href":"https:\/\/stoic-curie.212-227-153-4.plesk.page\/de\/wp-json\/wp\/v2\/media\/5754078"}],"wp:attachment":[{"href":"https:\/\/stoic-curie.212-227-153-4.plesk.page\/de\/wp-json\/wp\/v2\/media?parent=5755745"}],"wp:term":[{"taxonomy":"product_brand","embeddable":true,"href":"https:\/\/stoic-curie.212-227-153-4.plesk.page\/de\/wp-json\/wp\/v2\/product_brand?post=5755745"},{"taxonomy":"product_cat","embeddable":true,"href":"https:\/\/stoic-curie.212-227-153-4.plesk.page\/de\/wp-json\/wp\/v2\/product_cat?post=5755745"},{"taxonomy":"product_tag","embeddable":true,"href":"https:\/\/stoic-curie.212-227-153-4.plesk.page\/de\/wp-json\/wp\/v2\/product_tag?post=5755745"}],"curies":[{"name":"wp","href":"https:\/\/api.w.org\/{rel}","templated":true}]}}