{"id":5755746,"date":"2026-02-12T13:31:42","date_gmt":"2026-02-12T12:31:42","guid":{"rendered":"https:\/\/stoic-curie.212-227-153-4.plesk.page\/product\/musto-fd-breitkrempige-muetze-groesse-s-m-marineblau\/"},"modified":"2026-02-24T23:35:53","modified_gmt":"2026-02-24T23:35:53","slug":"musto-fd-breitkrempige-muetze-groesse-s-m-marineblau","status":"publish","type":"product","link":"https:\/\/stoic-curie.212-227-153-4.plesk.page\/de\/product\/musto-fd-breitkrempige-muetze-groesse-s-m-marineblau\/","title":{"rendered":"Musto FD Breitkrempige M\u00fctze Gr\u00f6\u00dfe S\/M &#8211; Marineblau"},"content":{"rendered":"<p>Musto FD Breitkrempige M\u00fctze Gr\u00f6\u00dfe S\/M &#8211; Marineblau &#8211; <\/p>\n<p>Die Musto Fast Dry Breitkrempige M\u00fctze verf\u00fcgt \u00fcber eine PFC-freie, dauerhafte wasserabweisende (DWR) Beschichtung, die es erm\u00f6glicht, dass Wasser abperlt und abl\u00e4uft, was schnellere Trocknungszeiten gew\u00e4hrleistet. Sie hat einen UV-Schutzfaktor (UPF) von 40, einen Zugverschluss, der die M\u00fctze bei windigen Bedingungen sicher h\u00e4lt, und einen Krempenknopf, um die Krempe bei Bedarf hochzuklappen. Klicken Sie hier, um die genaue Gr\u00f6\u00dfe zu \u00fcberpr\u00fcfen:<\/p>\n","protected":false},"excerpt":{"rendered":"<p>Musto FD Breitkrempige M\u00fctze Gr\u00f6\u00dfe S\/M &#8211; Marineblau &#8211; Die Musto Fast Dry Breitkrempige M\u00fctze verf\u00fcgt \u00fcber eine PFC-freie, dauerhafte<\/p>\n","protected":false},"featured_media":5754078,"comment_status":"open","ping_status":"closed","template":"","meta":[],"product_brand":[3155],"product_cat":[1567],"product_tag":[],"class_list":{"0":"post-5755746","1":"product","2":"type-product","3":"status-publish","4":"has-post-thumbnail","6":"product_brand-musto-de","7":"product_cat-segelbekleidung-musto","9":"first","10":"instock","11":"shipping-taxable","12":"purchasable","13":"product-type-simple"},"_links":{"self":[{"href":"https:\/\/stoic-curie.212-227-153-4.plesk.page\/de\/wp-json\/wp\/v2\/product\/5755746","targetHints":{"allow":["GET"]}}],"collection":[{"href":"https:\/\/stoic-curie.212-227-153-4.plesk.page\/de\/wp-json\/wp\/v2\/product"}],"about":[{"href":"https:\/\/stoic-curie.212-227-153-4.plesk.page\/de\/wp-json\/wp\/v2\/types\/product"}],"replies":[{"embeddable":true,"href":"https:\/\/stoic-curie.212-227-153-4.plesk.page\/de\/wp-json\/wp\/v2\/comments?post=5755746"}],"version-history":[{"count":0,"href":"https:\/\/stoic-curie.212-227-153-4.plesk.page\/de\/wp-json\/wp\/v2\/product\/5755746\/revisions"}],"wp:featuredmedia":[{"embeddable":true,"href":"https:\/\/stoic-curie.212-227-153-4.plesk.page\/de\/wp-json\/wp\/v2\/media\/5754078"}],"wp:attachment":[{"href":"https:\/\/stoic-curie.212-227-153-4.plesk.page\/de\/wp-json\/wp\/v2\/media?parent=5755746"}],"wp:term":[{"taxonomy":"product_brand","embeddable":true,"href":"https:\/\/stoic-curie.212-227-153-4.plesk.page\/de\/wp-json\/wp\/v2\/product_brand?post=5755746"},{"taxonomy":"product_cat","embeddable":true,"href":"https:\/\/stoic-curie.212-227-153-4.plesk.page\/de\/wp-json\/wp\/v2\/product_cat?post=5755746"},{"taxonomy":"product_tag","embeddable":true,"href":"https:\/\/stoic-curie.212-227-153-4.plesk.page\/de\/wp-json\/wp\/v2\/product_tag?post=5755746"}],"curies":[{"name":"wp","href":"https:\/\/api.w.org\/{rel}","templated":true}]}}