{"id":5755747,"date":"2026-02-12T13:31:43","date_gmt":"2026-02-12T12:31:43","guid":{"rendered":"https:\/\/stoic-curie.212-227-153-4.plesk.page\/product\/musto-fd-breitkrempige-muetze-groesse-l-xl-farbe-marineblau\/"},"modified":"2026-02-24T23:35:53","modified_gmt":"2026-02-24T23:35:53","slug":"musto-fd-breitkrempige-muetze-groesse-l-xl-farbe-marineblau","status":"publish","type":"product","link":"https:\/\/stoic-curie.212-227-153-4.plesk.page\/de\/product\/musto-fd-breitkrempige-muetze-groesse-l-xl-farbe-marineblau\/","title":{"rendered":"Musto FD Breitkrempige M\u00fctze &#8211; Gr\u00f6\u00dfe L\/XL &#8211; Farbe: Marineblau"},"content":{"rendered":"<p>Musto FD Breitkrempige M\u00fctze &#8211; Gr\u00f6\u00dfe L\/XL &#8211; Farbe: Marineblau &#8211; <\/p>\n<p>Die Musto Fast Dry Breitkrempige M\u00fctze verf\u00fcgt \u00fcber eine PFC-freie, langlebige Wasserabweisende (DWR) Beschichtung, die daf\u00fcr sorgt, dass Wasser abperlt und schneller trocknet. Mit einem UV-Schutzfaktor (UPF) von 40 ist diese M\u00fctze au\u00dferdem mit einem Zugband ausgestattet, das f\u00fcr einen sicheren Sitz bei Wind sorgt, sowie einem Krempenknopf, um die Krempe hochzuklappen, wenn Sie sie aus dem Weg haben m\u00f6chten. <br \/> Klicken Sie hier, um die genaue Gr\u00f6\u00dfe zu \u00fcberpr\u00fcfen:<\/p>\n","protected":false},"excerpt":{"rendered":"<p>Musto FD Breitkrempige M\u00fctze &#8211; Gr\u00f6\u00dfe L\/XL &#8211; Farbe: Marineblau &#8211; Die Musto Fast Dry Breitkrempige M\u00fctze verf\u00fcgt \u00fcber eine<\/p>\n","protected":false},"featured_media":5754078,"comment_status":"open","ping_status":"closed","template":"","meta":[],"product_brand":[3155],"product_cat":[1567],"product_tag":[],"class_list":{"0":"post-5755747","1":"product","2":"type-product","3":"status-publish","4":"has-post-thumbnail","6":"product_brand-musto-de","7":"product_cat-segelbekleidung-musto","9":"first","10":"instock","11":"shipping-taxable","12":"purchasable","13":"product-type-simple"},"_links":{"self":[{"href":"https:\/\/stoic-curie.212-227-153-4.plesk.page\/de\/wp-json\/wp\/v2\/product\/5755747","targetHints":{"allow":["GET"]}}],"collection":[{"href":"https:\/\/stoic-curie.212-227-153-4.plesk.page\/de\/wp-json\/wp\/v2\/product"}],"about":[{"href":"https:\/\/stoic-curie.212-227-153-4.plesk.page\/de\/wp-json\/wp\/v2\/types\/product"}],"replies":[{"embeddable":true,"href":"https:\/\/stoic-curie.212-227-153-4.plesk.page\/de\/wp-json\/wp\/v2\/comments?post=5755747"}],"version-history":[{"count":0,"href":"https:\/\/stoic-curie.212-227-153-4.plesk.page\/de\/wp-json\/wp\/v2\/product\/5755747\/revisions"}],"wp:featuredmedia":[{"embeddable":true,"href":"https:\/\/stoic-curie.212-227-153-4.plesk.page\/de\/wp-json\/wp\/v2\/media\/5754078"}],"wp:attachment":[{"href":"https:\/\/stoic-curie.212-227-153-4.plesk.page\/de\/wp-json\/wp\/v2\/media?parent=5755747"}],"wp:term":[{"taxonomy":"product_brand","embeddable":true,"href":"https:\/\/stoic-curie.212-227-153-4.plesk.page\/de\/wp-json\/wp\/v2\/product_brand?post=5755747"},{"taxonomy":"product_cat","embeddable":true,"href":"https:\/\/stoic-curie.212-227-153-4.plesk.page\/de\/wp-json\/wp\/v2\/product_cat?post=5755747"},{"taxonomy":"product_tag","embeddable":true,"href":"https:\/\/stoic-curie.212-227-153-4.plesk.page\/de\/wp-json\/wp\/v2\/product_tag?post=5755747"}],"curies":[{"name":"wp","href":"https:\/\/api.w.org\/{rel}","templated":true}]}}