{"id":5755748,"date":"2026-02-12T13:31:44","date_gmt":"2026-02-12T12:31:44","guid":{"rendered":"https:\/\/stoic-curie.212-227-153-4.plesk.page\/product\/musto-fd-breitkrempiger-hut-groesse-s-m-weiss\/"},"modified":"2026-02-24T23:35:53","modified_gmt":"2026-02-24T23:35:53","slug":"musto-fd-breitkrempiger-hut-groesse-s-m-weiss","status":"publish","type":"product","link":"https:\/\/stoic-curie.212-227-153-4.plesk.page\/de\/product\/musto-fd-breitkrempiger-hut-groesse-s-m-weiss\/","title":{"rendered":"Musto FD Breitkrempiger Hut Gr\u00f6\u00dfe S\/M &#8211; Wei\u00df"},"content":{"rendered":"<p>Musto FD Breitkrempiger Hut Gr\u00f6\u00dfe S\/M &#8211; Wei\u00df &#8211; <\/p>\n<p>Der Musto Fast Dry Breitkrempiger Hut verf\u00fcgt \u00fcber eine PFC-freie langlebige Wasserabweisende (DWR) Beschichtung, die Wasser abperlen und ablaufen l\u00e4sst, was schnellere Trocknungszeiten gew\u00e4hrleistet. Mit einem hohen Ultraviolettschutzfaktor (UPF) von 40 bietet dieser Hut hervorragenden Sonnenschutz. Au\u00dferdem verf\u00fcgt er \u00fcber einen Zugbandversteller, der den Hut bei windigem Wetter sicher h\u00e4lt, sowie \u00fcber einen Krempenknopf, um die Krempe bei Bedarf hochzuklappen. <br \/> Klicken Sie hier, um die genaue Gr\u00f6\u00dfe zu \u00fcberpr\u00fcfen:<\/p>\n","protected":false},"excerpt":{"rendered":"<p>Musto FD Breitkrempiger Hut Gr\u00f6\u00dfe S\/M &#8211; Wei\u00df &#8211; Der Musto Fast Dry Breitkrempiger Hut verf\u00fcgt \u00fcber eine PFC-freie langlebige<\/p>\n","protected":false},"featured_media":5754078,"comment_status":"open","ping_status":"closed","template":"","meta":[],"product_brand":[3155],"product_cat":[1567],"product_tag":[],"class_list":{"0":"post-5755748","1":"product","2":"type-product","3":"status-publish","4":"has-post-thumbnail","6":"product_brand-musto-de","7":"product_cat-segelbekleidung-musto","9":"first","10":"instock","11":"shipping-taxable","12":"purchasable","13":"product-type-simple"},"_links":{"self":[{"href":"https:\/\/stoic-curie.212-227-153-4.plesk.page\/de\/wp-json\/wp\/v2\/product\/5755748","targetHints":{"allow":["GET"]}}],"collection":[{"href":"https:\/\/stoic-curie.212-227-153-4.plesk.page\/de\/wp-json\/wp\/v2\/product"}],"about":[{"href":"https:\/\/stoic-curie.212-227-153-4.plesk.page\/de\/wp-json\/wp\/v2\/types\/product"}],"replies":[{"embeddable":true,"href":"https:\/\/stoic-curie.212-227-153-4.plesk.page\/de\/wp-json\/wp\/v2\/comments?post=5755748"}],"version-history":[{"count":0,"href":"https:\/\/stoic-curie.212-227-153-4.plesk.page\/de\/wp-json\/wp\/v2\/product\/5755748\/revisions"}],"wp:featuredmedia":[{"embeddable":true,"href":"https:\/\/stoic-curie.212-227-153-4.plesk.page\/de\/wp-json\/wp\/v2\/media\/5754078"}],"wp:attachment":[{"href":"https:\/\/stoic-curie.212-227-153-4.plesk.page\/de\/wp-json\/wp\/v2\/media?parent=5755748"}],"wp:term":[{"taxonomy":"product_brand","embeddable":true,"href":"https:\/\/stoic-curie.212-227-153-4.plesk.page\/de\/wp-json\/wp\/v2\/product_brand?post=5755748"},{"taxonomy":"product_cat","embeddable":true,"href":"https:\/\/stoic-curie.212-227-153-4.plesk.page\/de\/wp-json\/wp\/v2\/product_cat?post=5755748"},{"taxonomy":"product_tag","embeddable":true,"href":"https:\/\/stoic-curie.212-227-153-4.plesk.page\/de\/wp-json\/wp\/v2\/product_tag?post=5755748"}],"curies":[{"name":"wp","href":"https:\/\/api.w.org\/{rel}","templated":true}]}}