{"id":5755749,"date":"2026-02-12T13:31:44","date_gmt":"2026-02-12T12:31:44","guid":{"rendered":"https:\/\/stoic-curie.212-227-153-4.plesk.page\/product\/musto-fd-breiter-hut-groesse-l-xl-weiss\/"},"modified":"2026-02-24T23:35:53","modified_gmt":"2026-02-24T23:35:53","slug":"musto-fd-breiter-hut-groesse-l-xl-weiss","status":"publish","type":"product","link":"https:\/\/stoic-curie.212-227-153-4.plesk.page\/de\/product\/musto-fd-breiter-hut-groesse-l-xl-weiss\/","title":{"rendered":"Musto FD Breiter Hut Gr\u00f6\u00dfe L\/XL &#8211; Wei\u00df"},"content":{"rendered":"<p>Musto FD Breiter Hut Gr\u00f6\u00dfe L\/XL &#8211; Wei\u00df &#8211; <\/p>\n<p>Der Musto Fast Dry Breiter Hut verf\u00fcgt \u00fcber eine PFC-freie, langlebige wasserabweisende (DWR) Beschichtung, die Wasser abperlen und ablaufen l\u00e4sst, was schnellere Trockenzeiten erm\u00f6glicht. Mit einem hohen UV-Schutzfaktor (UPF) von 40 bietet dieser Hut hervorragenden Sonnenschutz. Der Zugbandversteller sorgt daf\u00fcr, dass der Hut bei Wind sicher sitzt, w\u00e4hrend der Schirmknopf es erm\u00f6glicht, den Schirm hochzuhalten und aus dem Weg zu halten, wenn gew\u00fcnscht. <a>Klicken Sie hier, um die genaue Gr\u00f6\u00dfe zu \u00fcberpr\u00fcfen.<\/a><\/p>\n","protected":false},"excerpt":{"rendered":"<p>Musto FD Breiter Hut Gr\u00f6\u00dfe L\/XL &#8211; Wei\u00df &#8211; Der Musto Fast Dry Breiter Hut verf\u00fcgt \u00fcber eine PFC-freie, langlebige<\/p>\n","protected":false},"featured_media":5754078,"comment_status":"open","ping_status":"closed","template":"","meta":[],"product_brand":[3155],"product_cat":[1567],"product_tag":[],"class_list":{"0":"post-5755749","1":"product","2":"type-product","3":"status-publish","4":"has-post-thumbnail","6":"product_brand-musto-de","7":"product_cat-segelbekleidung-musto","9":"first","10":"instock","11":"shipping-taxable","12":"purchasable","13":"product-type-simple"},"_links":{"self":[{"href":"https:\/\/stoic-curie.212-227-153-4.plesk.page\/de\/wp-json\/wp\/v2\/product\/5755749","targetHints":{"allow":["GET"]}}],"collection":[{"href":"https:\/\/stoic-curie.212-227-153-4.plesk.page\/de\/wp-json\/wp\/v2\/product"}],"about":[{"href":"https:\/\/stoic-curie.212-227-153-4.plesk.page\/de\/wp-json\/wp\/v2\/types\/product"}],"replies":[{"embeddable":true,"href":"https:\/\/stoic-curie.212-227-153-4.plesk.page\/de\/wp-json\/wp\/v2\/comments?post=5755749"}],"version-history":[{"count":0,"href":"https:\/\/stoic-curie.212-227-153-4.plesk.page\/de\/wp-json\/wp\/v2\/product\/5755749\/revisions"}],"wp:featuredmedia":[{"embeddable":true,"href":"https:\/\/stoic-curie.212-227-153-4.plesk.page\/de\/wp-json\/wp\/v2\/media\/5754078"}],"wp:attachment":[{"href":"https:\/\/stoic-curie.212-227-153-4.plesk.page\/de\/wp-json\/wp\/v2\/media?parent=5755749"}],"wp:term":[{"taxonomy":"product_brand","embeddable":true,"href":"https:\/\/stoic-curie.212-227-153-4.plesk.page\/de\/wp-json\/wp\/v2\/product_brand?post=5755749"},{"taxonomy":"product_cat","embeddable":true,"href":"https:\/\/stoic-curie.212-227-153-4.plesk.page\/de\/wp-json\/wp\/v2\/product_cat?post=5755749"},{"taxonomy":"product_tag","embeddable":true,"href":"https:\/\/stoic-curie.212-227-153-4.plesk.page\/de\/wp-json\/wp\/v2\/product_tag?post=5755749"}],"curies":[{"name":"wp","href":"https:\/\/api.w.org\/{rel}","templated":true}]}}