{"id":5755750,"date":"2026-02-12T13:31:45","date_gmt":"2026-02-12T12:31:45","guid":{"rendered":"https:\/\/stoic-curie.212-227-153-4.plesk.page\/product\/musto-shaker-cuff-beanie-schwarz\/"},"modified":"2026-02-24T23:35:53","modified_gmt":"2026-02-24T23:35:53","slug":"musto-shaker-cuff-beanie-schwarz","status":"publish","type":"product","link":"https:\/\/stoic-curie.212-227-153-4.plesk.page\/de\/product\/musto-shaker-cuff-beanie-schwarz\/","title":{"rendered":"Musto Shaker Cuff Beanie &#8211; Schwarz"},"content":{"rendered":"<p>Musto Shaker Cuff Beanie &#8211; Schwarz &#8211; <\/p>\n<p>Vielseitig, warm und \u00e4u\u00dferst bequem ist die Musto Shaker Cuff Beanie aus 100% Acryl gefertigt und bietet Weichheit, Strapazierf\u00e4higkeit und schnelle Trocknung. Das doppellagige 12-Gang-Strickdesign f\u00e4ngt warme Luft und h\u00e4lt die Elemente fern. Die Beanie hat ein dezentes Logo auf einem strapazierf\u00e4higen Hypalon-Tag.<\/p>\n","protected":false},"excerpt":{"rendered":"<p>Musto Shaker Cuff Beanie &#8211; Schwarz &#8211; Vielseitig, warm und \u00e4u\u00dferst bequem ist die Musto Shaker Cuff Beanie aus 100%<\/p>\n","protected":false},"featured_media":5754144,"comment_status":"open","ping_status":"closed","template":"","meta":[],"product_brand":[3155],"product_cat":[1567],"product_tag":[],"class_list":{"0":"post-5755750","1":"product","2":"type-product","3":"status-publish","4":"has-post-thumbnail","6":"product_brand-musto-de","7":"product_cat-segelbekleidung-musto","9":"first","10":"instock","11":"shipping-taxable","12":"purchasable","13":"product-type-simple"},"_links":{"self":[{"href":"https:\/\/stoic-curie.212-227-153-4.plesk.page\/de\/wp-json\/wp\/v2\/product\/5755750","targetHints":{"allow":["GET"]}}],"collection":[{"href":"https:\/\/stoic-curie.212-227-153-4.plesk.page\/de\/wp-json\/wp\/v2\/product"}],"about":[{"href":"https:\/\/stoic-curie.212-227-153-4.plesk.page\/de\/wp-json\/wp\/v2\/types\/product"}],"replies":[{"embeddable":true,"href":"https:\/\/stoic-curie.212-227-153-4.plesk.page\/de\/wp-json\/wp\/v2\/comments?post=5755750"}],"version-history":[{"count":0,"href":"https:\/\/stoic-curie.212-227-153-4.plesk.page\/de\/wp-json\/wp\/v2\/product\/5755750\/revisions"}],"wp:featuredmedia":[{"embeddable":true,"href":"https:\/\/stoic-curie.212-227-153-4.plesk.page\/de\/wp-json\/wp\/v2\/media\/5754144"}],"wp:attachment":[{"href":"https:\/\/stoic-curie.212-227-153-4.plesk.page\/de\/wp-json\/wp\/v2\/media?parent=5755750"}],"wp:term":[{"taxonomy":"product_brand","embeddable":true,"href":"https:\/\/stoic-curie.212-227-153-4.plesk.page\/de\/wp-json\/wp\/v2\/product_brand?post=5755750"},{"taxonomy":"product_cat","embeddable":true,"href":"https:\/\/stoic-curie.212-227-153-4.plesk.page\/de\/wp-json\/wp\/v2\/product_cat?post=5755750"},{"taxonomy":"product_tag","embeddable":true,"href":"https:\/\/stoic-curie.212-227-153-4.plesk.page\/de\/wp-json\/wp\/v2\/product_tag?post=5755750"}],"curies":[{"name":"wp","href":"https:\/\/api.w.org\/{rel}","templated":true}]}}