{"id":5774572,"date":"2026-02-13T13:56:52","date_gmt":"2026-02-13T12:56:52","guid":{"rendered":"https:\/\/stoic-curie.212-227-153-4.plesk.page\/product\/jobe-wet-gear-bag\/"},"modified":"2026-02-24T23:35:53","modified_gmt":"2026-02-24T23:35:53","slug":"jobe-wet-gear-bag","status":"publish","type":"product","link":"https:\/\/stoic-curie.212-227-153-4.plesk.page\/de\/product\/jobe-wet-gear-bag\/","title":{"rendered":"Jobe Wet Gear Bag"},"content":{"rendered":"<p>Jobe Wet Gear Bag &#8211; <\/p>\n<p>Die Jobe Wet Gear Bag mit breiter \u00d6ffnung erm\u00f6glicht es Ihnen, Ihre nassen Ausr\u00fcstungsgegenst\u00e4nde ganz einfach zu transportieren. Sie verf\u00fcgt \u00fcber einen Neoprengriff f\u00fcr einen bequemen Transport, einen strapazierf\u00e4higen PVC-Boden und ein Mesh-Gewebe, das hilft, Wasser aus der Tasche abzulassen. Zus\u00e4tzlich gibt es zwei Karabiner, um die Tasche kopf\u00fcber aufzuh\u00e4ngen, sodass das Wasser effizient ablaufen kann, sowie einen sicheren Rei\u00dfverschlussverschluss an der Oberseite.<\/p>\n","protected":false},"excerpt":{"rendered":"<p>Jobe Wet Gear Bag &#8211; Die Jobe Wet Gear Bag mit breiter \u00d6ffnung erm\u00f6glicht es Ihnen, Ihre nassen Ausr\u00fcstungsgegenst\u00e4nde ganz<\/p>\n","protected":false},"featured_media":5772680,"comment_status":"open","ping_status":"closed","template":"","meta":[],"product_brand":[3040],"product_cat":[1568],"product_tag":[],"class_list":{"0":"post-5774572","1":"product","2":"type-product","3":"status-publish","4":"has-post-thumbnail","6":"product_brand-jobe-sports-de","7":"product_cat-trockensaecke","9":"first","10":"instock","11":"shipping-taxable","12":"purchasable","13":"product-type-simple"},"_links":{"self":[{"href":"https:\/\/stoic-curie.212-227-153-4.plesk.page\/de\/wp-json\/wp\/v2\/product\/5774572","targetHints":{"allow":["GET"]}}],"collection":[{"href":"https:\/\/stoic-curie.212-227-153-4.plesk.page\/de\/wp-json\/wp\/v2\/product"}],"about":[{"href":"https:\/\/stoic-curie.212-227-153-4.plesk.page\/de\/wp-json\/wp\/v2\/types\/product"}],"replies":[{"embeddable":true,"href":"https:\/\/stoic-curie.212-227-153-4.plesk.page\/de\/wp-json\/wp\/v2\/comments?post=5774572"}],"version-history":[{"count":0,"href":"https:\/\/stoic-curie.212-227-153-4.plesk.page\/de\/wp-json\/wp\/v2\/product\/5774572\/revisions"}],"wp:featuredmedia":[{"embeddable":true,"href":"https:\/\/stoic-curie.212-227-153-4.plesk.page\/de\/wp-json\/wp\/v2\/media\/5772680"}],"wp:attachment":[{"href":"https:\/\/stoic-curie.212-227-153-4.plesk.page\/de\/wp-json\/wp\/v2\/media?parent=5774572"}],"wp:term":[{"taxonomy":"product_brand","embeddable":true,"href":"https:\/\/stoic-curie.212-227-153-4.plesk.page\/de\/wp-json\/wp\/v2\/product_brand?post=5774572"},{"taxonomy":"product_cat","embeddable":true,"href":"https:\/\/stoic-curie.212-227-153-4.plesk.page\/de\/wp-json\/wp\/v2\/product_cat?post=5774572"},{"taxonomy":"product_tag","embeddable":true,"href":"https:\/\/stoic-curie.212-227-153-4.plesk.page\/de\/wp-json\/wp\/v2\/product_tag?post=5774572"}],"curies":[{"name":"wp","href":"https:\/\/api.w.org\/{rel}","templated":true}]}}