{"id":5774573,"date":"2026-02-13T13:56:52","date_gmt":"2026-02-13T12:56:52","guid":{"rendered":"https:\/\/stoic-curie.212-227-153-4.plesk.page\/product\/jobe-wasserdichter-tagesrucksack-20l\/"},"modified":"2026-02-24T23:35:53","modified_gmt":"2026-02-24T23:35:53","slug":"jobe-wasserdichter-tagesrucksack-20l","status":"publish","type":"product","link":"https:\/\/stoic-curie.212-227-153-4.plesk.page\/de\/product\/jobe-wasserdichter-tagesrucksack-20l\/","title":{"rendered":"Jobe Wasserdichter Tagesrucksack 20L"},"content":{"rendered":"<p>Jobe Wasserdichter Tagesrucksack 20L &#8211; <\/p>\n<p>Der Jobe Wasserdichter Tagesrucksack besteht aus einseitig beschichtetem 420D TPU-Material, das Ihre Ausr\u00fcstung trocken und frei von Wasser und Schmutz h\u00e4lt. Dieser Tagesrucksack bietet einen praktischen Griff, vier Karabinerhaken zur Befestigung der Tasche an Ihrem SUP-Board und zwei wasserabweisende Taschen auf der Au\u00dfenseite. Zudem verf\u00fcgt er \u00fcber Bungee-Kordeln, ein Laptoptasche f\u00fcr 15-Zoll-Laptops und zwei dehnbare Taschen f\u00fcr Wasserflaschen. Im Inneren finden Sie eine zus\u00e4tzliche Laptop-Tasche sowie verstellbare Schultergurte mit 3D-Mesh und einen verstellbaren Brustgurt f\u00fcr zus\u00e4tzlichen Komfort.<\/p>\n","protected":false},"excerpt":{"rendered":"<p>Jobe Wasserdichter Tagesrucksack 20L &#8211; Der Jobe Wasserdichter Tagesrucksack besteht aus einseitig beschichtetem 420D TPU-Material, das Ihre Ausr\u00fcstung trocken und<\/p>\n","protected":false},"featured_media":5772683,"comment_status":"open","ping_status":"closed","template":"","meta":[],"product_brand":[3040],"product_cat":[1568],"product_tag":[],"class_list":{"0":"post-5774573","1":"product","2":"type-product","3":"status-publish","4":"has-post-thumbnail","6":"product_brand-jobe-sports-de","7":"product_cat-trockensaecke","9":"first","10":"instock","11":"shipping-taxable","12":"purchasable","13":"product-type-simple"},"_links":{"self":[{"href":"https:\/\/stoic-curie.212-227-153-4.plesk.page\/de\/wp-json\/wp\/v2\/product\/5774573","targetHints":{"allow":["GET"]}}],"collection":[{"href":"https:\/\/stoic-curie.212-227-153-4.plesk.page\/de\/wp-json\/wp\/v2\/product"}],"about":[{"href":"https:\/\/stoic-curie.212-227-153-4.plesk.page\/de\/wp-json\/wp\/v2\/types\/product"}],"replies":[{"embeddable":true,"href":"https:\/\/stoic-curie.212-227-153-4.plesk.page\/de\/wp-json\/wp\/v2\/comments?post=5774573"}],"version-history":[{"count":0,"href":"https:\/\/stoic-curie.212-227-153-4.plesk.page\/de\/wp-json\/wp\/v2\/product\/5774573\/revisions"}],"wp:featuredmedia":[{"embeddable":true,"href":"https:\/\/stoic-curie.212-227-153-4.plesk.page\/de\/wp-json\/wp\/v2\/media\/5772683"}],"wp:attachment":[{"href":"https:\/\/stoic-curie.212-227-153-4.plesk.page\/de\/wp-json\/wp\/v2\/media?parent=5774573"}],"wp:term":[{"taxonomy":"product_brand","embeddable":true,"href":"https:\/\/stoic-curie.212-227-153-4.plesk.page\/de\/wp-json\/wp\/v2\/product_brand?post=5774573"},{"taxonomy":"product_cat","embeddable":true,"href":"https:\/\/stoic-curie.212-227-153-4.plesk.page\/de\/wp-json\/wp\/v2\/product_cat?post=5774573"},{"taxonomy":"product_tag","embeddable":true,"href":"https:\/\/stoic-curie.212-227-153-4.plesk.page\/de\/wp-json\/wp\/v2\/product_tag?post=5774573"}],"curies":[{"name":"wp","href":"https:\/\/api.w.org\/{rel}","templated":true}]}}