{"id":5774574,"date":"2026-02-13T13:56:53","date_gmt":"2026-02-13T12:56:53","guid":{"rendered":"https:\/\/stoic-curie.212-227-153-4.plesk.page\/product\/jobe-wasserdichte-kuehltasche-mit-20l-volumen-51-x-35-cm\/"},"modified":"2026-02-24T23:35:53","modified_gmt":"2026-02-24T23:35:53","slug":"jobe-wasserdichte-kuehltasche-mit-20l-volumen-51-x-35-cm","status":"publish","type":"product","link":"https:\/\/stoic-curie.212-227-153-4.plesk.page\/de\/product\/jobe-wasserdichte-kuehltasche-mit-20l-volumen-51-x-35-cm\/","title":{"rendered":"Jobe Wasserdichte K\u00fchltasche mit 20L Volumen (51 x 35 cm)"},"content":{"rendered":"<p>Jobe Wasserdichte K\u00fchltasche mit 20L Volumen (51 x 35 cm) &#8211; <\/p>\n<p>Entdecken Sie die Jobe Wasserdichte K\u00fchltasche, die mit doppelt beschichtetem 420D TPU f\u00fcr \u00fcberragende Haltbarkeit ausgestattet ist. Sie verf\u00fcgt \u00fcber eine Isolierfolie mit TPU-Beschichtung, um Ihre Getr\u00e4nke k\u00fchl zu halten. Die K\u00fchltasche enth\u00e4lt einen Neopren-Griff, verstellbare Schulterriemen mit 3D-Mesh f\u00fcr Komfort, einen verstellbaren Brustgurt, Bungee f\u00fcr zus\u00e4tzlichen Stauraum und vier Karabinerclips, um die Tasche sicher an einem SUP-Board zu befestigen. Au\u00dferdem gibt es eine wasserabweisende Tasche auf der Au\u00dfenseite f\u00fcr Ihre Essentials.<\/p>\n","protected":false},"excerpt":{"rendered":"<p>Jobe Wasserdichte K\u00fchltasche mit 20L Volumen (51 x 35 cm) &#8211; Entdecken Sie die Jobe Wasserdichte K\u00fchltasche, die mit doppelt<\/p>\n","protected":false},"featured_media":5772687,"comment_status":"open","ping_status":"closed","template":"","meta":[],"product_brand":[3040],"product_cat":[1568],"product_tag":[],"class_list":{"0":"post-5774574","1":"product","2":"type-product","3":"status-publish","4":"has-post-thumbnail","6":"product_brand-jobe-sports-de","7":"product_cat-trockensaecke","9":"first","10":"instock","11":"shipping-taxable","12":"purchasable","13":"product-type-simple"},"_links":{"self":[{"href":"https:\/\/stoic-curie.212-227-153-4.plesk.page\/de\/wp-json\/wp\/v2\/product\/5774574","targetHints":{"allow":["GET"]}}],"collection":[{"href":"https:\/\/stoic-curie.212-227-153-4.plesk.page\/de\/wp-json\/wp\/v2\/product"}],"about":[{"href":"https:\/\/stoic-curie.212-227-153-4.plesk.page\/de\/wp-json\/wp\/v2\/types\/product"}],"replies":[{"embeddable":true,"href":"https:\/\/stoic-curie.212-227-153-4.plesk.page\/de\/wp-json\/wp\/v2\/comments?post=5774574"}],"version-history":[{"count":0,"href":"https:\/\/stoic-curie.212-227-153-4.plesk.page\/de\/wp-json\/wp\/v2\/product\/5774574\/revisions"}],"wp:featuredmedia":[{"embeddable":true,"href":"https:\/\/stoic-curie.212-227-153-4.plesk.page\/de\/wp-json\/wp\/v2\/media\/5772687"}],"wp:attachment":[{"href":"https:\/\/stoic-curie.212-227-153-4.plesk.page\/de\/wp-json\/wp\/v2\/media?parent=5774574"}],"wp:term":[{"taxonomy":"product_brand","embeddable":true,"href":"https:\/\/stoic-curie.212-227-153-4.plesk.page\/de\/wp-json\/wp\/v2\/product_brand?post=5774574"},{"taxonomy":"product_cat","embeddable":true,"href":"https:\/\/stoic-curie.212-227-153-4.plesk.page\/de\/wp-json\/wp\/v2\/product_cat?post=5774574"},{"taxonomy":"product_tag","embeddable":true,"href":"https:\/\/stoic-curie.212-227-153-4.plesk.page\/de\/wp-json\/wp\/v2\/product_tag?post=5774574"}],"curies":[{"name":"wp","href":"https:\/\/api.w.org\/{rel}","templated":true}]}}