{"id":5774575,"date":"2026-02-13T13:56:54","date_gmt":"2026-02-13T12:56:54","guid":{"rendered":"https:\/\/stoic-curie.212-227-153-4.plesk.page\/product\/aquapac-keymaster-wasserdichtes-gehaeuse-130x80mm-ref-604b\/"},"modified":"2026-02-24T23:35:53","modified_gmt":"2026-02-24T23:35:53","slug":"aquapac-keymaster-wasserdichtes-gehaeuse-130x80mm-ref-604b","status":"publish","type":"product","link":"https:\/\/stoic-curie.212-227-153-4.plesk.page\/de\/product\/aquapac-keymaster-wasserdichtes-gehaeuse-130x80mm-ref-604b\/","title":{"rendered":"Aquapac Keymaster Wasserdichtes Geh\u00e4use 130x80mm Ref 604B"},"content":{"rendered":"<p>Aquapac Keymaster Wasserdichtes Geh\u00e4use 130x80mm Ref 604B &#8211; <\/p>\n<p>Dieses wasserdichte Geh\u00e4use kann bis zu 10 Meter untergetaucht werden und ist perfekt geeignet, um kleine Wertgegenst\u00e4nde wie Schl\u00fcssel, Kreditkarten und Bargeld sicher aufzubewahren. Es wird mit einem Lanyard zum einfachen Tragen geliefert.<\/p>\n","protected":false},"excerpt":{"rendered":"<p>Aquapac Keymaster Wasserdichtes Geh\u00e4use 130x80mm Ref 604B &#8211; Dieses wasserdichte Geh\u00e4use kann bis zu 10 Meter untergetaucht werden und ist<\/p>\n","protected":false},"featured_media":5772691,"comment_status":"open","ping_status":"closed","template":"","meta":[],"product_brand":[2795],"product_cat":[1568],"product_tag":[],"class_list":{"0":"post-5774575","1":"product","2":"type-product","3":"status-publish","4":"has-post-thumbnail","6":"product_brand-aquapac-de","7":"product_cat-trockensaecke","9":"first","10":"instock","11":"shipping-taxable","12":"purchasable","13":"product-type-simple"},"_links":{"self":[{"href":"https:\/\/stoic-curie.212-227-153-4.plesk.page\/de\/wp-json\/wp\/v2\/product\/5774575","targetHints":{"allow":["GET"]}}],"collection":[{"href":"https:\/\/stoic-curie.212-227-153-4.plesk.page\/de\/wp-json\/wp\/v2\/product"}],"about":[{"href":"https:\/\/stoic-curie.212-227-153-4.plesk.page\/de\/wp-json\/wp\/v2\/types\/product"}],"replies":[{"embeddable":true,"href":"https:\/\/stoic-curie.212-227-153-4.plesk.page\/de\/wp-json\/wp\/v2\/comments?post=5774575"}],"version-history":[{"count":0,"href":"https:\/\/stoic-curie.212-227-153-4.plesk.page\/de\/wp-json\/wp\/v2\/product\/5774575\/revisions"}],"wp:featuredmedia":[{"embeddable":true,"href":"https:\/\/stoic-curie.212-227-153-4.plesk.page\/de\/wp-json\/wp\/v2\/media\/5772691"}],"wp:attachment":[{"href":"https:\/\/stoic-curie.212-227-153-4.plesk.page\/de\/wp-json\/wp\/v2\/media?parent=5774575"}],"wp:term":[{"taxonomy":"product_brand","embeddable":true,"href":"https:\/\/stoic-curie.212-227-153-4.plesk.page\/de\/wp-json\/wp\/v2\/product_brand?post=5774575"},{"taxonomy":"product_cat","embeddable":true,"href":"https:\/\/stoic-curie.212-227-153-4.plesk.page\/de\/wp-json\/wp\/v2\/product_cat?post=5774575"},{"taxonomy":"product_tag","embeddable":true,"href":"https:\/\/stoic-curie.212-227-153-4.plesk.page\/de\/wp-json\/wp\/v2\/product_tag?post=5774575"}],"curies":[{"name":"wp","href":"https:\/\/api.w.org\/{rel}","templated":true}]}}