{"id":5774577,"date":"2026-02-13T13:56:55","date_gmt":"2026-02-13T12:56:55","guid":{"rendered":"https:\/\/stoic-curie.212-227-153-4.plesk.page\/product\/aquapac-kompakt-plus-wasserdichtes-handycase-150x190mm-ref-313-gruen\/"},"modified":"2026-02-24T23:35:53","modified_gmt":"2026-02-24T23:35:53","slug":"aquapac-kompakt-plus-wasserdichtes-handycase-150x190mm-ref-313-gruen","status":"publish","type":"product","link":"https:\/\/stoic-curie.212-227-153-4.plesk.page\/de\/product\/aquapac-kompakt-plus-wasserdichtes-handycase-150x190mm-ref-313-gruen\/","title":{"rendered":"Aquapac Kompakt Plus Wasserdichtes Handycase 150x190mm Ref 313 &#8211; Gr\u00fcn"},"content":{"rendered":"<p>Aquapac Kompakt Plus Wasserdichtes Handycase 150x190mm Ref 313 &#8211; Gr\u00fcn &#8211; <\/p>\n<p>Dieses wasserdichte Etui ist bis zu 10 m wasserdicht und speziell f\u00fcr Smartphones entwickelt. Das doppelte Lenzlex-Linsenfenster erm\u00f6glicht beeindruckende Fotos unter Wasser und dar\u00fcber, w\u00e4hrend Ihr Smartphone vollst\u00e4ndig gesch\u00fctzt bleibt. Alle Tasten, Funktionen und der Touchscreen funktionieren normal durch das Etui. Wird mit einem neuen 105 mm Autoclip und einer Lanyard geliefert.<\/p>\n","protected":false},"excerpt":{"rendered":"<p>Aquapac Kompakt Plus Wasserdichtes Handycase 150x190mm Ref 313 &#8211; Gr\u00fcn &#8211; Dieses wasserdichte Etui ist bis zu 10 m wasserdicht<\/p>\n","protected":false},"featured_media":5772696,"comment_status":"open","ping_status":"closed","template":"","meta":[],"product_brand":[2795],"product_cat":[1568],"product_tag":[],"class_list":{"0":"post-5774577","1":"product","2":"type-product","3":"status-publish","4":"has-post-thumbnail","6":"product_brand-aquapac-de","7":"product_cat-trockensaecke","9":"first","10":"instock","11":"shipping-taxable","12":"purchasable","13":"product-type-simple"},"_links":{"self":[{"href":"https:\/\/stoic-curie.212-227-153-4.plesk.page\/de\/wp-json\/wp\/v2\/product\/5774577","targetHints":{"allow":["GET"]}}],"collection":[{"href":"https:\/\/stoic-curie.212-227-153-4.plesk.page\/de\/wp-json\/wp\/v2\/product"}],"about":[{"href":"https:\/\/stoic-curie.212-227-153-4.plesk.page\/de\/wp-json\/wp\/v2\/types\/product"}],"replies":[{"embeddable":true,"href":"https:\/\/stoic-curie.212-227-153-4.plesk.page\/de\/wp-json\/wp\/v2\/comments?post=5774577"}],"version-history":[{"count":0,"href":"https:\/\/stoic-curie.212-227-153-4.plesk.page\/de\/wp-json\/wp\/v2\/product\/5774577\/revisions"}],"wp:featuredmedia":[{"embeddable":true,"href":"https:\/\/stoic-curie.212-227-153-4.plesk.page\/de\/wp-json\/wp\/v2\/media\/5772696"}],"wp:attachment":[{"href":"https:\/\/stoic-curie.212-227-153-4.plesk.page\/de\/wp-json\/wp\/v2\/media?parent=5774577"}],"wp:term":[{"taxonomy":"product_brand","embeddable":true,"href":"https:\/\/stoic-curie.212-227-153-4.plesk.page\/de\/wp-json\/wp\/v2\/product_brand?post=5774577"},{"taxonomy":"product_cat","embeddable":true,"href":"https:\/\/stoic-curie.212-227-153-4.plesk.page\/de\/wp-json\/wp\/v2\/product_cat?post=5774577"},{"taxonomy":"product_tag","embeddable":true,"href":"https:\/\/stoic-curie.212-227-153-4.plesk.page\/de\/wp-json\/wp\/v2\/product_tag?post=5774577"}],"curies":[{"name":"wp","href":"https:\/\/api.w.org\/{rel}","templated":true}]}}