{"id":5774578,"date":"2026-02-13T13:56:56","date_gmt":"2026-02-13T12:56:56","guid":{"rendered":"https:\/\/stoic-curie.212-227-153-4.plesk.page\/product\/aquapac-phone-max-impact-wasserdichtes-schwimmendes-etui-160x190mm-ref-334\/"},"modified":"2026-02-24T23:35:53","modified_gmt":"2026-02-24T23:35:53","slug":"aquapac-phone-max-impact-wasserdichtes-schwimmendes-etui-160x190mm-ref-334","status":"publish","type":"product","link":"https:\/\/stoic-curie.212-227-153-4.plesk.page\/de\/product\/aquapac-phone-max-impact-wasserdichtes-schwimmendes-etui-160x190mm-ref-334\/","title":{"rendered":"Aquapac Phone Max Impact Wasserdichtes Schwimmendes Etui 160x190mm Ref 334"},"content":{"rendered":"<p>Aquapac Phone Max Impact Wasserdichtes Schwimmendes Etui 160x190mm Ref 334 &#8211; <\/p>\n<p>Dieses wasserdichte Etui ist bis zu 10 Meter tauchf\u00e4hig, schwimmf\u00e4hig und sto\u00dffest, speziell f\u00fcr Smartphones entwickelt. Das doppelte Lenzlex-Linsenfenster erm\u00f6glicht es Ihnen, beeindruckende Fotos zu machen, egal ob Sie sich im oder au\u00dferhalb des Wassers befinden, w\u00e4hrend Ihr Smartphone vollst\u00e4ndig gesch\u00fctzt bleibt. Alle Tasten, Funktionen und der Touchscreen funktionieren normal durch das Etui. Es ist ausgestattet mit einer 5 mm dicken Schaumstoffr\u00fcckwand f\u00fcr Sto\u00dfschutz und einem 50 cm verstellbaren Lanyard. C = Innenumfang.<\/p>\n","protected":false},"excerpt":{"rendered":"<p>Aquapac Phone Max Impact Wasserdichtes Schwimmendes Etui 160x190mm Ref 334 &#8211; Dieses wasserdichte Etui ist bis zu 10 Meter tauchf\u00e4hig,<\/p>\n","protected":false},"featured_media":5772712,"comment_status":"open","ping_status":"closed","template":"","meta":[],"product_brand":[2795],"product_cat":[1568],"product_tag":[],"class_list":{"0":"post-5774578","1":"product","2":"type-product","3":"status-publish","4":"has-post-thumbnail","6":"product_brand-aquapac-de","7":"product_cat-trockensaecke","9":"first","10":"instock","11":"shipping-taxable","12":"purchasable","13":"product-type-simple"},"_links":{"self":[{"href":"https:\/\/stoic-curie.212-227-153-4.plesk.page\/de\/wp-json\/wp\/v2\/product\/5774578","targetHints":{"allow":["GET"]}}],"collection":[{"href":"https:\/\/stoic-curie.212-227-153-4.plesk.page\/de\/wp-json\/wp\/v2\/product"}],"about":[{"href":"https:\/\/stoic-curie.212-227-153-4.plesk.page\/de\/wp-json\/wp\/v2\/types\/product"}],"replies":[{"embeddable":true,"href":"https:\/\/stoic-curie.212-227-153-4.plesk.page\/de\/wp-json\/wp\/v2\/comments?post=5774578"}],"version-history":[{"count":0,"href":"https:\/\/stoic-curie.212-227-153-4.plesk.page\/de\/wp-json\/wp\/v2\/product\/5774578\/revisions"}],"wp:featuredmedia":[{"embeddable":true,"href":"https:\/\/stoic-curie.212-227-153-4.plesk.page\/de\/wp-json\/wp\/v2\/media\/5772712"}],"wp:attachment":[{"href":"https:\/\/stoic-curie.212-227-153-4.plesk.page\/de\/wp-json\/wp\/v2\/media?parent=5774578"}],"wp:term":[{"taxonomy":"product_brand","embeddable":true,"href":"https:\/\/stoic-curie.212-227-153-4.plesk.page\/de\/wp-json\/wp\/v2\/product_brand?post=5774578"},{"taxonomy":"product_cat","embeddable":true,"href":"https:\/\/stoic-curie.212-227-153-4.plesk.page\/de\/wp-json\/wp\/v2\/product_cat?post=5774578"},{"taxonomy":"product_tag","embeddable":true,"href":"https:\/\/stoic-curie.212-227-153-4.plesk.page\/de\/wp-json\/wp\/v2\/product_tag?post=5774578"}],"curies":[{"name":"wp","href":"https:\/\/api.w.org\/{rel}","templated":true}]}}