{"id":5774579,"date":"2026-02-13T13:56:56","date_gmt":"2026-02-13T12:56:56","guid":{"rendered":"https:\/\/stoic-curie.212-227-153-4.plesk.page\/product\/fidlock-wasserdichte-armband-tasche\/"},"modified":"2026-02-24T23:35:53","modified_gmt":"2026-02-24T23:35:53","slug":"fidlock-wasserdichte-armband-tasche","status":"publish","type":"product","link":"https:\/\/stoic-curie.212-227-153-4.plesk.page\/de\/product\/fidlock-wasserdichte-armband-tasche\/","title":{"rendered":"Fidlock Wasserdichte Armband Tasche"},"content":{"rendered":"<p>Fidlock Wasserdichte Armband Tasche &#8211; <\/p>\n<p>Wasserdichtes Armband mit patentierter Gooper\u00ae Technologie, einem automatischen hermetischen Schlie\u00dfsystem, das Ihr Handy w\u00e4hrend Outdoor-Aktivit\u00e4ten vor Staub und Feuchtigkeit sch\u00fctzt. Es verf\u00fcgt \u00fcber ein hautfreundliches elastisches Band, eine zus\u00e4tzliche Bandverl\u00e4ngerung und erm\u00f6glicht die Nutzung des Smartphones durch die H\u00fclle, wodurch die L\u00e4nge einfach an gr\u00f6\u00dfere Gr\u00f6\u00dfen angepasst werden kann.<\/p>\n","protected":false},"excerpt":{"rendered":"<p>Fidlock Wasserdichte Armband Tasche &#8211; Wasserdichtes Armband mit patentierter Gooper\u00ae Technologie, einem automatischen hermetischen Schlie\u00dfsystem, das Ihr Handy w\u00e4hrend Outdoor-Aktivit\u00e4ten<\/p>\n","protected":false},"featured_media":5772718,"comment_status":"open","ping_status":"closed","template":"","meta":[],"product_brand":[2795],"product_cat":[1568],"product_tag":[],"class_list":{"0":"post-5774579","1":"product","2":"type-product","3":"status-publish","4":"has-post-thumbnail","6":"product_brand-aquapac-de","7":"product_cat-trockensaecke","9":"first","10":"instock","11":"shipping-taxable","12":"purchasable","13":"product-type-simple"},"_links":{"self":[{"href":"https:\/\/stoic-curie.212-227-153-4.plesk.page\/de\/wp-json\/wp\/v2\/product\/5774579","targetHints":{"allow":["GET"]}}],"collection":[{"href":"https:\/\/stoic-curie.212-227-153-4.plesk.page\/de\/wp-json\/wp\/v2\/product"}],"about":[{"href":"https:\/\/stoic-curie.212-227-153-4.plesk.page\/de\/wp-json\/wp\/v2\/types\/product"}],"replies":[{"embeddable":true,"href":"https:\/\/stoic-curie.212-227-153-4.plesk.page\/de\/wp-json\/wp\/v2\/comments?post=5774579"}],"version-history":[{"count":0,"href":"https:\/\/stoic-curie.212-227-153-4.plesk.page\/de\/wp-json\/wp\/v2\/product\/5774579\/revisions"}],"wp:featuredmedia":[{"embeddable":true,"href":"https:\/\/stoic-curie.212-227-153-4.plesk.page\/de\/wp-json\/wp\/v2\/media\/5772718"}],"wp:attachment":[{"href":"https:\/\/stoic-curie.212-227-153-4.plesk.page\/de\/wp-json\/wp\/v2\/media?parent=5774579"}],"wp:term":[{"taxonomy":"product_brand","embeddable":true,"href":"https:\/\/stoic-curie.212-227-153-4.plesk.page\/de\/wp-json\/wp\/v2\/product_brand?post=5774579"},{"taxonomy":"product_cat","embeddable":true,"href":"https:\/\/stoic-curie.212-227-153-4.plesk.page\/de\/wp-json\/wp\/v2\/product_cat?post=5774579"},{"taxonomy":"product_tag","embeddable":true,"href":"https:\/\/stoic-curie.212-227-153-4.plesk.page\/de\/wp-json\/wp\/v2\/product_tag?post=5774579"}],"curies":[{"name":"wp","href":"https:\/\/api.w.org\/{rel}","templated":true}]}}