{"id":5774580,"date":"2026-02-13T13:56:57","date_gmt":"2026-02-13T12:56:57","guid":{"rendered":"https:\/\/stoic-curie.212-227-153-4.plesk.page\/product\/fidlock-brusttasche-wasserdichtes-etui\/"},"modified":"2026-02-24T23:35:57","modified_gmt":"2026-02-24T23:35:57","slug":"fidlock-brusttasche-wasserdichtes-etui","status":"publish","type":"product","link":"https:\/\/stoic-curie.212-227-153-4.plesk.page\/de\/product\/fidlock-brusttasche-wasserdichtes-etui\/","title":{"rendered":"Fidlock Brusttasche Wasserdichtes Etui"},"content":{"rendered":"<p>Fidlock Brusttasche Wasserdichtes Etui &#8211; <\/p>\n<p>Wasserdichtes Armband mit patentierter Gooper\u00ae-Technologie, einem automatischen hermetischen Verschlusssystem, das Ihr Telefon w\u00e4hrend Outdoor-Aktivit\u00e4ten vor Staub und Feuchtigkeit sch\u00fctzt. Es verf\u00fcgt \u00fcber ein verstellbares Gurtsystem f\u00fcr einen idealen Sitz, eine schnelll\u00f6sbare FIDLOCK-Magnetverschluss und erm\u00f6glicht die Nutzung Ihres Smartphones durch das Etui.<\/p>\n","protected":false},"excerpt":{"rendered":"<p>Fidlock Brusttasche Wasserdichtes Etui &#8211; Wasserdichtes Armband mit patentierter Gooper\u00ae-Technologie, einem automatischen hermetischen Verschlusssystem, das Ihr Telefon w\u00e4hrend Outdoor-Aktivit\u00e4ten vor<\/p>\n","protected":false},"featured_media":5772724,"comment_status":"open","ping_status":"closed","template":"","meta":[],"product_brand":[2795],"product_cat":[1568],"product_tag":[],"class_list":{"0":"post-5774580","1":"product","2":"type-product","3":"status-publish","4":"has-post-thumbnail","6":"product_brand-aquapac-de","7":"product_cat-trockensaecke","9":"first","10":"instock","11":"shipping-taxable","12":"purchasable","13":"product-type-simple"},"_links":{"self":[{"href":"https:\/\/stoic-curie.212-227-153-4.plesk.page\/de\/wp-json\/wp\/v2\/product\/5774580","targetHints":{"allow":["GET"]}}],"collection":[{"href":"https:\/\/stoic-curie.212-227-153-4.plesk.page\/de\/wp-json\/wp\/v2\/product"}],"about":[{"href":"https:\/\/stoic-curie.212-227-153-4.plesk.page\/de\/wp-json\/wp\/v2\/types\/product"}],"replies":[{"embeddable":true,"href":"https:\/\/stoic-curie.212-227-153-4.plesk.page\/de\/wp-json\/wp\/v2\/comments?post=5774580"}],"version-history":[{"count":0,"href":"https:\/\/stoic-curie.212-227-153-4.plesk.page\/de\/wp-json\/wp\/v2\/product\/5774580\/revisions"}],"wp:featuredmedia":[{"embeddable":true,"href":"https:\/\/stoic-curie.212-227-153-4.plesk.page\/de\/wp-json\/wp\/v2\/media\/5772724"}],"wp:attachment":[{"href":"https:\/\/stoic-curie.212-227-153-4.plesk.page\/de\/wp-json\/wp\/v2\/media?parent=5774580"}],"wp:term":[{"taxonomy":"product_brand","embeddable":true,"href":"https:\/\/stoic-curie.212-227-153-4.plesk.page\/de\/wp-json\/wp\/v2\/product_brand?post=5774580"},{"taxonomy":"product_cat","embeddable":true,"href":"https:\/\/stoic-curie.212-227-153-4.plesk.page\/de\/wp-json\/wp\/v2\/product_cat?post=5774580"},{"taxonomy":"product_tag","embeddable":true,"href":"https:\/\/stoic-curie.212-227-153-4.plesk.page\/de\/wp-json\/wp\/v2\/product_tag?post=5774580"}],"curies":[{"name":"wp","href":"https:\/\/api.w.org\/{rel}","templated":true}]}}