{"id":5774582,"date":"2026-02-13T13:56:59","date_gmt":"2026-02-13T12:56:59","guid":{"rendered":"https:\/\/stoic-curie.212-227-153-4.plesk.page\/product\/fidlock-sling-bag-wasserdichtes-etui\/"},"modified":"2026-02-24T23:35:57","modified_gmt":"2026-02-24T23:35:57","slug":"fidlock-sling-bag-wasserdichtes-etui","status":"publish","type":"product","link":"https:\/\/stoic-curie.212-227-153-4.plesk.page\/de\/product\/fidlock-sling-bag-wasserdichtes-etui\/","title":{"rendered":"Fidlock Sling Bag Wasserdichtes Etui"},"content":{"rendered":"<p>Fidlock Sling Bag Wasserdichtes Etui &#8211; <\/p>\n<p>Wasserdichtes G\u00fcrteletui mit patentierter Gooper\u00c2\u00ae-Technologie, einem automatischen hermetischen Verschlusssystem, das all Ihre pers\u00f6nlichen Sachen sicher verstaut. Ideal f\u00fcr Outdoor-Aktivit\u00e4ten kann es auch als Umh\u00e4ngetasche verwendet werden, um Smartphones, Dokumente, Schl\u00fcssel und Geld zu transportieren. Komplett mit einem Schnellverschlussriemen mit FIDLOCK-Magnetverschluss.<\/p>\n","protected":false},"excerpt":{"rendered":"<p>Fidlock Sling Bag Wasserdichtes Etui &#8211; Wasserdichtes G\u00fcrteletui mit patentierter Gooper\u00c2\u00ae-Technologie, einem automatischen hermetischen Verschlusssystem, das all Ihre pers\u00f6nlichen Sachen<\/p>\n","protected":false},"featured_media":5772736,"comment_status":"open","ping_status":"closed","template":"","meta":[],"product_brand":[2795],"product_cat":[1568],"product_tag":[],"class_list":{"0":"post-5774582","1":"product","2":"type-product","3":"status-publish","4":"has-post-thumbnail","6":"product_brand-aquapac-de","7":"product_cat-trockensaecke","9":"first","10":"instock","11":"shipping-taxable","12":"purchasable","13":"product-type-simple"},"_links":{"self":[{"href":"https:\/\/stoic-curie.212-227-153-4.plesk.page\/de\/wp-json\/wp\/v2\/product\/5774582","targetHints":{"allow":["GET"]}}],"collection":[{"href":"https:\/\/stoic-curie.212-227-153-4.plesk.page\/de\/wp-json\/wp\/v2\/product"}],"about":[{"href":"https:\/\/stoic-curie.212-227-153-4.plesk.page\/de\/wp-json\/wp\/v2\/types\/product"}],"replies":[{"embeddable":true,"href":"https:\/\/stoic-curie.212-227-153-4.plesk.page\/de\/wp-json\/wp\/v2\/comments?post=5774582"}],"version-history":[{"count":0,"href":"https:\/\/stoic-curie.212-227-153-4.plesk.page\/de\/wp-json\/wp\/v2\/product\/5774582\/revisions"}],"wp:featuredmedia":[{"embeddable":true,"href":"https:\/\/stoic-curie.212-227-153-4.plesk.page\/de\/wp-json\/wp\/v2\/media\/5772736"}],"wp:attachment":[{"href":"https:\/\/stoic-curie.212-227-153-4.plesk.page\/de\/wp-json\/wp\/v2\/media?parent=5774582"}],"wp:term":[{"taxonomy":"product_brand","embeddable":true,"href":"https:\/\/stoic-curie.212-227-153-4.plesk.page\/de\/wp-json\/wp\/v2\/product_brand?post=5774582"},{"taxonomy":"product_cat","embeddable":true,"href":"https:\/\/stoic-curie.212-227-153-4.plesk.page\/de\/wp-json\/wp\/v2\/product_cat?post=5774582"},{"taxonomy":"product_tag","embeddable":true,"href":"https:\/\/stoic-curie.212-227-153-4.plesk.page\/de\/wp-json\/wp\/v2\/product_tag?post=5774582"}],"curies":[{"name":"wp","href":"https:\/\/api.w.org\/{rel}","templated":true}]}}