{"id":5774583,"date":"2026-02-13T13:56:59","date_gmt":"2026-02-13T12:56:59","guid":{"rendered":"https:\/\/stoic-curie.212-227-153-4.plesk.page\/product\/edelstahl-ratschenzug-50-mm-x-6-m-3000-kg-bruchlast\/"},"modified":"2026-02-24T23:35:57","modified_gmt":"2026-02-24T23:35:57","slug":"edelstahl-ratschenzug-50-mm-x-6-m-3000-kg-bruchlast","status":"publish","type":"product","link":"https:\/\/stoic-curie.212-227-153-4.plesk.page\/de\/product\/edelstahl-ratschenzug-50-mm-x-6-m-3000-kg-bruchlast\/","title":{"rendered":"Edelstahl-Ratschenzug 50 mm x 6 m &#8211; 3000 kg Bruchlast"},"content":{"rendered":"<p>Edelstahl-Ratschenzug 50 mm x 6 m &#8211; 3000 kg Bruchlast &#8211; <\/p>\n<p>Dieser Ratschenzug verf\u00fcgt \u00fcber ein Hochfestes Polyesterband und eine Edelstahll Ratsche, die ideal zum Sichern von Lasten auf Booten, Br\u00fccken, Lader\u00e4umen, Wagen und Fahrzeugen ist. CE-gepr\u00fcft gem\u00e4\u00df EN 12195-2.<\/p>\n","protected":false},"excerpt":{"rendered":"<p>Edelstahl-Ratschenzug 50 mm x 6 m &#8211; 3000 kg Bruchlast &#8211; Dieser Ratschenzug verf\u00fcgt \u00fcber ein Hochfestes Polyesterband und eine<\/p>\n","protected":false},"featured_media":5772747,"comment_status":"open","ping_status":"closed","template":"","meta":[],"product_brand":[2890],"product_cat":[1551],"product_tag":[],"class_list":{"0":"post-5774583","1":"product","2":"type-product","3":"status-publish","4":"has-post-thumbnail","6":"product_brand-domar-de","7":"product_cat-gurte-und-spanngurte","9":"first","10":"instock","11":"shipping-taxable","12":"purchasable","13":"product-type-simple"},"_links":{"self":[{"href":"https:\/\/stoic-curie.212-227-153-4.plesk.page\/de\/wp-json\/wp\/v2\/product\/5774583","targetHints":{"allow":["GET"]}}],"collection":[{"href":"https:\/\/stoic-curie.212-227-153-4.plesk.page\/de\/wp-json\/wp\/v2\/product"}],"about":[{"href":"https:\/\/stoic-curie.212-227-153-4.plesk.page\/de\/wp-json\/wp\/v2\/types\/product"}],"replies":[{"embeddable":true,"href":"https:\/\/stoic-curie.212-227-153-4.plesk.page\/de\/wp-json\/wp\/v2\/comments?post=5774583"}],"version-history":[{"count":0,"href":"https:\/\/stoic-curie.212-227-153-4.plesk.page\/de\/wp-json\/wp\/v2\/product\/5774583\/revisions"}],"wp:featuredmedia":[{"embeddable":true,"href":"https:\/\/stoic-curie.212-227-153-4.plesk.page\/de\/wp-json\/wp\/v2\/media\/5772747"}],"wp:attachment":[{"href":"https:\/\/stoic-curie.212-227-153-4.plesk.page\/de\/wp-json\/wp\/v2\/media?parent=5774583"}],"wp:term":[{"taxonomy":"product_brand","embeddable":true,"href":"https:\/\/stoic-curie.212-227-153-4.plesk.page\/de\/wp-json\/wp\/v2\/product_brand?post=5774583"},{"taxonomy":"product_cat","embeddable":true,"href":"https:\/\/stoic-curie.212-227-153-4.plesk.page\/de\/wp-json\/wp\/v2\/product_cat?post=5774583"},{"taxonomy":"product_tag","embeddable":true,"href":"https:\/\/stoic-curie.212-227-153-4.plesk.page\/de\/wp-json\/wp\/v2\/product_tag?post=5774583"}],"curies":[{"name":"wp","href":"https:\/\/api.w.org\/{rel}","templated":true}]}}