{"id":5774586,"date":"2026-02-13T13:57:01","date_gmt":"2026-02-13T12:57:01","guid":{"rendered":"https:\/\/stoic-curie.212-227-153-4.plesk.page\/product\/gatorskinz-stufenpolster-mit-3m-kleber-102-x-406-mm-4x16\/"},"modified":"2026-02-24T23:35:57","modified_gmt":"2026-02-24T23:35:57","slug":"gatorskinz-stufenpolster-mit-3m-kleber-102-x-406-mm-4x16","status":"publish","type":"product","link":"https:\/\/stoic-curie.212-227-153-4.plesk.page\/de\/product\/gatorskinz-stufenpolster-mit-3m-kleber-102-x-406-mm-4x16\/","title":{"rendered":"Gatorskinz Stufenpolster mit 3M Kleber &#8211; 102 x 406 mm (4&#215;16&#8243;)"},"content":{"rendered":"<p>Gatorskinz Stufenpolster mit 3M Kleber &#8211; 102 x 406 mm (4&#215;16&#8243;) &#8211; <\/p>\n<p>Rutschfeste Stufenabdeckung aus reinem Polyurethan mit 3M-Kleber, bereit zur Anwendung. Ideal f\u00fcr Stufen, Gehwege und jede Oberfl\u00e4che, die rutschfesten Schutz ben\u00f6tigt. Die Anwendung mit 3M Primer 5722402 wird empfohlen. Verkauft in einer Blisterverpackung mit zwei St\u00fcck.<\/p>\n","protected":false},"excerpt":{"rendered":"<p>Gatorskinz Stufenpolster mit 3M Kleber &#8211; 102 x 406 mm (4&#215;16&#8243;) &#8211; Rutschfeste Stufenabdeckung aus reinem Polyurethan mit 3M-Kleber, bereit<\/p>\n","protected":false},"featured_media":5772754,"comment_status":"open","ping_status":"closed","template":"","meta":[],"product_brand":[2770],"product_cat":[1342],"product_tag":[],"class_list":{"0":"post-5774586","1":"product","2":"type-product","3":"status-publish","4":"has-post-thumbnail","6":"product_brand-3m-marine-de","7":"product_cat-anti-rutsch-band-und-rutschfeste-boeden","9":"first","10":"instock","11":"shipping-taxable","12":"purchasable","13":"product-type-simple"},"_links":{"self":[{"href":"https:\/\/stoic-curie.212-227-153-4.plesk.page\/de\/wp-json\/wp\/v2\/product\/5774586","targetHints":{"allow":["GET"]}}],"collection":[{"href":"https:\/\/stoic-curie.212-227-153-4.plesk.page\/de\/wp-json\/wp\/v2\/product"}],"about":[{"href":"https:\/\/stoic-curie.212-227-153-4.plesk.page\/de\/wp-json\/wp\/v2\/types\/product"}],"replies":[{"embeddable":true,"href":"https:\/\/stoic-curie.212-227-153-4.plesk.page\/de\/wp-json\/wp\/v2\/comments?post=5774586"}],"version-history":[{"count":0,"href":"https:\/\/stoic-curie.212-227-153-4.plesk.page\/de\/wp-json\/wp\/v2\/product\/5774586\/revisions"}],"wp:featuredmedia":[{"embeddable":true,"href":"https:\/\/stoic-curie.212-227-153-4.plesk.page\/de\/wp-json\/wp\/v2\/media\/5772754"}],"wp:attachment":[{"href":"https:\/\/stoic-curie.212-227-153-4.plesk.page\/de\/wp-json\/wp\/v2\/media?parent=5774586"}],"wp:term":[{"taxonomy":"product_brand","embeddable":true,"href":"https:\/\/stoic-curie.212-227-153-4.plesk.page\/de\/wp-json\/wp\/v2\/product_brand?post=5774586"},{"taxonomy":"product_cat","embeddable":true,"href":"https:\/\/stoic-curie.212-227-153-4.plesk.page\/de\/wp-json\/wp\/v2\/product_cat?post=5774586"},{"taxonomy":"product_tag","embeddable":true,"href":"https:\/\/stoic-curie.212-227-153-4.plesk.page\/de\/wp-json\/wp\/v2\/product_tag?post=5774586"}],"curies":[{"name":"wp","href":"https:\/\/api.w.org\/{rel}","templated":true}]}}