{"id":5774588,"date":"2026-02-13T13:57:03","date_gmt":"2026-02-13T12:57:03","guid":{"rendered":"https:\/\/stoic-curie.212-227-153-4.plesk.page\/product\/gatorskinz-3m-haftbelag-610-x-610-mm-24-x-24-zoll\/"},"modified":"2026-02-24T23:35:57","modified_gmt":"2026-02-24T23:35:57","slug":"gatorskinz-3m-haftbelag-610-x-610-mm-24-x-24-zoll","status":"publish","type":"product","link":"https:\/\/stoic-curie.212-227-153-4.plesk.page\/de\/product\/gatorskinz-3m-haftbelag-610-x-610-mm-24-x-24-zoll\/","title":{"rendered":"Gatorskinz 3M Haftbelag 610 x 610 mm (24 x 24 Zoll)"},"content":{"rendered":"<p>Gatorskinz 3M Haftbelag 610 x 610 mm (24 x 24 Zoll) &#8211; <\/p>\n<p>Erleben Sie die Sicherheit unserer rutschfesten Belag aus reinem Polyurethan mit starkem 3M-Kleber, bereit zur sofortigen Anwendung. Ideal f\u00fcr Gehwege und Oberfl\u00e4chen, die einen rutschfesten Schutz ben\u00f6tigen. F\u00fcr optimale Ergebnisse empfehlen wir die Verwendung des 3M Primer 5722402 bei der Anwendung.<\/p>\n","protected":false},"excerpt":{"rendered":"<p>Gatorskinz 3M Haftbelag 610 x 610 mm (24 x 24 Zoll) &#8211; Erleben Sie die Sicherheit unserer rutschfesten Belag aus<\/p>\n","protected":false},"featured_media":5772759,"comment_status":"open","ping_status":"closed","template":"","meta":[],"product_brand":[2770],"product_cat":[1342],"product_tag":[],"class_list":{"0":"post-5774588","1":"product","2":"type-product","3":"status-publish","4":"has-post-thumbnail","6":"product_brand-3m-marine-de","7":"product_cat-anti-rutsch-band-und-rutschfeste-boeden","9":"first","10":"instock","11":"shipping-taxable","12":"purchasable","13":"product-type-simple"},"_links":{"self":[{"href":"https:\/\/stoic-curie.212-227-153-4.plesk.page\/de\/wp-json\/wp\/v2\/product\/5774588","targetHints":{"allow":["GET"]}}],"collection":[{"href":"https:\/\/stoic-curie.212-227-153-4.plesk.page\/de\/wp-json\/wp\/v2\/product"}],"about":[{"href":"https:\/\/stoic-curie.212-227-153-4.plesk.page\/de\/wp-json\/wp\/v2\/types\/product"}],"replies":[{"embeddable":true,"href":"https:\/\/stoic-curie.212-227-153-4.plesk.page\/de\/wp-json\/wp\/v2\/comments?post=5774588"}],"version-history":[{"count":0,"href":"https:\/\/stoic-curie.212-227-153-4.plesk.page\/de\/wp-json\/wp\/v2\/product\/5774588\/revisions"}],"wp:featuredmedia":[{"embeddable":true,"href":"https:\/\/stoic-curie.212-227-153-4.plesk.page\/de\/wp-json\/wp\/v2\/media\/5772759"}],"wp:attachment":[{"href":"https:\/\/stoic-curie.212-227-153-4.plesk.page\/de\/wp-json\/wp\/v2\/media?parent=5774588"}],"wp:term":[{"taxonomy":"product_brand","embeddable":true,"href":"https:\/\/stoic-curie.212-227-153-4.plesk.page\/de\/wp-json\/wp\/v2\/product_brand?post=5774588"},{"taxonomy":"product_cat","embeddable":true,"href":"https:\/\/stoic-curie.212-227-153-4.plesk.page\/de\/wp-json\/wp\/v2\/product_cat?post=5774588"},{"taxonomy":"product_tag","embeddable":true,"href":"https:\/\/stoic-curie.212-227-153-4.plesk.page\/de\/wp-json\/wp\/v2\/product_tag?post=5774588"}],"curies":[{"name":"wp","href":"https:\/\/api.w.org\/{rel}","templated":true}]}}