{"id":5774589,"date":"2026-02-13T13:57:03","date_gmt":"2026-02-13T12:57:03","guid":{"rendered":"https:\/\/stoic-curie.212-227-153-4.plesk.page\/product\/3m-schallschutzabdeckung-2-mm-db-10-cm-50-x-50\/"},"modified":"2026-02-24T23:35:57","modified_gmt":"2026-02-24T23:35:57","slug":"3m-schallschutzabdeckung-2-mm-db-10-cm-50-x-50","status":"publish","type":"product","link":"https:\/\/stoic-curie.212-227-153-4.plesk.page\/de\/product\/3m-schallschutzabdeckung-2-mm-db-10-cm-50-x-50\/","title":{"rendered":"3M Schallschutzabdeckung &#8211; 2 mm DB 10 cm 50 x 50"},"content":{"rendered":"<p>3M Schallschutzabdeckung &#8211; 2 mm DB 10 cm 50 x 50 &#8211; <\/p>\n<p>Das selbstklebende Schallschutzpanel von 3M l\u00e4sst sich einfach von Hand anbringen und kann zugeschnitten und geformt werden, um auf die Oberfl\u00e4che zu passen. Dank seiner diamantartigen Struktur d\u00e4mpft es effektiv Vibrationen und reduziert sowohl niederfrequente Ger\u00e4usche als auch hochfrequente metallische Ger\u00e4usche oder Pfeifen.<\/p>\n","protected":false},"excerpt":{"rendered":"<p>3M Schallschutzabdeckung &#8211; 2 mm DB 10 cm 50 x 50 &#8211; Das selbstklebende Schallschutzpanel von 3M l\u00e4sst sich einfach<\/p>\n","protected":false},"featured_media":5772771,"comment_status":"open","ping_status":"closed","template":"","meta":[],"product_brand":[2770],"product_cat":[1523],"product_tag":[],"class_list":{"0":"post-5774589","1":"product","2":"type-product","3":"status-publish","4":"has-post-thumbnail","6":"product_brand-3m-marine-de","7":"product_cat-isolierung-und-schalldaemmung","9":"first","10":"instock","11":"shipping-taxable","12":"purchasable","13":"product-type-simple"},"_links":{"self":[{"href":"https:\/\/stoic-curie.212-227-153-4.plesk.page\/de\/wp-json\/wp\/v2\/product\/5774589","targetHints":{"allow":["GET"]}}],"collection":[{"href":"https:\/\/stoic-curie.212-227-153-4.plesk.page\/de\/wp-json\/wp\/v2\/product"}],"about":[{"href":"https:\/\/stoic-curie.212-227-153-4.plesk.page\/de\/wp-json\/wp\/v2\/types\/product"}],"replies":[{"embeddable":true,"href":"https:\/\/stoic-curie.212-227-153-4.plesk.page\/de\/wp-json\/wp\/v2\/comments?post=5774589"}],"version-history":[{"count":0,"href":"https:\/\/stoic-curie.212-227-153-4.plesk.page\/de\/wp-json\/wp\/v2\/product\/5774589\/revisions"}],"wp:featuredmedia":[{"embeddable":true,"href":"https:\/\/stoic-curie.212-227-153-4.plesk.page\/de\/wp-json\/wp\/v2\/media\/5772771"}],"wp:attachment":[{"href":"https:\/\/stoic-curie.212-227-153-4.plesk.page\/de\/wp-json\/wp\/v2\/media?parent=5774589"}],"wp:term":[{"taxonomy":"product_brand","embeddable":true,"href":"https:\/\/stoic-curie.212-227-153-4.plesk.page\/de\/wp-json\/wp\/v2\/product_brand?post=5774589"},{"taxonomy":"product_cat","embeddable":true,"href":"https:\/\/stoic-curie.212-227-153-4.plesk.page\/de\/wp-json\/wp\/v2\/product_cat?post=5774589"},{"taxonomy":"product_tag","embeddable":true,"href":"https:\/\/stoic-curie.212-227-153-4.plesk.page\/de\/wp-json\/wp\/v2\/product_tag?post=5774589"}],"curies":[{"name":"wp","href":"https:\/\/api.w.org\/{rel}","templated":true}]}}