{"id":5774611,"date":"2026-02-13T13:57:17","date_gmt":"2026-02-13T12:57:17","guid":{"rendered":"https:\/\/stoic-curie.212-227-153-4.plesk.page\/product\/anodene-fuer-antriebsgeraet-fuer-yamaha-9-9-30-ps\/"},"modified":"2026-02-24T23:35:57","modified_gmt":"2026-02-24T23:35:57","slug":"anodene-fuer-antriebsgeraet-fuer-yamaha-9-9-30-ps","status":"publish","type":"product","link":"https:\/\/stoic-curie.212-227-153-4.plesk.page\/de\/product\/anodene-fuer-antriebsgeraet-fuer-yamaha-9-9-30-ps\/","title":{"rendered":"Anodene f\u00fcr Antriebsger\u00e4t f\u00fcr Yamaha 9.9-30 PS"},"content":{"rendered":"<p>Anodene f\u00fcr Antriebsger\u00e4t f\u00fcr Yamaha 9.9-30 PS &#8211; <\/p>\n<p>Anodene f\u00fcr Antriebsger\u00e4t f\u00fcr Yamaha Motoren 9.9-30 PS. Geeignet f\u00fcr 9.9-30 PS (2T) \/ F9.9-25PS Motoren.<\/p>\n","protected":false},"excerpt":{"rendered":"<p>Anodene f\u00fcr Antriebsger\u00e4t f\u00fcr Yamaha 9.9-30 PS &#8211; Anodene f\u00fcr Antriebsger\u00e4t f\u00fcr Yamaha Motoren 9.9-30 PS. Geeignet f\u00fcr 9.9-30 PS<\/p>\n","protected":false},"featured_media":5772852,"comment_status":"open","ping_status":"closed","template":"","meta":[],"product_brand":[3475],"product_cat":[1544],"product_tag":[],"class_list":{"0":"post-5774611","1":"product","2":"type-product","3":"status-publish","4":"has-post-thumbnail","6":"product_brand-tecnoseal-de","7":"product_cat-marine-ersatzteile-fuer-yamaha","9":"first","10":"instock","11":"shipping-taxable","12":"purchasable","13":"product-type-simple"},"_links":{"self":[{"href":"https:\/\/stoic-curie.212-227-153-4.plesk.page\/de\/wp-json\/wp\/v2\/product\/5774611","targetHints":{"allow":["GET"]}}],"collection":[{"href":"https:\/\/stoic-curie.212-227-153-4.plesk.page\/de\/wp-json\/wp\/v2\/product"}],"about":[{"href":"https:\/\/stoic-curie.212-227-153-4.plesk.page\/de\/wp-json\/wp\/v2\/types\/product"}],"replies":[{"embeddable":true,"href":"https:\/\/stoic-curie.212-227-153-4.plesk.page\/de\/wp-json\/wp\/v2\/comments?post=5774611"}],"version-history":[{"count":0,"href":"https:\/\/stoic-curie.212-227-153-4.plesk.page\/de\/wp-json\/wp\/v2\/product\/5774611\/revisions"}],"wp:featuredmedia":[{"embeddable":true,"href":"https:\/\/stoic-curie.212-227-153-4.plesk.page\/de\/wp-json\/wp\/v2\/media\/5772852"}],"wp:attachment":[{"href":"https:\/\/stoic-curie.212-227-153-4.plesk.page\/de\/wp-json\/wp\/v2\/media?parent=5774611"}],"wp:term":[{"taxonomy":"product_brand","embeddable":true,"href":"https:\/\/stoic-curie.212-227-153-4.plesk.page\/de\/wp-json\/wp\/v2\/product_brand?post=5774611"},{"taxonomy":"product_cat","embeddable":true,"href":"https:\/\/stoic-curie.212-227-153-4.plesk.page\/de\/wp-json\/wp\/v2\/product_cat?post=5774611"},{"taxonomy":"product_tag","embeddable":true,"href":"https:\/\/stoic-curie.212-227-153-4.plesk.page\/de\/wp-json\/wp\/v2\/product_tag?post=5774611"}],"curies":[{"name":"wp","href":"https:\/\/api.w.org\/{rel}","templated":true}]}}