{"id":5774616,"date":"2026-02-13T13:57:21","date_gmt":"2026-02-13T12:57:21","guid":{"rendered":"https:\/\/stoic-curie.212-227-153-4.plesk.page\/product\/martyr-anoden-fuer-honda-aussenbordmotoren-kleine-platte-echt-41109-zw1-003\/"},"modified":"2026-02-24T23:35:57","modified_gmt":"2026-02-24T23:35:57","slug":"martyr-anoden-fuer-honda-aussenbordmotoren-kleine-platte-echt-41109-zw1-003","status":"publish","type":"product","link":"https:\/\/stoic-curie.212-227-153-4.plesk.page\/de\/product\/martyr-anoden-fuer-honda-aussenbordmotoren-kleine-platte-echt-41109-zw1-003\/","title":{"rendered":"Martyr-Anoden f\u00fcr Honda-Au\u00dfenbordmotoren &#8211; Kleine Platte (Echt 41109-ZW1-003)"},"content":{"rendered":"<p>Martyr-Anoden f\u00fcr Honda-Au\u00dfenbordmotoren &#8211; Kleine Platte (Echt 41109-ZW1-003) &#8211; <\/p>\n<p>Martyr Aluminium M2 Legierungsanoden sind f\u00fcr Honda-Au\u00dfenbordmotoren konzipiert. Sie wiegen 50% weniger als herk\u00f6mmliche Zinkanoden und bieten dennoch den gleichen Schutz.<\/p>\n","protected":false},"excerpt":{"rendered":"<p>Martyr-Anoden f\u00fcr Honda-Au\u00dfenbordmotoren &#8211; Kleine Platte (Echt 41109-ZW1-003) &#8211; Martyr Aluminium M2 Legierungsanoden sind f\u00fcr Honda-Au\u00dfenbordmotoren konzipiert. Sie wiegen 50%<\/p>\n","protected":false},"featured_media":5772868,"comment_status":"open","ping_status":"closed","template":"","meta":[],"product_brand":[3125],"product_cat":[1538],"product_tag":[],"class_list":{"0":"post-5774616","1":"product","2":"type-product","3":"status-publish","4":"has-post-thumbnail","6":"product_brand-martyr-de","7":"product_cat-marine-ersatzteile-fuer-honda","9":"first","10":"instock","11":"shipping-taxable","12":"purchasable","13":"product-type-simple"},"_links":{"self":[{"href":"https:\/\/stoic-curie.212-227-153-4.plesk.page\/de\/wp-json\/wp\/v2\/product\/5774616","targetHints":{"allow":["GET"]}}],"collection":[{"href":"https:\/\/stoic-curie.212-227-153-4.plesk.page\/de\/wp-json\/wp\/v2\/product"}],"about":[{"href":"https:\/\/stoic-curie.212-227-153-4.plesk.page\/de\/wp-json\/wp\/v2\/types\/product"}],"replies":[{"embeddable":true,"href":"https:\/\/stoic-curie.212-227-153-4.plesk.page\/de\/wp-json\/wp\/v2\/comments?post=5774616"}],"version-history":[{"count":0,"href":"https:\/\/stoic-curie.212-227-153-4.plesk.page\/de\/wp-json\/wp\/v2\/product\/5774616\/revisions"}],"wp:featuredmedia":[{"embeddable":true,"href":"https:\/\/stoic-curie.212-227-153-4.plesk.page\/de\/wp-json\/wp\/v2\/media\/5772868"}],"wp:attachment":[{"href":"https:\/\/stoic-curie.212-227-153-4.plesk.page\/de\/wp-json\/wp\/v2\/media?parent=5774616"}],"wp:term":[{"taxonomy":"product_brand","embeddable":true,"href":"https:\/\/stoic-curie.212-227-153-4.plesk.page\/de\/wp-json\/wp\/v2\/product_brand?post=5774616"},{"taxonomy":"product_cat","embeddable":true,"href":"https:\/\/stoic-curie.212-227-153-4.plesk.page\/de\/wp-json\/wp\/v2\/product_cat?post=5774616"},{"taxonomy":"product_tag","embeddable":true,"href":"https:\/\/stoic-curie.212-227-153-4.plesk.page\/de\/wp-json\/wp\/v2\/product_tag?post=5774616"}],"curies":[{"name":"wp","href":"https:\/\/api.w.org\/{rel}","templated":true}]}}