{"id":5790697,"date":"2026-02-14T13:29:30","date_gmt":"2026-02-14T12:29:30","guid":{"rendered":"https:\/\/stoic-curie.212-227-153-4.plesk.page\/product\/propeller-fuer-suzuki-9-1-4x11\/"},"modified":"2026-02-24T23:35:57","modified_gmt":"2026-02-24T23:35:57","slug":"propeller-fuer-suzuki-9-1-4x11","status":"publish","type":"product","link":"https:\/\/stoic-curie.212-227-153-4.plesk.page\/de\/product\/propeller-fuer-suzuki-9-1-4x11\/","title":{"rendered":"Propeller f\u00fcr Suzuki 9 1\/4&#215;11"},"content":{"rendered":"<p>Propeller f\u00fcr Suzuki 9 1\/4&#215;11 &#8211; <\/p>\n<p>Alice Aluminium-Propeller sind f\u00fcr Suzuki Au\u00dfenbordmotoren konzipiert. Hergestellt aus einer Luftfahrt-Aluminium-Titan-Legierung, nutzen diese Propeller 3D-Laserscanning f\u00fcr pr\u00e4zise statische und dynamische Kontrolle. Sie verf\u00fcgen \u00fcber eine robotergest\u00fctzte AkzoNobel-Pulverbeschichtung f\u00fcr verbesserte Haltbarkeit. Genie\u00dfen Sie hohe Effizienz und reduzierten Kraftstoffverbrauch dank der perfekt gew\u00f6lbten Bl\u00e4tter. Bitte beachten Sie, dass das Montageset separat bestellt werden muss, wenn Sie Schrauben, Unterlegscheiben und Abstandshalter ersetzen m\u00fcssen. Kompatibel mit Suzuki Au\u00dfenbordmotoren: DT15C (2-Takt) [19891997], DF8A\/9.9A\/15A\/20A (4-Takt) [2011&gt;]<\/p>\n","protected":false},"excerpt":{"rendered":"<p>Propeller f\u00fcr Suzuki 9 1\/4&#215;11 &#8211; Alice Aluminium-Propeller sind f\u00fcr Suzuki Au\u00dfenbordmotoren konzipiert. Hergestellt aus einer Luftfahrt-Aluminium-Titan-Legierung, nutzen diese Propeller<\/p>\n","protected":false},"featured_media":5949570,"comment_status":"open","ping_status":"closed","template":"","meta":[],"product_brand":[3205],"product_cat":[1545,1516],"product_tag":[],"class_list":{"0":"post-5790697","1":"product","2":"type-product","3":"status-publish","4":"has-post-thumbnail","6":"product_brand-nova-argonautica-de","7":"product_cat-marine-ersatzteile-fuer-suzuki","8":"product_cat-propeller-fuer-aussenbordmotoren","10":"first","11":"instock","12":"shipping-taxable","13":"purchasable","14":"product-type-simple"},"_links":{"self":[{"href":"https:\/\/stoic-curie.212-227-153-4.plesk.page\/de\/wp-json\/wp\/v2\/product\/5790697","targetHints":{"allow":["GET"]}}],"collection":[{"href":"https:\/\/stoic-curie.212-227-153-4.plesk.page\/de\/wp-json\/wp\/v2\/product"}],"about":[{"href":"https:\/\/stoic-curie.212-227-153-4.plesk.page\/de\/wp-json\/wp\/v2\/types\/product"}],"replies":[{"embeddable":true,"href":"https:\/\/stoic-curie.212-227-153-4.plesk.page\/de\/wp-json\/wp\/v2\/comments?post=5790697"}],"version-history":[{"count":0,"href":"https:\/\/stoic-curie.212-227-153-4.plesk.page\/de\/wp-json\/wp\/v2\/product\/5790697\/revisions"}],"wp:featuredmedia":[{"embeddable":true,"href":"https:\/\/stoic-curie.212-227-153-4.plesk.page\/de\/wp-json\/wp\/v2\/media\/5949570"}],"wp:attachment":[{"href":"https:\/\/stoic-curie.212-227-153-4.plesk.page\/de\/wp-json\/wp\/v2\/media?parent=5790697"}],"wp:term":[{"taxonomy":"product_brand","embeddable":true,"href":"https:\/\/stoic-curie.212-227-153-4.plesk.page\/de\/wp-json\/wp\/v2\/product_brand?post=5790697"},{"taxonomy":"product_cat","embeddable":true,"href":"https:\/\/stoic-curie.212-227-153-4.plesk.page\/de\/wp-json\/wp\/v2\/product_cat?post=5790697"},{"taxonomy":"product_tag","embeddable":true,"href":"https:\/\/stoic-curie.212-227-153-4.plesk.page\/de\/wp-json\/wp\/v2\/product_tag?post=5790697"}],"curies":[{"name":"wp","href":"https:\/\/api.w.org\/{rel}","templated":true}]}}