{"id":5790724,"date":"2026-02-14T13:29:48","date_gmt":"2026-02-14T12:29:48","guid":{"rendered":"https:\/\/stoic-curie.212-227-153-4.plesk.page\/product\/propeller-fuer-volvo-penta-duo-prop-854832-hinter-b3r\/"},"modified":"2026-02-24T23:35:57","modified_gmt":"2026-02-24T23:35:57","slug":"propeller-fuer-volvo-penta-duo-prop-854832-hinter-b3r","status":"publish","type":"product","link":"https:\/\/stoic-curie.212-227-153-4.plesk.page\/de\/product\/propeller-fuer-volvo-penta-duo-prop-854832-hinter-b3r\/","title":{"rendered":"Propeller f\u00fcr Volvo Penta Duo Prop 854832 Hinter-B3R"},"content":{"rendered":"<p>Propeller f\u00fcr Volvo Penta Duo Prop 854832 Hinter-B3R &#8211; <\/p>\n<p>Alice Aluminium-Propeller sind f\u00fcr Volvo Penta Duo-Prop A-B-Typ-Motoren konzipiert. Hergestellt aus luftfahrttauglicher Aluminium-Titan-Legierung, werden diese Propeller mit 3D-Laserscanning zur statischen und dynamischen Kontrolle versehen. Die robotergest\u00fctzte AkzoNobel-Pulverbeschichtung sorgt f\u00fcr Langlebigkeit, w\u00e4hrend die perfekt gew\u00f6lbten Bl\u00e4tter hohe Effizienz und reduzierten Kraftstoffverbrauch bieten.<\/p>\n","protected":false},"excerpt":{"rendered":"<p>Propeller f\u00fcr Volvo Penta Duo Prop 854832 Hinter-B3R &#8211; Alice Aluminium-Propeller sind f\u00fcr Volvo Penta Duo-Prop A-B-Typ-Motoren konzipiert. Hergestellt aus<\/p>\n","protected":false},"featured_media":5790032,"comment_status":"open","ping_status":"closed","template":"","meta":[],"product_brand":[3390],"product_cat":[1542],"product_tag":[],"class_list":{"0":"post-5790724","1":"product","2":"type-product","3":"status-publish","4":"has-post-thumbnail","6":"product_brand-sierra-marine-de","7":"product_cat-marine-ersatzteile-fuer-volvo-penta","9":"first","10":"instock","11":"shipping-taxable","12":"purchasable","13":"product-type-simple"},"_links":{"self":[{"href":"https:\/\/stoic-curie.212-227-153-4.plesk.page\/de\/wp-json\/wp\/v2\/product\/5790724","targetHints":{"allow":["GET"]}}],"collection":[{"href":"https:\/\/stoic-curie.212-227-153-4.plesk.page\/de\/wp-json\/wp\/v2\/product"}],"about":[{"href":"https:\/\/stoic-curie.212-227-153-4.plesk.page\/de\/wp-json\/wp\/v2\/types\/product"}],"replies":[{"embeddable":true,"href":"https:\/\/stoic-curie.212-227-153-4.plesk.page\/de\/wp-json\/wp\/v2\/comments?post=5790724"}],"version-history":[{"count":0,"href":"https:\/\/stoic-curie.212-227-153-4.plesk.page\/de\/wp-json\/wp\/v2\/product\/5790724\/revisions"}],"wp:featuredmedia":[{"embeddable":true,"href":"https:\/\/stoic-curie.212-227-153-4.plesk.page\/de\/wp-json\/wp\/v2\/media\/5790032"}],"wp:attachment":[{"href":"https:\/\/stoic-curie.212-227-153-4.plesk.page\/de\/wp-json\/wp\/v2\/media?parent=5790724"}],"wp:term":[{"taxonomy":"product_brand","embeddable":true,"href":"https:\/\/stoic-curie.212-227-153-4.plesk.page\/de\/wp-json\/wp\/v2\/product_brand?post=5790724"},{"taxonomy":"product_cat","embeddable":true,"href":"https:\/\/stoic-curie.212-227-153-4.plesk.page\/de\/wp-json\/wp\/v2\/product_cat?post=5790724"},{"taxonomy":"product_tag","embeddable":true,"href":"https:\/\/stoic-curie.212-227-153-4.plesk.page\/de\/wp-json\/wp\/v2\/product_tag?post=5790724"}],"curies":[{"name":"wp","href":"https:\/\/api.w.org\/{rel}","templated":true}]}}