{"id":5790725,"date":"2026-02-14T13:29:49","date_gmt":"2026-02-14T12:29:49","guid":{"rendered":"https:\/\/stoic-curie.212-227-153-4.plesk.page\/product\/propeller-fuer-volvo-penta-duo-prop-854834-heck-b5r\/"},"modified":"2026-02-24T23:35:57","modified_gmt":"2026-02-24T23:35:57","slug":"propeller-fuer-volvo-penta-duo-prop-854834-heck-b5r","status":"publish","type":"product","link":"https:\/\/stoic-curie.212-227-153-4.plesk.page\/de\/product\/propeller-fuer-volvo-penta-duo-prop-854834-heck-b5r\/","title":{"rendered":"Propeller f\u00fcr Volvo Penta Duo Prop 854834 Heck-B5R"},"content":{"rendered":"<p>Propeller f\u00fcr Volvo Penta Duo Prop 854834 Heck-B5R &#8211; <\/p>\n<p>Die Alice Aluminiumpropeller sind f\u00fcr Volvo Penta Duo-Prop A-B Typ Motoren konzipiert. Sie bestehen aus einer hochwertigen Aluminium-Titan-Legierung f\u00fcr die Luft- und Raumfahrt. Mit fortschrittlicher 3D-Laserscanning-Technologie f\u00fcr statische und dynamische Kontrolle verf\u00fcgen diese Propeller auch \u00fcber eine robotergest\u00fctzte AkzoNobel-Pulverbeschichtung. Genie\u00dfen Sie hohe Effizienz und einen reduzierten Kraftstoffverbrauch dank der perfekt gestalteten Cupping der Bl\u00e4tter.<\/p>\n","protected":false},"excerpt":{"rendered":"<p>Propeller f\u00fcr Volvo Penta Duo Prop 854834 Heck-B5R &#8211; Die Alice Aluminiumpropeller sind f\u00fcr Volvo Penta Duo-Prop A-B Typ Motoren<\/p>\n","protected":false},"featured_media":5790032,"comment_status":"open","ping_status":"closed","template":"","meta":[],"product_brand":[3390],"product_cat":[1542],"product_tag":[],"class_list":{"0":"post-5790725","1":"product","2":"type-product","3":"status-publish","4":"has-post-thumbnail","6":"product_brand-sierra-marine-de","7":"product_cat-marine-ersatzteile-fuer-volvo-penta","9":"first","10":"instock","11":"shipping-taxable","12":"purchasable","13":"product-type-simple"},"_links":{"self":[{"href":"https:\/\/stoic-curie.212-227-153-4.plesk.page\/de\/wp-json\/wp\/v2\/product\/5790725","targetHints":{"allow":["GET"]}}],"collection":[{"href":"https:\/\/stoic-curie.212-227-153-4.plesk.page\/de\/wp-json\/wp\/v2\/product"}],"about":[{"href":"https:\/\/stoic-curie.212-227-153-4.plesk.page\/de\/wp-json\/wp\/v2\/types\/product"}],"replies":[{"embeddable":true,"href":"https:\/\/stoic-curie.212-227-153-4.plesk.page\/de\/wp-json\/wp\/v2\/comments?post=5790725"}],"version-history":[{"count":0,"href":"https:\/\/stoic-curie.212-227-153-4.plesk.page\/de\/wp-json\/wp\/v2\/product\/5790725\/revisions"}],"wp:featuredmedia":[{"embeddable":true,"href":"https:\/\/stoic-curie.212-227-153-4.plesk.page\/de\/wp-json\/wp\/v2\/media\/5790032"}],"wp:attachment":[{"href":"https:\/\/stoic-curie.212-227-153-4.plesk.page\/de\/wp-json\/wp\/v2\/media?parent=5790725"}],"wp:term":[{"taxonomy":"product_brand","embeddable":true,"href":"https:\/\/stoic-curie.212-227-153-4.plesk.page\/de\/wp-json\/wp\/v2\/product_brand?post=5790725"},{"taxonomy":"product_cat","embeddable":true,"href":"https:\/\/stoic-curie.212-227-153-4.plesk.page\/de\/wp-json\/wp\/v2\/product_cat?post=5790725"},{"taxonomy":"product_tag","embeddable":true,"href":"https:\/\/stoic-curie.212-227-153-4.plesk.page\/de\/wp-json\/wp\/v2\/product_tag?post=5790725"}],"curies":[{"name":"wp","href":"https:\/\/api.w.org\/{rel}","templated":true}]}}