{"id":5790726,"date":"2026-02-14T13:29:49","date_gmt":"2026-02-14T12:29:49","guid":{"rendered":"https:\/\/stoic-curie.212-227-153-4.plesk.page\/product\/propeller-fuer-volvo-penta-duo-prop-854835-rear-b6r\/"},"modified":"2026-02-24T23:35:57","modified_gmt":"2026-02-24T23:35:57","slug":"propeller-fuer-volvo-penta-duo-prop-854835-rear-b6r","status":"publish","type":"product","link":"https:\/\/stoic-curie.212-227-153-4.plesk.page\/de\/product\/propeller-fuer-volvo-penta-duo-prop-854835-rear-b6r\/","title":{"rendered":"Propeller f\u00fcr Volvo Penta Duo Prop 854835 Rear-B6R"},"content":{"rendered":"<p>Propeller f\u00fcr Volvo Penta Duo Prop 854835 Rear-B6R &#8211; <\/p>\n<p>Alice Aluminium-Propeller f\u00fcr Volvo Penta Duo-Prop A-B-Motoren. Hergestellt aus einer Aluminium-Titan-Legierung der Luft- und Raumfahrt, sind diese Propeller auf hohe Effizienz und reduzierten Kraftstoffverbrauch ausgelegt. Sie verf\u00fcgen \u00fcber 3D-Laserscanning zur statischen und dynamischen Kontrolle und sind mit einer robotergest\u00fctzten AkzoNobel-Pulverbeschichtung versehen, die Langlebigkeit und optimale Leistung dank der perfekten Formung der Bl\u00e4tter gew\u00e4hrleistet.<\/p>\n","protected":false},"excerpt":{"rendered":"<p>Propeller f\u00fcr Volvo Penta Duo Prop 854835 Rear-B6R &#8211; Alice Aluminium-Propeller f\u00fcr Volvo Penta Duo-Prop A-B-Motoren. Hergestellt aus einer Aluminium-Titan-Legierung<\/p>\n","protected":false},"featured_media":5790032,"comment_status":"open","ping_status":"closed","template":"","meta":[],"product_brand":[3390],"product_cat":[1542],"product_tag":[],"class_list":{"0":"post-5790726","1":"product","2":"type-product","3":"status-publish","4":"has-post-thumbnail","6":"product_brand-sierra-marine-de","7":"product_cat-marine-ersatzteile-fuer-volvo-penta","9":"first","10":"instock","11":"shipping-taxable","12":"purchasable","13":"product-type-simple"},"_links":{"self":[{"href":"https:\/\/stoic-curie.212-227-153-4.plesk.page\/de\/wp-json\/wp\/v2\/product\/5790726","targetHints":{"allow":["GET"]}}],"collection":[{"href":"https:\/\/stoic-curie.212-227-153-4.plesk.page\/de\/wp-json\/wp\/v2\/product"}],"about":[{"href":"https:\/\/stoic-curie.212-227-153-4.plesk.page\/de\/wp-json\/wp\/v2\/types\/product"}],"replies":[{"embeddable":true,"href":"https:\/\/stoic-curie.212-227-153-4.plesk.page\/de\/wp-json\/wp\/v2\/comments?post=5790726"}],"version-history":[{"count":0,"href":"https:\/\/stoic-curie.212-227-153-4.plesk.page\/de\/wp-json\/wp\/v2\/product\/5790726\/revisions"}],"wp:featuredmedia":[{"embeddable":true,"href":"https:\/\/stoic-curie.212-227-153-4.plesk.page\/de\/wp-json\/wp\/v2\/media\/5790032"}],"wp:attachment":[{"href":"https:\/\/stoic-curie.212-227-153-4.plesk.page\/de\/wp-json\/wp\/v2\/media?parent=5790726"}],"wp:term":[{"taxonomy":"product_brand","embeddable":true,"href":"https:\/\/stoic-curie.212-227-153-4.plesk.page\/de\/wp-json\/wp\/v2\/product_brand?post=5790726"},{"taxonomy":"product_cat","embeddable":true,"href":"https:\/\/stoic-curie.212-227-153-4.plesk.page\/de\/wp-json\/wp\/v2\/product_cat?post=5790726"},{"taxonomy":"product_tag","embeddable":true,"href":"https:\/\/stoic-curie.212-227-153-4.plesk.page\/de\/wp-json\/wp\/v2\/product_tag?post=5790726"}],"curies":[{"name":"wp","href":"https:\/\/api.w.org\/{rel}","templated":true}]}}