{"id":5837839,"date":"2026-02-17T16:25:08","date_gmt":"2026-02-17T15:25:08","guid":{"rendered":"https:\/\/stoic-curie.212-227-153-4.plesk.page\/product\/panther-safe-skeg-schutzflossen-fuer-yamaha-motoren-2t-4t-typ-60-70-80-90-100-2001\/"},"modified":"2026-02-24T23:35:57","modified_gmt":"2026-02-24T23:35:57","slug":"panther-safe-skeg-schutzflossen-fuer-yamaha-motoren-2t-4t-typ-60-70-80-90-100-2001","status":"publish","type":"product","link":"https:\/\/stoic-curie.212-227-153-4.plesk.page\/de\/product\/panther-safe-skeg-schutzflossen-fuer-yamaha-motoren-2t-4t-typ-60-70-80-90-100-2001\/","title":{"rendered":"Panther Safe-Skeg Schutzflossen f\u00fcr Yamaha Motoren 2T\/4T Typ 60\/70\/80\/90\/100 &lt;2001"},"content":{"rendered":"<p>Panther Safe-Skeg Schutzflossen f\u00fcr Yamaha Motoren 2T\/4T Typ 60\/70\/80\/90\/100 &lt;2001 &#8211; <\/p>\n<p>Diese Schutzflossen sind aus spiegelpoliertem AISI 316L Edelstahl gefertigt und f\u00fcr Au\u00dfenbordmotoren und Oberfl\u00e4chenantriebe konzipiert. Sie sind \u00e4u\u00dferst robust und sch\u00fctzen das urspr\u00fcngliche Skeg vor St\u00f6\u00dfen und Kratzern, ohne die Hydrodynamik der Antriebseinheit zu beeintr\u00e4chtigen. Dar\u00fcber hinaus k\u00f6nnen sie als Ersatz f\u00fcr ein besch\u00e4digtes oder gebrochenes Skeg verwendet werden. Im Lieferumfang sind Montageschrauben und Inbusschl\u00fcssel enthalten.<\/p>\n","protected":false},"excerpt":{"rendered":"<p>Panther Safe-Skeg Schutzflossen f\u00fcr Yamaha Motoren 2T\/4T Typ 60\/70\/80\/90\/100 &lt;2001 &#8211; Diese Schutzflossen sind aus spiegelpoliertem AISI 316L Edelstahl gefertigt<\/p>\n","protected":false},"featured_media":5836850,"comment_status":"open","ping_status":"closed","template":"","meta":[],"product_brand":[3390],"product_cat":[1544],"product_tag":[],"class_list":{"0":"post-5837839","1":"product","2":"type-product","3":"status-publish","4":"has-post-thumbnail","6":"product_brand-sierra-marine-de","7":"product_cat-marine-ersatzteile-fuer-yamaha","9":"first","10":"instock","11":"shipping-taxable","12":"purchasable","13":"product-type-simple"},"_links":{"self":[{"href":"https:\/\/stoic-curie.212-227-153-4.plesk.page\/de\/wp-json\/wp\/v2\/product\/5837839","targetHints":{"allow":["GET"]}}],"collection":[{"href":"https:\/\/stoic-curie.212-227-153-4.plesk.page\/de\/wp-json\/wp\/v2\/product"}],"about":[{"href":"https:\/\/stoic-curie.212-227-153-4.plesk.page\/de\/wp-json\/wp\/v2\/types\/product"}],"replies":[{"embeddable":true,"href":"https:\/\/stoic-curie.212-227-153-4.plesk.page\/de\/wp-json\/wp\/v2\/comments?post=5837839"}],"version-history":[{"count":0,"href":"https:\/\/stoic-curie.212-227-153-4.plesk.page\/de\/wp-json\/wp\/v2\/product\/5837839\/revisions"}],"wp:featuredmedia":[{"embeddable":true,"href":"https:\/\/stoic-curie.212-227-153-4.plesk.page\/de\/wp-json\/wp\/v2\/media\/5836850"}],"wp:attachment":[{"href":"https:\/\/stoic-curie.212-227-153-4.plesk.page\/de\/wp-json\/wp\/v2\/media?parent=5837839"}],"wp:term":[{"taxonomy":"product_brand","embeddable":true,"href":"https:\/\/stoic-curie.212-227-153-4.plesk.page\/de\/wp-json\/wp\/v2\/product_brand?post=5837839"},{"taxonomy":"product_cat","embeddable":true,"href":"https:\/\/stoic-curie.212-227-153-4.plesk.page\/de\/wp-json\/wp\/v2\/product_cat?post=5837839"},{"taxonomy":"product_tag","embeddable":true,"href":"https:\/\/stoic-curie.212-227-153-4.plesk.page\/de\/wp-json\/wp\/v2\/product_tag?post=5837839"}],"curies":[{"name":"wp","href":"https:\/\/api.w.org\/{rel}","templated":true}]}}