{"id":5837841,"date":"2026-02-17T16:25:09","date_gmt":"2026-02-17T15:25:09","guid":{"rendered":"https:\/\/stoic-curie.212-227-153-4.plesk.page\/product\/panther-safe-skeg-schutzfinnen-fuer-honda-4t-motoren\/"},"modified":"2026-02-24T23:35:57","modified_gmt":"2026-02-24T23:35:57","slug":"panther-safe-skeg-schutzfinnen-fuer-honda-4t-motoren","status":"publish","type":"product","link":"https:\/\/stoic-curie.212-227-153-4.plesk.page\/de\/product\/panther-safe-skeg-schutzfinnen-fuer-honda-4t-motoren\/","title":{"rendered":"Panther Safe-Skeg Schutzfinnen f\u00fcr Honda 4T-Motoren"},"content":{"rendered":"<p>Panther Safe-Skeg Schutzfinnen f\u00fcr Honda 4T-Motoren &#8211; <\/p>\n<p>Diese Schutzfinnen bestehen aus spiegelpoliertem AISI 316L Edelstahl und sind speziell f\u00fcr Au\u00dfenbordmotoren und Heckantriebe konzipiert. Sie sind extrem robust und sch\u00fctzen das originale Skeg vor St\u00f6\u00dfen und Kratzern, ohne die Hydrodynamik der Antriebseinheit zu beeintr\u00e4chtigen. Au\u00dferdem k\u00f6nnen sie als Ersatz f\u00fcr ein besch\u00e4digtes oder gebrochenes Skeg verwendet werden. Das Produkt wird mit Montageschrauben und Innensechskantschl\u00fcsseln geliefert.<\/p>\n","protected":false},"excerpt":{"rendered":"<p>Panther Safe-Skeg Schutzfinnen f\u00fcr Honda 4T-Motoren &#8211; Diese Schutzfinnen bestehen aus spiegelpoliertem AISI 316L Edelstahl und sind speziell f\u00fcr Au\u00dfenbordmotoren<\/p>\n","protected":false},"featured_media":5836850,"comment_status":"open","ping_status":"closed","template":"","meta":[],"product_brand":[3390],"product_cat":[1538],"product_tag":[],"class_list":{"0":"post-5837841","1":"product","2":"type-product","3":"status-publish","4":"has-post-thumbnail","6":"product_brand-sierra-marine-de","7":"product_cat-marine-ersatzteile-fuer-honda","9":"first","10":"instock","11":"shipping-taxable","12":"purchasable","13":"product-type-simple"},"_links":{"self":[{"href":"https:\/\/stoic-curie.212-227-153-4.plesk.page\/de\/wp-json\/wp\/v2\/product\/5837841","targetHints":{"allow":["GET"]}}],"collection":[{"href":"https:\/\/stoic-curie.212-227-153-4.plesk.page\/de\/wp-json\/wp\/v2\/product"}],"about":[{"href":"https:\/\/stoic-curie.212-227-153-4.plesk.page\/de\/wp-json\/wp\/v2\/types\/product"}],"replies":[{"embeddable":true,"href":"https:\/\/stoic-curie.212-227-153-4.plesk.page\/de\/wp-json\/wp\/v2\/comments?post=5837841"}],"version-history":[{"count":0,"href":"https:\/\/stoic-curie.212-227-153-4.plesk.page\/de\/wp-json\/wp\/v2\/product\/5837841\/revisions"}],"wp:featuredmedia":[{"embeddable":true,"href":"https:\/\/stoic-curie.212-227-153-4.plesk.page\/de\/wp-json\/wp\/v2\/media\/5836850"}],"wp:attachment":[{"href":"https:\/\/stoic-curie.212-227-153-4.plesk.page\/de\/wp-json\/wp\/v2\/media?parent=5837841"}],"wp:term":[{"taxonomy":"product_brand","embeddable":true,"href":"https:\/\/stoic-curie.212-227-153-4.plesk.page\/de\/wp-json\/wp\/v2\/product_brand?post=5837841"},{"taxonomy":"product_cat","embeddable":true,"href":"https:\/\/stoic-curie.212-227-153-4.plesk.page\/de\/wp-json\/wp\/v2\/product_cat?post=5837841"},{"taxonomy":"product_tag","embeddable":true,"href":"https:\/\/stoic-curie.212-227-153-4.plesk.page\/de\/wp-json\/wp\/v2\/product_tag?post=5837841"}],"curies":[{"name":"wp","href":"https:\/\/api.w.org\/{rel}","templated":true}]}}