{"id":5837843,"date":"2026-02-17T16:25:10","date_gmt":"2026-02-17T15:25:10","guid":{"rendered":"https:\/\/stoic-curie.212-227-153-4.plesk.page\/product\/panther-safe-skeg-schutzflossen-fuer-mercruiser-bravo-1-3-motoren-1990\/"},"modified":"2026-02-24T23:35:57","modified_gmt":"2026-02-24T23:35:57","slug":"panther-safe-skeg-schutzflossen-fuer-mercruiser-bravo-1-3-motoren-1990","status":"publish","type":"product","link":"https:\/\/stoic-curie.212-227-153-4.plesk.page\/de\/product\/panther-safe-skeg-schutzflossen-fuer-mercruiser-bravo-1-3-motoren-1990\/","title":{"rendered":"Panther Safe-Skeg Schutzflossen f\u00fcr MerCruiser Bravo 1-3 Motoren (&gt;1990)"},"content":{"rendered":"<p>Panther Safe-Skeg Schutzflossen f\u00fcr MerCruiser Bravo 1-3 Motoren (&gt;1990) &#8211; <\/p>\n<p>Diese Schutzflossen sind aus spiegelpoliertem AISI 316L Edelstahl gefertigt und speziell f\u00fcr Au\u00dfenbordmotoren und Heckantriebe konzipiert. Sie sind \u00e4u\u00dferst robust und sch\u00fctzen das originale Skeg vor St\u00f6\u00dfen und Kratzern, ohne die Hydrodynamik der Antriebseinheit zu beeintr\u00e4chtigen. Dar\u00fcber hinaus k\u00f6nnen diese Flossen verwendet werden, um ein besch\u00e4digtes oder kaputtes Skeg zu ersetzen. Jedes Set wird mit Montageschrauben und Inbusschl\u00fcsseln zur einfachen Installation geliefert.<\/p>\n","protected":false},"excerpt":{"rendered":"<p>Panther Safe-Skeg Schutzflossen f\u00fcr MerCruiser Bravo 1-3 Motoren (&gt;1990) &#8211; Diese Schutzflossen sind aus spiegelpoliertem AISI 316L Edelstahl gefertigt und<\/p>\n","protected":false},"featured_media":5836850,"comment_status":"open","ping_status":"closed","template":"","meta":[],"product_brand":[3390],"product_cat":[1543],"product_tag":[],"class_list":{"0":"post-5837843","1":"product","2":"type-product","3":"status-publish","4":"has-post-thumbnail","6":"product_brand-sierra-marine-de","7":"product_cat-marine-ersatzteile-fuer-mercruiser","9":"first","10":"instock","11":"shipping-taxable","12":"purchasable","13":"product-type-simple"},"_links":{"self":[{"href":"https:\/\/stoic-curie.212-227-153-4.plesk.page\/de\/wp-json\/wp\/v2\/product\/5837843","targetHints":{"allow":["GET"]}}],"collection":[{"href":"https:\/\/stoic-curie.212-227-153-4.plesk.page\/de\/wp-json\/wp\/v2\/product"}],"about":[{"href":"https:\/\/stoic-curie.212-227-153-4.plesk.page\/de\/wp-json\/wp\/v2\/types\/product"}],"replies":[{"embeddable":true,"href":"https:\/\/stoic-curie.212-227-153-4.plesk.page\/de\/wp-json\/wp\/v2\/comments?post=5837843"}],"version-history":[{"count":0,"href":"https:\/\/stoic-curie.212-227-153-4.plesk.page\/de\/wp-json\/wp\/v2\/product\/5837843\/revisions"}],"wp:featuredmedia":[{"embeddable":true,"href":"https:\/\/stoic-curie.212-227-153-4.plesk.page\/de\/wp-json\/wp\/v2\/media\/5836850"}],"wp:attachment":[{"href":"https:\/\/stoic-curie.212-227-153-4.plesk.page\/de\/wp-json\/wp\/v2\/media?parent=5837843"}],"wp:term":[{"taxonomy":"product_brand","embeddable":true,"href":"https:\/\/stoic-curie.212-227-153-4.plesk.page\/de\/wp-json\/wp\/v2\/product_brand?post=5837843"},{"taxonomy":"product_cat","embeddable":true,"href":"https:\/\/stoic-curie.212-227-153-4.plesk.page\/de\/wp-json\/wp\/v2\/product_cat?post=5837843"},{"taxonomy":"product_tag","embeddable":true,"href":"https:\/\/stoic-curie.212-227-153-4.plesk.page\/de\/wp-json\/wp\/v2\/product_tag?post=5837843"}],"curies":[{"name":"wp","href":"https:\/\/api.w.org\/{rel}","templated":true}]}}