{"id":5837844,"date":"2026-02-17T16:25:11","date_gmt":"2026-02-17T15:25:11","guid":{"rendered":"https:\/\/stoic-curie.212-227-153-4.plesk.page\/product\/mini-jacker-festplatte-typ-mj-1-dp\/"},"modified":"2026-02-24T23:35:57","modified_gmt":"2026-02-24T23:35:57","slug":"mini-jacker-festplatte-typ-mj-1-dp","status":"publish","type":"product","link":"https:\/\/stoic-curie.212-227-153-4.plesk.page\/de\/product\/mini-jacker-festplatte-typ-mj-1-dp\/","title":{"rendered":"Mini Jacker Festplatte Typ MJ-1-DP"},"content":{"rendered":"<p>Mini Jacker Festplatte Typ MJ-1-DP &#8211; <\/p>\n<p>Feste Guss-Aluminiumplatte, die f\u00fcr Au\u00dfenbordmotoren bis zu 35 PS und 68 kg geeignet ist. Sie ist ideal f\u00fcr die Montage von Langschaftmotoren an Booten mit niedrigen Transom und hilft, die Propellerposition zu optimieren, um Leistung und Handhabung zu verbessern. Die Platte bietet 102 mm R\u00fcckversatz und 76 mm vertikalen Hub.<\/p>\n","protected":false},"excerpt":{"rendered":"<p>Mini Jacker Festplatte Typ MJ-1-DP &#8211; Feste Guss-Aluminiumplatte, die f\u00fcr Au\u00dfenbordmotoren bis zu 35 PS und 68 kg geeignet ist.<\/p>\n","protected":false},"featured_media":5836875,"comment_status":"open","ping_status":"closed","template":"","meta":[],"product_brand":[3205],"product_cat":[1540],"product_tag":[],"class_list":{"0":"post-5837844","1":"product","2":"type-product","3":"status-publish","4":"has-post-thumbnail","6":"product_brand-nova-argonautica-de","7":"product_cat-zubehoer-fuer-aussenborder","9":"first","10":"instock","11":"shipping-taxable","12":"purchasable","13":"product-type-simple"},"_links":{"self":[{"href":"https:\/\/stoic-curie.212-227-153-4.plesk.page\/de\/wp-json\/wp\/v2\/product\/5837844","targetHints":{"allow":["GET"]}}],"collection":[{"href":"https:\/\/stoic-curie.212-227-153-4.plesk.page\/de\/wp-json\/wp\/v2\/product"}],"about":[{"href":"https:\/\/stoic-curie.212-227-153-4.plesk.page\/de\/wp-json\/wp\/v2\/types\/product"}],"replies":[{"embeddable":true,"href":"https:\/\/stoic-curie.212-227-153-4.plesk.page\/de\/wp-json\/wp\/v2\/comments?post=5837844"}],"version-history":[{"count":0,"href":"https:\/\/stoic-curie.212-227-153-4.plesk.page\/de\/wp-json\/wp\/v2\/product\/5837844\/revisions"}],"wp:featuredmedia":[{"embeddable":true,"href":"https:\/\/stoic-curie.212-227-153-4.plesk.page\/de\/wp-json\/wp\/v2\/media\/5836875"}],"wp:attachment":[{"href":"https:\/\/stoic-curie.212-227-153-4.plesk.page\/de\/wp-json\/wp\/v2\/media?parent=5837844"}],"wp:term":[{"taxonomy":"product_brand","embeddable":true,"href":"https:\/\/stoic-curie.212-227-153-4.plesk.page\/de\/wp-json\/wp\/v2\/product_brand?post=5837844"},{"taxonomy":"product_cat","embeddable":true,"href":"https:\/\/stoic-curie.212-227-153-4.plesk.page\/de\/wp-json\/wp\/v2\/product_cat?post=5837844"},{"taxonomy":"product_tag","embeddable":true,"href":"https:\/\/stoic-curie.212-227-153-4.plesk.page\/de\/wp-json\/wp\/v2\/product_tag?post=5837844"}],"curies":[{"name":"wp","href":"https:\/\/api.w.org\/{rel}","templated":true}]}}