{"id":5837849,"date":"2026-02-17T16:25:14","date_gmt":"2026-02-17T15:25:14","guid":{"rendered":"https:\/\/stoic-curie.212-227-153-4.plesk.page\/product\/echte-mtm-trim-schlaeuche-fuer-mercruiser-motoren-32-864588\/"},"modified":"2026-02-24T23:35:57","modified_gmt":"2026-02-24T23:35:57","slug":"echte-mtm-trim-schlaeuche-fuer-mercruiser-motoren-32-864588","status":"publish","type":"product","link":"https:\/\/stoic-curie.212-227-153-4.plesk.page\/de\/product\/echte-mtm-trim-schlaeuche-fuer-mercruiser-motoren-32-864588\/","title":{"rendered":"Echte Mtm Trim-Schl\u00e4uche f\u00fcr MerCruiser-Motoren 32-864588"},"content":{"rendered":"<p>Echte Mtm Trim-Schl\u00e4uche f\u00fcr MerCruiser-Motoren 32-864588 &#8211; <\/p>\n<p>Trim-Schl\u00e4uche, die f\u00fcr MerCruiser-Motor\u00fcbertragungen entwickelt wurden. Dies sind kompatible Ersatzteile.<\/p>\n","protected":false},"excerpt":{"rendered":"<p>Echte Mtm Trim-Schl\u00e4uche f\u00fcr MerCruiser-Motoren 32-864588 &#8211; Trim-Schl\u00e4uche, die f\u00fcr MerCruiser-Motor\u00fcbertragungen entwickelt wurden. Dies sind kompatible Ersatzteile.<\/p>\n","protected":false},"featured_media":5735950,"comment_status":"open","ping_status":"closed","template":"","meta":[],"product_brand":[3285],"product_cat":[1543],"product_tag":[],"class_list":{"0":"post-5837849","1":"product","2":"type-product","3":"status-publish","4":"has-post-thumbnail","6":"product_brand-quicksilver-de","7":"product_cat-marine-ersatzteile-fuer-mercruiser","9":"first","10":"instock","11":"shipping-taxable","12":"purchasable","13":"product-type-simple"},"_links":{"self":[{"href":"https:\/\/stoic-curie.212-227-153-4.plesk.page\/de\/wp-json\/wp\/v2\/product\/5837849","targetHints":{"allow":["GET"]}}],"collection":[{"href":"https:\/\/stoic-curie.212-227-153-4.plesk.page\/de\/wp-json\/wp\/v2\/product"}],"about":[{"href":"https:\/\/stoic-curie.212-227-153-4.plesk.page\/de\/wp-json\/wp\/v2\/types\/product"}],"replies":[{"embeddable":true,"href":"https:\/\/stoic-curie.212-227-153-4.plesk.page\/de\/wp-json\/wp\/v2\/comments?post=5837849"}],"version-history":[{"count":0,"href":"https:\/\/stoic-curie.212-227-153-4.plesk.page\/de\/wp-json\/wp\/v2\/product\/5837849\/revisions"}],"wp:featuredmedia":[{"embeddable":true,"href":"https:\/\/stoic-curie.212-227-153-4.plesk.page\/de\/wp-json\/wp\/v2\/media\/5735950"}],"wp:attachment":[{"href":"https:\/\/stoic-curie.212-227-153-4.plesk.page\/de\/wp-json\/wp\/v2\/media?parent=5837849"}],"wp:term":[{"taxonomy":"product_brand","embeddable":true,"href":"https:\/\/stoic-curie.212-227-153-4.plesk.page\/de\/wp-json\/wp\/v2\/product_brand?post=5837849"},{"taxonomy":"product_cat","embeddable":true,"href":"https:\/\/stoic-curie.212-227-153-4.plesk.page\/de\/wp-json\/wp\/v2\/product_cat?post=5837849"},{"taxonomy":"product_tag","embeddable":true,"href":"https:\/\/stoic-curie.212-227-153-4.plesk.page\/de\/wp-json\/wp\/v2\/product_tag?post=5837849"}],"curies":[{"name":"wp","href":"https:\/\/api.w.org\/{rel}","templated":true}]}}