{"id":5837851,"date":"2026-02-17T16:25:16","date_gmt":"2026-02-17T15:25:16","guid":{"rendered":"https:\/\/stoic-curie.212-227-153-4.plesk.page\/product\/echte-oelverschlussdichtungen-fuer-mercury-mercruiser-motoren-code-27-81987\/"},"modified":"2026-02-24T23:35:57","modified_gmt":"2026-02-24T23:35:57","slug":"echte-oelverschlussdichtungen-fuer-mercury-mercruiser-motoren-code-27-81987","status":"publish","type":"product","link":"https:\/\/stoic-curie.212-227-153-4.plesk.page\/de\/product\/echte-oelverschlussdichtungen-fuer-mercury-mercruiser-motoren-code-27-81987\/","title":{"rendered":"Echte \u00d6lverschlussdichtungen f\u00fcr Mercury\/Mercruiser Motoren &#8211; Code 27-81987"},"content":{"rendered":"<p>Echte \u00d6lverschlussdichtungen f\u00fcr Mercury\/Mercruiser Motoren &#8211; Code 27-81987 &#8211; <\/p>\n<p>\u00d6lverschlussdichtungen, die speziell f\u00fcr Mercury\/Mercruiser Motoren entwickelt wurden, erh\u00e4ltlich in Packungen mit 10. Diese sind kompatible Ersatzteile, die eine perfekte Passform und zuverl\u00e4ssige Leistung gew\u00e4hrleisten.<\/p>\n","protected":false},"excerpt":{"rendered":"<p>Echte \u00d6lverschlussdichtungen f\u00fcr Mercury\/Mercruiser Motoren &#8211; Code 27-81987 &#8211; \u00d6lverschlussdichtungen, die speziell f\u00fcr Mercury\/Mercruiser Motoren entwickelt wurden, erh\u00e4ltlich in Packungen<\/p>\n","protected":false},"featured_media":5836909,"comment_status":"open","ping_status":"closed","template":"","meta":[],"product_brand":[3285],"product_cat":[1543],"product_tag":[],"class_list":{"0":"post-5837851","1":"product","2":"type-product","3":"status-publish","4":"has-post-thumbnail","6":"product_brand-quicksilver-de","7":"product_cat-marine-ersatzteile-fuer-mercruiser","9":"first","10":"instock","11":"shipping-taxable","12":"purchasable","13":"product-type-simple"},"_links":{"self":[{"href":"https:\/\/stoic-curie.212-227-153-4.plesk.page\/de\/wp-json\/wp\/v2\/product\/5837851","targetHints":{"allow":["GET"]}}],"collection":[{"href":"https:\/\/stoic-curie.212-227-153-4.plesk.page\/de\/wp-json\/wp\/v2\/product"}],"about":[{"href":"https:\/\/stoic-curie.212-227-153-4.plesk.page\/de\/wp-json\/wp\/v2\/types\/product"}],"replies":[{"embeddable":true,"href":"https:\/\/stoic-curie.212-227-153-4.plesk.page\/de\/wp-json\/wp\/v2\/comments?post=5837851"}],"version-history":[{"count":0,"href":"https:\/\/stoic-curie.212-227-153-4.plesk.page\/de\/wp-json\/wp\/v2\/product\/5837851\/revisions"}],"wp:featuredmedia":[{"embeddable":true,"href":"https:\/\/stoic-curie.212-227-153-4.plesk.page\/de\/wp-json\/wp\/v2\/media\/5836909"}],"wp:attachment":[{"href":"https:\/\/stoic-curie.212-227-153-4.plesk.page\/de\/wp-json\/wp\/v2\/media?parent=5837851"}],"wp:term":[{"taxonomy":"product_brand","embeddable":true,"href":"https:\/\/stoic-curie.212-227-153-4.plesk.page\/de\/wp-json\/wp\/v2\/product_brand?post=5837851"},{"taxonomy":"product_cat","embeddable":true,"href":"https:\/\/stoic-curie.212-227-153-4.plesk.page\/de\/wp-json\/wp\/v2\/product_cat?post=5837851"},{"taxonomy":"product_tag","embeddable":true,"href":"https:\/\/stoic-curie.212-227-153-4.plesk.page\/de\/wp-json\/wp\/v2\/product_tag?post=5837851"}],"curies":[{"name":"wp","href":"https:\/\/api.w.org\/{rel}","templated":true}]}}