{"id":5837856,"date":"2026-02-17T16:25:19","date_gmt":"2026-02-17T15:25:19","guid":{"rendered":"https:\/\/stoic-curie.212-227-153-4.plesk.page\/product\/wasserpumpe-untere-einheit-thermostatdichtungen-fuer-yamaha-motoren-original-6h3-12414-a1-code-motor-f9-9-70\/"},"modified":"2026-02-24T23:35:57","modified_gmt":"2026-02-24T23:35:57","slug":"wasserpumpe-untere-einheit-thermostatdichtungen-fuer-yamaha-motoren-original-6h3-12414-a1-code-motor-f9-9-70","status":"publish","type":"product","link":"https:\/\/stoic-curie.212-227-153-4.plesk.page\/de\/product\/wasserpumpe-untere-einheit-thermostatdichtungen-fuer-yamaha-motoren-original-6h3-12414-a1-code-motor-f9-9-70\/","title":{"rendered":"Wasserpumpe\/Untere Einheit\/Thermostatdichtungen f\u00fcr Yamaha-Motoren Original 6H3-12414-A1 Code Motor F9.9\/70"},"content":{"rendered":"<p>Wasserpumpe\/Untere Einheit\/Thermostatdichtungen f\u00fcr Yamaha-Motoren Original 6H3-12414-A1 Code Motor F9.9\/70 &#8211; <\/p>\n<p>Wasserpumpen-, unteren Einheit- und Thermostatsdichtungen f\u00fcr Yamaha Au\u00dfenbordmotoren. Kompatibler Ersatz f\u00fcr das OEM-Teil.<\/p>\n","protected":false},"excerpt":{"rendered":"<p>Wasserpumpe\/Untere Einheit\/Thermostatdichtungen f\u00fcr Yamaha-Motoren Original 6H3-12414-A1 Code Motor F9.9\/70 &#8211; Wasserpumpen-, unteren Einheit- und Thermostatsdichtungen f\u00fcr Yamaha Au\u00dfenbordmotoren. Kompatibler Ersatz<\/p>\n","protected":false},"featured_media":5836926,"comment_status":"open","ping_status":"closed","template":"","meta":[],"product_brand":[3390],"product_cat":[1544],"product_tag":[],"class_list":{"0":"post-5837856","1":"product","2":"type-product","3":"status-publish","4":"has-post-thumbnail","6":"product_brand-sierra-marine-de","7":"product_cat-marine-ersatzteile-fuer-yamaha","9":"first","10":"instock","11":"shipping-taxable","12":"purchasable","13":"product-type-simple"},"_links":{"self":[{"href":"https:\/\/stoic-curie.212-227-153-4.plesk.page\/de\/wp-json\/wp\/v2\/product\/5837856","targetHints":{"allow":["GET"]}}],"collection":[{"href":"https:\/\/stoic-curie.212-227-153-4.plesk.page\/de\/wp-json\/wp\/v2\/product"}],"about":[{"href":"https:\/\/stoic-curie.212-227-153-4.plesk.page\/de\/wp-json\/wp\/v2\/types\/product"}],"replies":[{"embeddable":true,"href":"https:\/\/stoic-curie.212-227-153-4.plesk.page\/de\/wp-json\/wp\/v2\/comments?post=5837856"}],"version-history":[{"count":0,"href":"https:\/\/stoic-curie.212-227-153-4.plesk.page\/de\/wp-json\/wp\/v2\/product\/5837856\/revisions"}],"wp:featuredmedia":[{"embeddable":true,"href":"https:\/\/stoic-curie.212-227-153-4.plesk.page\/de\/wp-json\/wp\/v2\/media\/5836926"}],"wp:attachment":[{"href":"https:\/\/stoic-curie.212-227-153-4.plesk.page\/de\/wp-json\/wp\/v2\/media?parent=5837856"}],"wp:term":[{"taxonomy":"product_brand","embeddable":true,"href":"https:\/\/stoic-curie.212-227-153-4.plesk.page\/de\/wp-json\/wp\/v2\/product_brand?post=5837856"},{"taxonomy":"product_cat","embeddable":true,"href":"https:\/\/stoic-curie.212-227-153-4.plesk.page\/de\/wp-json\/wp\/v2\/product_cat?post=5837856"},{"taxonomy":"product_tag","embeddable":true,"href":"https:\/\/stoic-curie.212-227-153-4.plesk.page\/de\/wp-json\/wp\/v2\/product_tag?post=5837856"}],"curies":[{"name":"wp","href":"https:\/\/api.w.org\/{rel}","templated":true}]}}