{"id":5837862,"date":"2026-02-17T16:25:22","date_gmt":"2026-02-17T15:25:22","guid":{"rendered":"https:\/\/stoic-curie.212-227-153-4.plesk.page\/product\/wasserpumpengehaeuse-fuer-mercury-mercruiser-motoren-original-46-96148a1\/"},"modified":"2026-02-24T23:35:57","modified_gmt":"2026-02-24T23:35:57","slug":"wasserpumpengehaeuse-fuer-mercury-mercruiser-motoren-original-46-96148a1","status":"publish","type":"product","link":"https:\/\/stoic-curie.212-227-153-4.plesk.page\/de\/product\/wasserpumpengehaeuse-fuer-mercury-mercruiser-motoren-original-46-96148a1\/","title":{"rendered":"Wasserpumpengeh\u00e4use f\u00fcr Mercury\/Mercruiser Motoren Original 46-96148A1"},"content":{"rendered":"<p>Wasserpumpengeh\u00e4use f\u00fcr Mercury\/Mercruiser Motoren Original 46-96148A1 &#8211; <\/p>\n<p>Dies ist ein hochwertiges Wasserpumpengeh\u00e4use, das f\u00fcr Mercury- und Mercruiser-Motoren entwickelt wurde. Es bietet Kompatibilit\u00e4t mit verschiedenen Ersatzteilen, um eine optimale Leistung zu gew\u00e4hrleisten.<\/p>\n","protected":false},"excerpt":{"rendered":"<p>Wasserpumpengeh\u00e4use f\u00fcr Mercury\/Mercruiser Motoren Original 46-96148A1 &#8211; Dies ist ein hochwertiges Wasserpumpengeh\u00e4use, das f\u00fcr Mercury- und Mercruiser-Motoren entwickelt wurde. Es<\/p>\n","protected":false},"featured_media":5735956,"comment_status":"open","ping_status":"closed","template":"","meta":[],"product_brand":[3285],"product_cat":[1543,1528],"product_tag":[],"class_list":{"0":"post-5837862","1":"product","2":"type-product","3":"status-publish","4":"has-post-thumbnail","6":"product_brand-quicksilver-de","7":"product_cat-marine-ersatzteile-fuer-mercruiser","8":"product_cat-marine-ersatzteile-fuer-mercury-und-mariner","10":"first","11":"instock","12":"shipping-taxable","13":"purchasable","14":"product-type-simple"},"_links":{"self":[{"href":"https:\/\/stoic-curie.212-227-153-4.plesk.page\/de\/wp-json\/wp\/v2\/product\/5837862","targetHints":{"allow":["GET"]}}],"collection":[{"href":"https:\/\/stoic-curie.212-227-153-4.plesk.page\/de\/wp-json\/wp\/v2\/product"}],"about":[{"href":"https:\/\/stoic-curie.212-227-153-4.plesk.page\/de\/wp-json\/wp\/v2\/types\/product"}],"replies":[{"embeddable":true,"href":"https:\/\/stoic-curie.212-227-153-4.plesk.page\/de\/wp-json\/wp\/v2\/comments?post=5837862"}],"version-history":[{"count":0,"href":"https:\/\/stoic-curie.212-227-153-4.plesk.page\/de\/wp-json\/wp\/v2\/product\/5837862\/revisions"}],"wp:featuredmedia":[{"embeddable":true,"href":"https:\/\/stoic-curie.212-227-153-4.plesk.page\/de\/wp-json\/wp\/v2\/media\/5735956"}],"wp:attachment":[{"href":"https:\/\/stoic-curie.212-227-153-4.plesk.page\/de\/wp-json\/wp\/v2\/media?parent=5837862"}],"wp:term":[{"taxonomy":"product_brand","embeddable":true,"href":"https:\/\/stoic-curie.212-227-153-4.plesk.page\/de\/wp-json\/wp\/v2\/product_brand?post=5837862"},{"taxonomy":"product_cat","embeddable":true,"href":"https:\/\/stoic-curie.212-227-153-4.plesk.page\/de\/wp-json\/wp\/v2\/product_cat?post=5837862"},{"taxonomy":"product_tag","embeddable":true,"href":"https:\/\/stoic-curie.212-227-153-4.plesk.page\/de\/wp-json\/wp\/v2\/product_tag?post=5837862"}],"curies":[{"name":"wp","href":"https:\/\/api.w.org\/{rel}","templated":true}]}}