{"id":5837868,"date":"2026-02-17T16:25:27","date_gmt":"2026-02-17T15:25:27","guid":{"rendered":"https:\/\/stoic-curie.212-227-153-4.plesk.page\/product\/original-mercruiser-motoroelanschluss-22-861150t02-fuer-alpha-one-gen-ii-und-bravo-i-ii-iii\/"},"modified":"2026-02-24T23:35:57","modified_gmt":"2026-02-24T23:35:57","slug":"original-mercruiser-motoroelanschluss-22-861150t02-fuer-alpha-one-gen-ii-und-bravo-i-ii-iii","status":"publish","type":"product","link":"https:\/\/stoic-curie.212-227-153-4.plesk.page\/de\/product\/original-mercruiser-motoroelanschluss-22-861150t02-fuer-alpha-one-gen-ii-und-bravo-i-ii-iii\/","title":{"rendered":"Original MerCruiser Motor\u00f6lanschluss 22-861150T02 f\u00fcr Alpha One Gen II und Bravo I\/II\/III"},"content":{"rendered":"<p>Original MerCruiser Motor\u00f6lanschluss 22-861150T02 f\u00fcr Alpha One Gen II und Bravo I\/II\/III &#8211; <\/p>\n<p>Dies ist ein hochwertiger \u00d6lanschluss, der speziell f\u00fcr MerCruiser-Motoren entwickelt wurde. Er dient als kompatibles Ersatzteil f\u00fcr eine verbesserte Motorleistung.<\/p>\n","protected":false},"excerpt":{"rendered":"<p>Original MerCruiser Motor\u00f6lanschluss 22-861150T02 f\u00fcr Alpha One Gen II und Bravo I\/II\/III &#8211; Dies ist ein hochwertiger \u00d6lanschluss, der speziell<\/p>\n","protected":false},"featured_media":5836984,"comment_status":"open","ping_status":"closed","template":"","meta":[],"product_brand":[3285],"product_cat":[1543],"product_tag":[],"class_list":{"0":"post-5837868","1":"product","2":"type-product","3":"status-publish","4":"has-post-thumbnail","6":"product_brand-quicksilver-de","7":"product_cat-marine-ersatzteile-fuer-mercruiser","9":"first","10":"instock","11":"shipping-taxable","12":"purchasable","13":"product-type-simple"},"_links":{"self":[{"href":"https:\/\/stoic-curie.212-227-153-4.plesk.page\/de\/wp-json\/wp\/v2\/product\/5837868","targetHints":{"allow":["GET"]}}],"collection":[{"href":"https:\/\/stoic-curie.212-227-153-4.plesk.page\/de\/wp-json\/wp\/v2\/product"}],"about":[{"href":"https:\/\/stoic-curie.212-227-153-4.plesk.page\/de\/wp-json\/wp\/v2\/types\/product"}],"replies":[{"embeddable":true,"href":"https:\/\/stoic-curie.212-227-153-4.plesk.page\/de\/wp-json\/wp\/v2\/comments?post=5837868"}],"version-history":[{"count":0,"href":"https:\/\/stoic-curie.212-227-153-4.plesk.page\/de\/wp-json\/wp\/v2\/product\/5837868\/revisions"}],"wp:featuredmedia":[{"embeddable":true,"href":"https:\/\/stoic-curie.212-227-153-4.plesk.page\/de\/wp-json\/wp\/v2\/media\/5836984"}],"wp:attachment":[{"href":"https:\/\/stoic-curie.212-227-153-4.plesk.page\/de\/wp-json\/wp\/v2\/media?parent=5837868"}],"wp:term":[{"taxonomy":"product_brand","embeddable":true,"href":"https:\/\/stoic-curie.212-227-153-4.plesk.page\/de\/wp-json\/wp\/v2\/product_brand?post=5837868"},{"taxonomy":"product_cat","embeddable":true,"href":"https:\/\/stoic-curie.212-227-153-4.plesk.page\/de\/wp-json\/wp\/v2\/product_cat?post=5837868"},{"taxonomy":"product_tag","embeddable":true,"href":"https:\/\/stoic-curie.212-227-153-4.plesk.page\/de\/wp-json\/wp\/v2\/product_tag?post=5837868"}],"curies":[{"name":"wp","href":"https:\/\/api.w.org\/{rel}","templated":true}]}}