{"id":5837869,"date":"2026-02-17T16:25:27","date_gmt":"2026-02-17T15:25:27","guid":{"rendered":"https:\/\/stoic-curie.212-227-153-4.plesk.page\/product\/echtes-reduzierstueck-fuer-mercury-motoren-22-8m0001721\/"},"modified":"2026-02-24T23:35:57","modified_gmt":"2026-02-24T23:35:57","slug":"echtes-reduzierstueck-fuer-mercury-motoren-22-8m0001721","status":"publish","type":"product","link":"https:\/\/stoic-curie.212-227-153-4.plesk.page\/de\/product\/echtes-reduzierstueck-fuer-mercury-motoren-22-8m0001721\/","title":{"rendered":"Echtes Reduzierst\u00fcck f\u00fcr Mercury-Motoren 22-8M0001721"},"content":{"rendered":"<p>Echtes Reduzierst\u00fcck f\u00fcr Mercury-Motoren 22-8M0001721 &#8211; <\/p>\n<p>Paar von Schlauchanschluss-Reduzierst\u00fccken f\u00fcr Mercury-Motoren. Dieses Teil kann das Originalteil (OEM) ersetzen.<\/p>\n","protected":false},"excerpt":{"rendered":"<p>Echtes Reduzierst\u00fcck f\u00fcr Mercury-Motoren 22-8M0001721 &#8211; Paar von Schlauchanschluss-Reduzierst\u00fccken f\u00fcr Mercury-Motoren. Dieses Teil kann das Originalteil (OEM) ersetzen.<\/p>\n","protected":false},"featured_media":5836986,"comment_status":"open","ping_status":"closed","template":"","meta":[],"product_brand":[3285],"product_cat":[1528],"product_tag":[],"class_list":{"0":"post-5837869","1":"product","2":"type-product","3":"status-publish","4":"has-post-thumbnail","6":"product_brand-quicksilver-de","7":"product_cat-marine-ersatzteile-fuer-mercury-und-mariner","9":"first","10":"instock","11":"shipping-taxable","12":"purchasable","13":"product-type-simple"},"_links":{"self":[{"href":"https:\/\/stoic-curie.212-227-153-4.plesk.page\/de\/wp-json\/wp\/v2\/product\/5837869","targetHints":{"allow":["GET"]}}],"collection":[{"href":"https:\/\/stoic-curie.212-227-153-4.plesk.page\/de\/wp-json\/wp\/v2\/product"}],"about":[{"href":"https:\/\/stoic-curie.212-227-153-4.plesk.page\/de\/wp-json\/wp\/v2\/types\/product"}],"replies":[{"embeddable":true,"href":"https:\/\/stoic-curie.212-227-153-4.plesk.page\/de\/wp-json\/wp\/v2\/comments?post=5837869"}],"version-history":[{"count":0,"href":"https:\/\/stoic-curie.212-227-153-4.plesk.page\/de\/wp-json\/wp\/v2\/product\/5837869\/revisions"}],"wp:featuredmedia":[{"embeddable":true,"href":"https:\/\/stoic-curie.212-227-153-4.plesk.page\/de\/wp-json\/wp\/v2\/media\/5836986"}],"wp:attachment":[{"href":"https:\/\/stoic-curie.212-227-153-4.plesk.page\/de\/wp-json\/wp\/v2\/media?parent=5837869"}],"wp:term":[{"taxonomy":"product_brand","embeddable":true,"href":"https:\/\/stoic-curie.212-227-153-4.plesk.page\/de\/wp-json\/wp\/v2\/product_brand?post=5837869"},{"taxonomy":"product_cat","embeddable":true,"href":"https:\/\/stoic-curie.212-227-153-4.plesk.page\/de\/wp-json\/wp\/v2\/product_cat?post=5837869"},{"taxonomy":"product_tag","embeddable":true,"href":"https:\/\/stoic-curie.212-227-153-4.plesk.page\/de\/wp-json\/wp\/v2\/product_tag?post=5837869"}],"curies":[{"name":"wp","href":"https:\/\/api.w.org\/{rel}","templated":true}]}}