{"id":5837876,"date":"2026-02-17T16:25:32","date_gmt":"2026-02-17T15:25:32","guid":{"rendered":"https:\/\/stoic-curie.212-227-153-4.plesk.page\/product\/echtes-abgaskruemmerablassventil-fuer-volvo-penta-motoren-21114522\/"},"modified":"2026-02-24T23:35:57","modified_gmt":"2026-02-24T23:35:57","slug":"echtes-abgaskruemmerablassventil-fuer-volvo-penta-motoren-21114522","status":"publish","type":"product","link":"https:\/\/stoic-curie.212-227-153-4.plesk.page\/de\/product\/echtes-abgaskruemmerablassventil-fuer-volvo-penta-motoren-21114522\/","title":{"rendered":"Echtes Abgaskr\u00fcmmerablassventil f\u00fcr Volvo Penta Motoren 21114522"},"content":{"rendered":"<p>Echtes Abgaskr\u00fcmmerablassventil f\u00fcr Volvo Penta Motoren 21114522 &#8211; Dies ist ein hochwertiges Abgaskr\u00fcmmerablassventil, das speziell f\u00fcr Volvo Penta Motoren der Codes 4.3, 5.0, 5.7 und 8.1 entwickelt wurde. Stellen Sie mit diesem originalen Ersatzteil eine optimale Leistung und Langlebigkeit sicher.<\/p>\n","protected":false},"excerpt":{"rendered":"<p>Echtes Abgaskr\u00fcmmerablassventil f\u00fcr Volvo Penta Motoren 21114522 &#8211; Dies ist ein hochwertiges Abgaskr\u00fcmmerablassventil, das speziell f\u00fcr Volvo Penta Motoren der<\/p>\n","protected":false},"featured_media":5837006,"comment_status":"open","ping_status":"closed","template":"","meta":[],"product_brand":[3390],"product_cat":[1542],"product_tag":[],"class_list":{"0":"post-5837876","1":"product","2":"type-product","3":"status-publish","4":"has-post-thumbnail","6":"product_brand-sierra-marine-de","7":"product_cat-marine-ersatzteile-fuer-volvo-penta","9":"first","10":"instock","11":"shipping-taxable","12":"purchasable","13":"product-type-simple"},"_links":{"self":[{"href":"https:\/\/stoic-curie.212-227-153-4.plesk.page\/de\/wp-json\/wp\/v2\/product\/5837876","targetHints":{"allow":["GET"]}}],"collection":[{"href":"https:\/\/stoic-curie.212-227-153-4.plesk.page\/de\/wp-json\/wp\/v2\/product"}],"about":[{"href":"https:\/\/stoic-curie.212-227-153-4.plesk.page\/de\/wp-json\/wp\/v2\/types\/product"}],"replies":[{"embeddable":true,"href":"https:\/\/stoic-curie.212-227-153-4.plesk.page\/de\/wp-json\/wp\/v2\/comments?post=5837876"}],"version-history":[{"count":0,"href":"https:\/\/stoic-curie.212-227-153-4.plesk.page\/de\/wp-json\/wp\/v2\/product\/5837876\/revisions"}],"wp:featuredmedia":[{"embeddable":true,"href":"https:\/\/stoic-curie.212-227-153-4.plesk.page\/de\/wp-json\/wp\/v2\/media\/5837006"}],"wp:attachment":[{"href":"https:\/\/stoic-curie.212-227-153-4.plesk.page\/de\/wp-json\/wp\/v2\/media?parent=5837876"}],"wp:term":[{"taxonomy":"product_brand","embeddable":true,"href":"https:\/\/stoic-curie.212-227-153-4.plesk.page\/de\/wp-json\/wp\/v2\/product_brand?post=5837876"},{"taxonomy":"product_cat","embeddable":true,"href":"https:\/\/stoic-curie.212-227-153-4.plesk.page\/de\/wp-json\/wp\/v2\/product_cat?post=5837876"},{"taxonomy":"product_tag","embeddable":true,"href":"https:\/\/stoic-curie.212-227-153-4.plesk.page\/de\/wp-json\/wp\/v2\/product_tag?post=5837876"}],"curies":[{"name":"wp","href":"https:\/\/api.w.org\/{rel}","templated":true}]}}