{"id":5837879,"date":"2026-02-17T16:25:33","date_gmt":"2026-02-17T15:25:33","guid":{"rendered":"https:\/\/stoic-curie.212-227-153-4.plesk.page\/product\/echtes-saildrive-o-ring-fuer-volvo-penta-motoren-code-925258\/"},"modified":"2026-02-24T23:35:57","modified_gmt":"2026-02-24T23:35:57","slug":"echtes-saildrive-o-ring-fuer-volvo-penta-motoren-code-925258","status":"publish","type":"product","link":"https:\/\/stoic-curie.212-227-153-4.plesk.page\/de\/product\/echtes-saildrive-o-ring-fuer-volvo-penta-motoren-code-925258\/","title":{"rendered":"Echtes Saildrive O-Ring f\u00fcr Volvo Penta Motoren &#8211; Code 925258"},"content":{"rendered":"<p>Echtes Saildrive O-Ring f\u00fcr Volvo Penta Motoren &#8211; Code 925258 &#8211; Dieses hochwertige O-Ring ist speziell f\u00fcr Volvo Penta Motoren entwickelt und sorgt f\u00fcr eine perfekte Passform f\u00fcr die Modelle A20, A25, 425, 442, 540, 3200, 3500, 3700, 4200, 4300, 4400, 4500 und 5350.<\/p>\n","protected":false},"excerpt":{"rendered":"<p>Echtes Saildrive O-Ring f\u00fcr Volvo Penta Motoren &#8211; Code 925258 &#8211; Dieses hochwertige O-Ring ist speziell f\u00fcr Volvo Penta Motoren<\/p>\n","protected":false},"featured_media":5837010,"comment_status":"open","ping_status":"closed","template":"","meta":[],"product_brand":[3390],"product_cat":[1542],"product_tag":[],"class_list":{"0":"post-5837879","1":"product","2":"type-product","3":"status-publish","4":"has-post-thumbnail","6":"product_brand-sierra-marine-de","7":"product_cat-marine-ersatzteile-fuer-volvo-penta","9":"first","10":"instock","11":"shipping-taxable","12":"purchasable","13":"product-type-simple"},"_links":{"self":[{"href":"https:\/\/stoic-curie.212-227-153-4.plesk.page\/de\/wp-json\/wp\/v2\/product\/5837879","targetHints":{"allow":["GET"]}}],"collection":[{"href":"https:\/\/stoic-curie.212-227-153-4.plesk.page\/de\/wp-json\/wp\/v2\/product"}],"about":[{"href":"https:\/\/stoic-curie.212-227-153-4.plesk.page\/de\/wp-json\/wp\/v2\/types\/product"}],"replies":[{"embeddable":true,"href":"https:\/\/stoic-curie.212-227-153-4.plesk.page\/de\/wp-json\/wp\/v2\/comments?post=5837879"}],"version-history":[{"count":0,"href":"https:\/\/stoic-curie.212-227-153-4.plesk.page\/de\/wp-json\/wp\/v2\/product\/5837879\/revisions"}],"wp:featuredmedia":[{"embeddable":true,"href":"https:\/\/stoic-curie.212-227-153-4.plesk.page\/de\/wp-json\/wp\/v2\/media\/5837010"}],"wp:attachment":[{"href":"https:\/\/stoic-curie.212-227-153-4.plesk.page\/de\/wp-json\/wp\/v2\/media?parent=5837879"}],"wp:term":[{"taxonomy":"product_brand","embeddable":true,"href":"https:\/\/stoic-curie.212-227-153-4.plesk.page\/de\/wp-json\/wp\/v2\/product_brand?post=5837879"},{"taxonomy":"product_cat","embeddable":true,"href":"https:\/\/stoic-curie.212-227-153-4.plesk.page\/de\/wp-json\/wp\/v2\/product_cat?post=5837879"},{"taxonomy":"product_tag","embeddable":true,"href":"https:\/\/stoic-curie.212-227-153-4.plesk.page\/de\/wp-json\/wp\/v2\/product_tag?post=5837879"}],"curies":[{"name":"wp","href":"https:\/\/api.w.org\/{rel}","templated":true}]}}