{"id":5837882,"date":"2026-02-17T16:25:35","date_gmt":"2026-02-17T15:25:35","guid":{"rendered":"https:\/\/stoic-curie.212-227-153-4.plesk.page\/product\/echte-wellenabdichtungen-fuer-wasserpumpen-fuer-volvo-penta-motoren-code-833996\/"},"modified":"2026-02-24T23:35:57","modified_gmt":"2026-02-24T23:35:57","slug":"echte-wellenabdichtungen-fuer-wasserpumpen-fuer-volvo-penta-motoren-code-833996","status":"publish","type":"product","link":"https:\/\/stoic-curie.212-227-153-4.plesk.page\/de\/product\/echte-wellenabdichtungen-fuer-wasserpumpen-fuer-volvo-penta-motoren-code-833996\/","title":{"rendered":"Echte Wellenabdichtungen f\u00fcr Wasserpumpen f\u00fcr Volvo Penta-Motoren &#8211; Code 833996"},"content":{"rendered":"<p>Echte Wellenabdichtungen f\u00fcr Wasserpumpen f\u00fcr Volvo Penta-Motoren &#8211; Code 833996 &#8211; <\/p>\n<p>Echte Wellenabdichtungen f\u00fcr Wasserpumpen, die speziell f\u00fcr Volvo Penta-Motoren entwickelt wurden.<\/p>\n","protected":false},"excerpt":{"rendered":"<p>Echte Wellenabdichtungen f\u00fcr Wasserpumpen f\u00fcr Volvo Penta-Motoren &#8211; Code 833996 &#8211; Echte Wellenabdichtungen f\u00fcr Wasserpumpen, die speziell f\u00fcr Volvo Penta-Motoren<\/p>\n","protected":false},"featured_media":5837016,"comment_status":"open","ping_status":"closed","template":"","meta":[],"product_brand":[3390],"product_cat":[1542],"product_tag":[],"class_list":{"0":"post-5837882","1":"product","2":"type-product","3":"status-publish","4":"has-post-thumbnail","6":"product_brand-sierra-marine-de","7":"product_cat-marine-ersatzteile-fuer-volvo-penta","9":"first","10":"instock","11":"shipping-taxable","12":"purchasable","13":"product-type-simple"},"_links":{"self":[{"href":"https:\/\/stoic-curie.212-227-153-4.plesk.page\/de\/wp-json\/wp\/v2\/product\/5837882","targetHints":{"allow":["GET"]}}],"collection":[{"href":"https:\/\/stoic-curie.212-227-153-4.plesk.page\/de\/wp-json\/wp\/v2\/product"}],"about":[{"href":"https:\/\/stoic-curie.212-227-153-4.plesk.page\/de\/wp-json\/wp\/v2\/types\/product"}],"replies":[{"embeddable":true,"href":"https:\/\/stoic-curie.212-227-153-4.plesk.page\/de\/wp-json\/wp\/v2\/comments?post=5837882"}],"version-history":[{"count":0,"href":"https:\/\/stoic-curie.212-227-153-4.plesk.page\/de\/wp-json\/wp\/v2\/product\/5837882\/revisions"}],"wp:featuredmedia":[{"embeddable":true,"href":"https:\/\/stoic-curie.212-227-153-4.plesk.page\/de\/wp-json\/wp\/v2\/media\/5837016"}],"wp:attachment":[{"href":"https:\/\/stoic-curie.212-227-153-4.plesk.page\/de\/wp-json\/wp\/v2\/media?parent=5837882"}],"wp:term":[{"taxonomy":"product_brand","embeddable":true,"href":"https:\/\/stoic-curie.212-227-153-4.plesk.page\/de\/wp-json\/wp\/v2\/product_brand?post=5837882"},{"taxonomy":"product_cat","embeddable":true,"href":"https:\/\/stoic-curie.212-227-153-4.plesk.page\/de\/wp-json\/wp\/v2\/product_cat?post=5837882"},{"taxonomy":"product_tag","embeddable":true,"href":"https:\/\/stoic-curie.212-227-153-4.plesk.page\/de\/wp-json\/wp\/v2\/product_tag?post=5837882"}],"curies":[{"name":"wp","href":"https:\/\/api.w.org\/{rel}","templated":true}]}}