{"id":5837890,"date":"2026-02-17T16:25:49","date_gmt":"2026-02-17T15:25:49","guid":{"rendered":"https:\/\/stoic-curie.212-227-153-4.plesk.page\/product\/sacs-oelfilter-fuer-volvo-penta-motoren-original-22057107-ref-motor-md-2001-2002-2003\/"},"modified":"2026-02-24T23:35:57","modified_gmt":"2026-02-24T23:35:57","slug":"sacs-oelfilter-fuer-volvo-penta-motoren-original-22057107-ref-motor-md-2001-2002-2003","status":"publish","type":"product","link":"https:\/\/stoic-curie.212-227-153-4.plesk.page\/de\/product\/sacs-oelfilter-fuer-volvo-penta-motoren-original-22057107-ref-motor-md-2001-2002-2003\/","title":{"rendered":"Sacs \u00d6lfilter f\u00fcr Volvo Penta Motoren Original 22057107 Ref Motor MD\/2001\/2002\/2003"},"content":{"rendered":"<p>Sacs \u00d6lfilter f\u00fcr Volvo Penta Motoren Original 22057107 Ref Motor MD\/2001\/2002\/2003 &#8211; <\/p>\n<p>Sacs \u00d6lfilter, die speziell f\u00fcr Volvo Penta Motoren entwickelt wurden. Diese sind kompatible Ersatzteile, die optimale Leistung und Zuverl\u00e4ssigkeit f\u00fcr Ihren Motor gew\u00e4hrleisten.<\/p>\n","protected":false},"excerpt":{"rendered":"<p>Sacs \u00d6lfilter f\u00fcr Volvo Penta Motoren Original 22057107 Ref Motor MD\/2001\/2002\/2003 &#8211; Sacs \u00d6lfilter, die speziell f\u00fcr Volvo Penta Motoren<\/p>\n","protected":false},"featured_media":5837056,"comment_status":"open","ping_status":"closed","template":"","meta":[],"product_brand":[3390],"product_cat":[1542],"product_tag":[],"class_list":{"0":"post-5837890","1":"product","2":"type-product","3":"status-publish","4":"has-post-thumbnail","6":"product_brand-sierra-marine-de","7":"product_cat-marine-ersatzteile-fuer-volvo-penta","9":"first","10":"instock","11":"shipping-taxable","12":"purchasable","13":"product-type-simple"},"_links":{"self":[{"href":"https:\/\/stoic-curie.212-227-153-4.plesk.page\/de\/wp-json\/wp\/v2\/product\/5837890","targetHints":{"allow":["GET"]}}],"collection":[{"href":"https:\/\/stoic-curie.212-227-153-4.plesk.page\/de\/wp-json\/wp\/v2\/product"}],"about":[{"href":"https:\/\/stoic-curie.212-227-153-4.plesk.page\/de\/wp-json\/wp\/v2\/types\/product"}],"replies":[{"embeddable":true,"href":"https:\/\/stoic-curie.212-227-153-4.plesk.page\/de\/wp-json\/wp\/v2\/comments?post=5837890"}],"version-history":[{"count":0,"href":"https:\/\/stoic-curie.212-227-153-4.plesk.page\/de\/wp-json\/wp\/v2\/product\/5837890\/revisions"}],"wp:featuredmedia":[{"embeddable":true,"href":"https:\/\/stoic-curie.212-227-153-4.plesk.page\/de\/wp-json\/wp\/v2\/media\/5837056"}],"wp:attachment":[{"href":"https:\/\/stoic-curie.212-227-153-4.plesk.page\/de\/wp-json\/wp\/v2\/media?parent=5837890"}],"wp:term":[{"taxonomy":"product_brand","embeddable":true,"href":"https:\/\/stoic-curie.212-227-153-4.plesk.page\/de\/wp-json\/wp\/v2\/product_brand?post=5837890"},{"taxonomy":"product_cat","embeddable":true,"href":"https:\/\/stoic-curie.212-227-153-4.plesk.page\/de\/wp-json\/wp\/v2\/product_cat?post=5837890"},{"taxonomy":"product_tag","embeddable":true,"href":"https:\/\/stoic-curie.212-227-153-4.plesk.page\/de\/wp-json\/wp\/v2\/product_tag?post=5837890"}],"curies":[{"name":"wp","href":"https:\/\/api.w.org\/{rel}","templated":true}]}}