{"id":5837904,"date":"2026-02-17T16:25:58","date_gmt":"2026-02-17T15:25:58","guid":{"rendered":"https:\/\/stoic-curie.212-227-153-4.plesk.page\/product\/sacs-oelfilter-fuer-yanmar-motoren-original-119305-35151\/"},"modified":"2026-02-24T23:35:57","modified_gmt":"2026-02-24T23:35:57","slug":"sacs-oelfilter-fuer-yanmar-motoren-original-119305-35151","status":"publish","type":"product","link":"https:\/\/stoic-curie.212-227-153-4.plesk.page\/de\/product\/sacs-oelfilter-fuer-yanmar-motoren-original-119305-35151\/","title":{"rendered":"Sacs \u00d6lfilter f\u00fcr Yanmar Motoren &#8211; Original 119305-35151"},"content":{"rendered":"<p>Sacs \u00d6lfilter f\u00fcr Yanmar Motoren &#8211; Original 119305-35151 &#8211; <\/p>\n<p>Sacs \u00d6lfilter, die speziell f\u00fcr Yanmar-Motoren entwickelt wurden. Kompatible Ersatzteile.<\/p>\n<p>4121455 Durchmesser 67xH66 mm f\u00fcr Motoren: 1GM\/10\/2GM20\/20F\/20YEU\/20FYEU 3GM30\/30YEU\/30F\/30FYEU 3JH2E\/2TE\/4E\/5E\/2YM15 3YM20\/30\/D27<\/p>\n<p>4121445 Durchmesser 85xH82 mm f\u00fcr Motoren: 4JHE\/2E\/2TE\/2HTE\/2DTE\/2UTE 4JH3E\/3TE\/3HTE\/3DTE\/BG3\/D36 4JH4AE\/4E\/5E\/4TE\/4HTE 4JH45CR\/57CR\/80CR\/110CR<\/p>\n","protected":false},"excerpt":{"rendered":"<p>Sacs \u00d6lfilter f\u00fcr Yanmar Motoren &#8211; Original 119305-35151 &#8211; Sacs \u00d6lfilter, die speziell f\u00fcr Yanmar-Motoren entwickelt wurden. Kompatible Ersatzteile. 4121455<\/p>\n","protected":false},"featured_media":5837110,"comment_status":"open","ping_status":"closed","template":"","meta":[],"product_brand":[3390],"product_cat":[1529],"product_tag":[],"class_list":{"0":"post-5837904","1":"product","2":"type-product","3":"status-publish","4":"has-post-thumbnail","6":"product_brand-sierra-marine-de","7":"product_cat-marine-ersatzteile-fuer-yanmar","9":"first","10":"instock","11":"shipping-taxable","12":"purchasable","13":"product-type-simple"},"_links":{"self":[{"href":"https:\/\/stoic-curie.212-227-153-4.plesk.page\/de\/wp-json\/wp\/v2\/product\/5837904","targetHints":{"allow":["GET"]}}],"collection":[{"href":"https:\/\/stoic-curie.212-227-153-4.plesk.page\/de\/wp-json\/wp\/v2\/product"}],"about":[{"href":"https:\/\/stoic-curie.212-227-153-4.plesk.page\/de\/wp-json\/wp\/v2\/types\/product"}],"replies":[{"embeddable":true,"href":"https:\/\/stoic-curie.212-227-153-4.plesk.page\/de\/wp-json\/wp\/v2\/comments?post=5837904"}],"version-history":[{"count":0,"href":"https:\/\/stoic-curie.212-227-153-4.plesk.page\/de\/wp-json\/wp\/v2\/product\/5837904\/revisions"}],"wp:featuredmedia":[{"embeddable":true,"href":"https:\/\/stoic-curie.212-227-153-4.plesk.page\/de\/wp-json\/wp\/v2\/media\/5837110"}],"wp:attachment":[{"href":"https:\/\/stoic-curie.212-227-153-4.plesk.page\/de\/wp-json\/wp\/v2\/media?parent=5837904"}],"wp:term":[{"taxonomy":"product_brand","embeddable":true,"href":"https:\/\/stoic-curie.212-227-153-4.plesk.page\/de\/wp-json\/wp\/v2\/product_brand?post=5837904"},{"taxonomy":"product_cat","embeddable":true,"href":"https:\/\/stoic-curie.212-227-153-4.plesk.page\/de\/wp-json\/wp\/v2\/product_cat?post=5837904"},{"taxonomy":"product_tag","embeddable":true,"href":"https:\/\/stoic-curie.212-227-153-4.plesk.page\/de\/wp-json\/wp\/v2\/product_tag?post=5837904"}],"curies":[{"name":"wp","href":"https:\/\/api.w.org\/{rel}","templated":true}]}}