{"id":5837906,"date":"2026-02-17T16:26:00","date_gmt":"2026-02-17T15:26:00","guid":{"rendered":"https:\/\/stoic-curie.212-227-153-4.plesk.page\/product\/echte-oelverschluss-dichtungen-fuer-suzuki-motoren-09168-10022\/"},"modified":"2026-02-24T23:35:57","modified_gmt":"2026-02-24T23:35:57","slug":"echte-oelverschluss-dichtungen-fuer-suzuki-motoren-09168-10022","status":"publish","type":"product","link":"https:\/\/stoic-curie.212-227-153-4.plesk.page\/de\/product\/echte-oelverschluss-dichtungen-fuer-suzuki-motoren-09168-10022\/","title":{"rendered":"Echte \u00d6lverschluss-Dichtungen f\u00fcr Suzuki-Motoren 09168-10022"},"content":{"rendered":"<p>Echte \u00d6lverschluss-Dichtungen f\u00fcr Suzuki-Motoren 09168-10022 &#8211; <\/p>\n<p>Echte \u00d6lverschluss-Dichtungen f\u00fcr Suzuki-Au\u00dfenbordmotoren, erh\u00e4ltlich in Packungen zu 10. Diese sind kompatible Ersatzteile.<\/p>\n","protected":false},"excerpt":{"rendered":"<p>Echte \u00d6lverschluss-Dichtungen f\u00fcr Suzuki-Motoren 09168-10022 &#8211; Echte \u00d6lverschluss-Dichtungen f\u00fcr Suzuki-Au\u00dfenbordmotoren, erh\u00e4ltlich in Packungen zu 10. Diese sind kompatible Ersatzteile.<\/p>\n","protected":false},"featured_media":5837115,"comment_status":"open","ping_status":"closed","template":"","meta":[],"product_brand":[3390],"product_cat":[1545],"product_tag":[],"class_list":{"0":"post-5837906","1":"product","2":"type-product","3":"status-publish","4":"has-post-thumbnail","6":"product_brand-sierra-marine-de","7":"product_cat-marine-ersatzteile-fuer-suzuki","9":"first","10":"instock","11":"shipping-taxable","12":"purchasable","13":"product-type-simple"},"_links":{"self":[{"href":"https:\/\/stoic-curie.212-227-153-4.plesk.page\/de\/wp-json\/wp\/v2\/product\/5837906","targetHints":{"allow":["GET"]}}],"collection":[{"href":"https:\/\/stoic-curie.212-227-153-4.plesk.page\/de\/wp-json\/wp\/v2\/product"}],"about":[{"href":"https:\/\/stoic-curie.212-227-153-4.plesk.page\/de\/wp-json\/wp\/v2\/types\/product"}],"replies":[{"embeddable":true,"href":"https:\/\/stoic-curie.212-227-153-4.plesk.page\/de\/wp-json\/wp\/v2\/comments?post=5837906"}],"version-history":[{"count":0,"href":"https:\/\/stoic-curie.212-227-153-4.plesk.page\/de\/wp-json\/wp\/v2\/product\/5837906\/revisions"}],"wp:featuredmedia":[{"embeddable":true,"href":"https:\/\/stoic-curie.212-227-153-4.plesk.page\/de\/wp-json\/wp\/v2\/media\/5837115"}],"wp:attachment":[{"href":"https:\/\/stoic-curie.212-227-153-4.plesk.page\/de\/wp-json\/wp\/v2\/media?parent=5837906"}],"wp:term":[{"taxonomy":"product_brand","embeddable":true,"href":"https:\/\/stoic-curie.212-227-153-4.plesk.page\/de\/wp-json\/wp\/v2\/product_brand?post=5837906"},{"taxonomy":"product_cat","embeddable":true,"href":"https:\/\/stoic-curie.212-227-153-4.plesk.page\/de\/wp-json\/wp\/v2\/product_cat?post=5837906"},{"taxonomy":"product_tag","embeddable":true,"href":"https:\/\/stoic-curie.212-227-153-4.plesk.page\/de\/wp-json\/wp\/v2\/product_tag?post=5837906"}],"curies":[{"name":"wp","href":"https:\/\/api.w.org\/{rel}","templated":true}]}}