{"id":5837912,"date":"2026-02-17T16:26:05","date_gmt":"2026-02-17T15:26:05","guid":{"rendered":"https:\/\/stoic-curie.212-227-153-4.plesk.page\/product\/echte-pumpen-untereinheit-dichtungen-fuer-suzuki-motoren-17472-87l00-fuer-df70-90\/"},"modified":"2026-02-24T23:35:57","modified_gmt":"2026-02-24T23:35:57","slug":"echte-pumpen-untereinheit-dichtungen-fuer-suzuki-motoren-17472-87l00-fuer-df70-90","status":"publish","type":"product","link":"https:\/\/stoic-curie.212-227-153-4.plesk.page\/de\/product\/echte-pumpen-untereinheit-dichtungen-fuer-suzuki-motoren-17472-87l00-fuer-df70-90\/","title":{"rendered":"Echte Pumpen-\/Untereinheit-Dichtungen f\u00fcr Suzuki-Motoren 17472-87L00 f\u00fcr DF70\/90"},"content":{"rendered":"<p>Echte Pumpen-\/Untereinheit-Dichtungen f\u00fcr Suzuki-Motoren 17472-87L00 f\u00fcr DF70\/90 &#8211; <\/p>\n<p>Hochwertige Dichtungen f\u00fcr Pumpen und Untereinheiten, die f\u00fcr Suzuki-Au\u00dfenbordmotoren entwickelt wurden. Diese Originalteile gew\u00e4hrleisten optimale Kompatibilit\u00e4t und Leistung.<\/p>\n","protected":false},"excerpt":{"rendered":"<p>Echte Pumpen-\/Untereinheit-Dichtungen f\u00fcr Suzuki-Motoren 17472-87L00 f\u00fcr DF70\/90 &#8211; Hochwertige Dichtungen f\u00fcr Pumpen und Untereinheiten, die f\u00fcr Suzuki-Au\u00dfenbordmotoren entwickelt wurden. Diese<\/p>\n","protected":false},"featured_media":5837141,"comment_status":"open","ping_status":"closed","template":"","meta":[],"product_brand":[3390],"product_cat":[1545],"product_tag":[],"class_list":{"0":"post-5837912","1":"product","2":"type-product","3":"status-publish","4":"has-post-thumbnail","6":"product_brand-sierra-marine-de","7":"product_cat-marine-ersatzteile-fuer-suzuki","9":"first","10":"instock","11":"shipping-taxable","12":"purchasable","13":"product-type-simple"},"_links":{"self":[{"href":"https:\/\/stoic-curie.212-227-153-4.plesk.page\/de\/wp-json\/wp\/v2\/product\/5837912","targetHints":{"allow":["GET"]}}],"collection":[{"href":"https:\/\/stoic-curie.212-227-153-4.plesk.page\/de\/wp-json\/wp\/v2\/product"}],"about":[{"href":"https:\/\/stoic-curie.212-227-153-4.plesk.page\/de\/wp-json\/wp\/v2\/types\/product"}],"replies":[{"embeddable":true,"href":"https:\/\/stoic-curie.212-227-153-4.plesk.page\/de\/wp-json\/wp\/v2\/comments?post=5837912"}],"version-history":[{"count":0,"href":"https:\/\/stoic-curie.212-227-153-4.plesk.page\/de\/wp-json\/wp\/v2\/product\/5837912\/revisions"}],"wp:featuredmedia":[{"embeddable":true,"href":"https:\/\/stoic-curie.212-227-153-4.plesk.page\/de\/wp-json\/wp\/v2\/media\/5837141"}],"wp:attachment":[{"href":"https:\/\/stoic-curie.212-227-153-4.plesk.page\/de\/wp-json\/wp\/v2\/media?parent=5837912"}],"wp:term":[{"taxonomy":"product_brand","embeddable":true,"href":"https:\/\/stoic-curie.212-227-153-4.plesk.page\/de\/wp-json\/wp\/v2\/product_brand?post=5837912"},{"taxonomy":"product_cat","embeddable":true,"href":"https:\/\/stoic-curie.212-227-153-4.plesk.page\/de\/wp-json\/wp\/v2\/product_cat?post=5837912"},{"taxonomy":"product_tag","embeddable":true,"href":"https:\/\/stoic-curie.212-227-153-4.plesk.page\/de\/wp-json\/wp\/v2\/product_tag?post=5837912"}],"curies":[{"name":"wp","href":"https:\/\/api.w.org\/{rel}","templated":true}]}}