{"id":5854462,"date":"2026-02-18T18:20:26","date_gmt":"2026-02-18T17:20:26","guid":{"rendered":"https:\/\/stoic-curie.212-227-153-4.plesk.page\/product\/wasserpumpen-und-antriebseinheit-reparatursatz-fuer-suzuki-aussenbordmotoren-original-25700-87l00-code-fuer-df70-90\/"},"modified":"2026-02-24T23:36:15","modified_gmt":"2026-02-24T23:36:15","slug":"wasserpumpen-und-antriebseinheit-reparatursatz-fuer-suzuki-aussenbordmotoren-original-25700-87l00-code-fuer-df70-90","status":"publish","type":"product","link":"https:\/\/stoic-curie.212-227-153-4.plesk.page\/de\/product\/wasserpumpen-und-antriebseinheit-reparatursatz-fuer-suzuki-aussenbordmotoren-original-25700-87l00-code-fuer-df70-90\/","title":{"rendered":"Wasserpumpen- und Antriebseinheit Reparatursatz f\u00fcr Suzuki Au\u00dfenbordmotoren &#8211; Original 25700-87L00 Code f\u00fcr DF70\/90"},"content":{"rendered":"<p>Wasserpumpen- und Antriebseinheit Reparatursatz f\u00fcr Suzuki Au\u00dfenbordmotoren &#8211; Original 25700-87L00 Code f\u00fcr DF70\/90 &#8211; <\/p>\n<p>Dieser Wasserpumpen- und Antriebseinheit Reparatursatz ist speziell f\u00fcr Suzuki Au\u00dfenbordmotoren entwickelt worden. Er beinhaltet kompatible Ersatzteile f\u00fcr optimale Leistung und Zuverl\u00e4ssigkeit.<\/p>\n","protected":false},"excerpt":{"rendered":"<p>Wasserpumpen- und Antriebseinheit Reparatursatz f\u00fcr Suzuki Au\u00dfenbordmotoren &#8211; Original 25700-87L00 Code f\u00fcr DF70\/90 &#8211; Dieser Wasserpumpen- und Antriebseinheit Reparatursatz ist<\/p>\n","protected":false},"featured_media":5852580,"comment_status":"open","ping_status":"closed","template":"","meta":[],"product_brand":[3390],"product_cat":[1545],"product_tag":[],"class_list":{"0":"post-5854462","1":"product","2":"type-product","3":"status-publish","4":"has-post-thumbnail","6":"product_brand-sierra-marine-de","7":"product_cat-marine-ersatzteile-fuer-suzuki","9":"first","10":"instock","11":"shipping-taxable","12":"purchasable","13":"product-type-simple"},"_links":{"self":[{"href":"https:\/\/stoic-curie.212-227-153-4.plesk.page\/de\/wp-json\/wp\/v2\/product\/5854462","targetHints":{"allow":["GET"]}}],"collection":[{"href":"https:\/\/stoic-curie.212-227-153-4.plesk.page\/de\/wp-json\/wp\/v2\/product"}],"about":[{"href":"https:\/\/stoic-curie.212-227-153-4.plesk.page\/de\/wp-json\/wp\/v2\/types\/product"}],"replies":[{"embeddable":true,"href":"https:\/\/stoic-curie.212-227-153-4.plesk.page\/de\/wp-json\/wp\/v2\/comments?post=5854462"}],"version-history":[{"count":0,"href":"https:\/\/stoic-curie.212-227-153-4.plesk.page\/de\/wp-json\/wp\/v2\/product\/5854462\/revisions"}],"wp:featuredmedia":[{"embeddable":true,"href":"https:\/\/stoic-curie.212-227-153-4.plesk.page\/de\/wp-json\/wp\/v2\/media\/5852580"}],"wp:attachment":[{"href":"https:\/\/stoic-curie.212-227-153-4.plesk.page\/de\/wp-json\/wp\/v2\/media?parent=5854462"}],"wp:term":[{"taxonomy":"product_brand","embeddable":true,"href":"https:\/\/stoic-curie.212-227-153-4.plesk.page\/de\/wp-json\/wp\/v2\/product_brand?post=5854462"},{"taxonomy":"product_cat","embeddable":true,"href":"https:\/\/stoic-curie.212-227-153-4.plesk.page\/de\/wp-json\/wp\/v2\/product_cat?post=5854462"},{"taxonomy":"product_tag","embeddable":true,"href":"https:\/\/stoic-curie.212-227-153-4.plesk.page\/de\/wp-json\/wp\/v2\/product_tag?post=5854462"}],"curies":[{"name":"wp","href":"https:\/\/api.w.org\/{rel}","templated":true}]}}