{"id":5854472,"date":"2026-02-18T18:20:32","date_gmt":"2026-02-18T17:20:32","guid":{"rendered":"https:\/\/stoic-curie.212-227-153-4.plesk.page\/product\/echte-kraftstofffilter-fuer-suzuki-motoren-15410-87j00-fuer-df40-50\/"},"modified":"2026-02-24T23:36:15","modified_gmt":"2026-02-24T23:36:15","slug":"echte-kraftstofffilter-fuer-suzuki-motoren-15410-87j00-fuer-df40-50","status":"publish","type":"product","link":"https:\/\/stoic-curie.212-227-153-4.plesk.page\/de\/product\/echte-kraftstofffilter-fuer-suzuki-motoren-15410-87j00-fuer-df40-50\/","title":{"rendered":"Echte Kraftstofffilter f\u00fcr Suzuki-Motoren 15410-87J00 f\u00fcr DF40\/50"},"content":{"rendered":"<p>Echte Kraftstofffilter f\u00fcr Suzuki-Motoren 15410-87J00 f\u00fcr DF40\/50 &#8211; <\/p>\n<p>Echte Kraftstofffilter, die speziell f\u00fcr Suzuki-Au\u00dfenbordmotoren entwickelt wurden. Diese Teile sind kompatibel und gew\u00e4hrleisten eine optimale Leistung.<\/p>\n","protected":false},"excerpt":{"rendered":"<p>Echte Kraftstofffilter f\u00fcr Suzuki-Motoren 15410-87J00 f\u00fcr DF40\/50 &#8211; Echte Kraftstofffilter, die speziell f\u00fcr Suzuki-Au\u00dfenbordmotoren entwickelt wurden. Diese Teile sind kompatibel<\/p>\n","protected":false},"featured_media":5852682,"comment_status":"open","ping_status":"closed","template":"","meta":[],"product_brand":[3390],"product_cat":[1545],"product_tag":[],"class_list":{"0":"post-5854472","1":"product","2":"type-product","3":"status-publish","4":"has-post-thumbnail","6":"product_brand-sierra-marine-de","7":"product_cat-marine-ersatzteile-fuer-suzuki","9":"first","10":"instock","11":"shipping-taxable","12":"purchasable","13":"product-type-simple"},"_links":{"self":[{"href":"https:\/\/stoic-curie.212-227-153-4.plesk.page\/de\/wp-json\/wp\/v2\/product\/5854472","targetHints":{"allow":["GET"]}}],"collection":[{"href":"https:\/\/stoic-curie.212-227-153-4.plesk.page\/de\/wp-json\/wp\/v2\/product"}],"about":[{"href":"https:\/\/stoic-curie.212-227-153-4.plesk.page\/de\/wp-json\/wp\/v2\/types\/product"}],"replies":[{"embeddable":true,"href":"https:\/\/stoic-curie.212-227-153-4.plesk.page\/de\/wp-json\/wp\/v2\/comments?post=5854472"}],"version-history":[{"count":0,"href":"https:\/\/stoic-curie.212-227-153-4.plesk.page\/de\/wp-json\/wp\/v2\/product\/5854472\/revisions"}],"wp:featuredmedia":[{"embeddable":true,"href":"https:\/\/stoic-curie.212-227-153-4.plesk.page\/de\/wp-json\/wp\/v2\/media\/5852682"}],"wp:attachment":[{"href":"https:\/\/stoic-curie.212-227-153-4.plesk.page\/de\/wp-json\/wp\/v2\/media?parent=5854472"}],"wp:term":[{"taxonomy":"product_brand","embeddable":true,"href":"https:\/\/stoic-curie.212-227-153-4.plesk.page\/de\/wp-json\/wp\/v2\/product_brand?post=5854472"},{"taxonomy":"product_cat","embeddable":true,"href":"https:\/\/stoic-curie.212-227-153-4.plesk.page\/de\/wp-json\/wp\/v2\/product_cat?post=5854472"},{"taxonomy":"product_tag","embeddable":true,"href":"https:\/\/stoic-curie.212-227-153-4.plesk.page\/de\/wp-json\/wp\/v2\/product_tag?post=5854472"}],"curies":[{"name":"wp","href":"https:\/\/api.w.org\/{rel}","templated":true}]}}