{"id":5854493,"date":"2026-02-18T18:20:47","date_gmt":"2026-02-18T17:20:47","guid":{"rendered":"https:\/\/stoic-curie.212-227-153-4.plesk.page\/product\/echter-vergaser-o-ring-fuer-yamaha-motoren-67f-14397-00\/"},"modified":"2026-02-24T23:36:15","modified_gmt":"2026-02-24T23:36:15","slug":"echter-vergaser-o-ring-fuer-yamaha-motoren-67f-14397-00","status":"publish","type":"product","link":"https:\/\/stoic-curie.212-227-153-4.plesk.page\/de\/product\/echter-vergaser-o-ring-fuer-yamaha-motoren-67f-14397-00\/","title":{"rendered":"Echter Vergaser-O-Ring f\u00fcr Yamaha-Motoren 67F-14397-00"},"content":{"rendered":"<p>Echter Vergaser-O-Ring f\u00fcr Yamaha-Motoren 67F-14397-00 &#8211; Hochwertiger echter Vergaser-O-Ring, der speziell f\u00fcr Yamaha F75 und F100 Motoren entwickelt wurde. Garantiert optimale Leistung und einen sicheren Sitz.<\/p>\n","protected":false},"excerpt":{"rendered":"<p>Echter Vergaser-O-Ring f\u00fcr Yamaha-Motoren 67F-14397-00 &#8211; Hochwertiger echter Vergaser-O-Ring, der speziell f\u00fcr Yamaha F75 und F100 Motoren entwickelt wurde. Garantiert<\/p>\n","protected":false},"featured_media":5852895,"comment_status":"open","ping_status":"closed","template":"","meta":[],"product_brand":[3390],"product_cat":[1544],"product_tag":[],"class_list":{"0":"post-5854493","1":"product","2":"type-product","3":"status-publish","4":"has-post-thumbnail","6":"product_brand-sierra-marine-de","7":"product_cat-marine-ersatzteile-fuer-yamaha","9":"first","10":"instock","11":"shipping-taxable","12":"purchasable","13":"product-type-simple"},"_links":{"self":[{"href":"https:\/\/stoic-curie.212-227-153-4.plesk.page\/de\/wp-json\/wp\/v2\/product\/5854493","targetHints":{"allow":["GET"]}}],"collection":[{"href":"https:\/\/stoic-curie.212-227-153-4.plesk.page\/de\/wp-json\/wp\/v2\/product"}],"about":[{"href":"https:\/\/stoic-curie.212-227-153-4.plesk.page\/de\/wp-json\/wp\/v2\/types\/product"}],"replies":[{"embeddable":true,"href":"https:\/\/stoic-curie.212-227-153-4.plesk.page\/de\/wp-json\/wp\/v2\/comments?post=5854493"}],"version-history":[{"count":0,"href":"https:\/\/stoic-curie.212-227-153-4.plesk.page\/de\/wp-json\/wp\/v2\/product\/5854493\/revisions"}],"wp:featuredmedia":[{"embeddable":true,"href":"https:\/\/stoic-curie.212-227-153-4.plesk.page\/de\/wp-json\/wp\/v2\/media\/5852895"}],"wp:attachment":[{"href":"https:\/\/stoic-curie.212-227-153-4.plesk.page\/de\/wp-json\/wp\/v2\/media?parent=5854493"}],"wp:term":[{"taxonomy":"product_brand","embeddable":true,"href":"https:\/\/stoic-curie.212-227-153-4.plesk.page\/de\/wp-json\/wp\/v2\/product_brand?post=5854493"},{"taxonomy":"product_cat","embeddable":true,"href":"https:\/\/stoic-curie.212-227-153-4.plesk.page\/de\/wp-json\/wp\/v2\/product_cat?post=5854493"},{"taxonomy":"product_tag","embeddable":true,"href":"https:\/\/stoic-curie.212-227-153-4.plesk.page\/de\/wp-json\/wp\/v2\/product_tag?post=5854493"}],"curies":[{"name":"wp","href":"https:\/\/api.w.org\/{rel}","templated":true}]}}