{"id":5854494,"date":"2026-02-18T18:20:48","date_gmt":"2026-02-18T17:20:48","guid":{"rendered":"https:\/\/stoic-curie.212-227-153-4.plesk.page\/product\/echte-wellendichtringdichtungen-fuer-yamaha-motoren-93101-22m00-f20-f60\/"},"modified":"2026-02-24T23:36:15","modified_gmt":"2026-02-24T23:36:15","slug":"echte-wellendichtringdichtungen-fuer-yamaha-motoren-93101-22m00-f20-f60","status":"publish","type":"product","link":"https:\/\/stoic-curie.212-227-153-4.plesk.page\/de\/product\/echte-wellendichtringdichtungen-fuer-yamaha-motoren-93101-22m00-f20-f60\/","title":{"rendered":"Echte Wellendichtringdichtungen f\u00fcr Yamaha-Motoren 93101-22M00 (F20\/F60)"},"content":{"rendered":"<p>Echte Wellendichtringdichtungen f\u00fcr Yamaha-Motoren 93101-22M00 (F20\/F60) &#8211; <\/p>\n<p>Hochwertige Wellendichtringdichtung f\u00fcr Yamaha Au\u00dfenbordmotoren. Dieses Teil ist ein zuverl\u00e4ssiger und kompatibler Ersatz.<\/p>\n","protected":false},"excerpt":{"rendered":"<p>Echte Wellendichtringdichtungen f\u00fcr Yamaha-Motoren 93101-22M00 (F20\/F60) &#8211; Hochwertige Wellendichtringdichtung f\u00fcr Yamaha Au\u00dfenbordmotoren. Dieses Teil ist ein zuverl\u00e4ssiger und kompatibler Ersatz.<\/p>\n","protected":false},"featured_media":5852897,"comment_status":"open","ping_status":"closed","template":"","meta":[],"product_brand":[3390],"product_cat":[1544],"product_tag":[],"class_list":{"0":"post-5854494","1":"product","2":"type-product","3":"status-publish","4":"has-post-thumbnail","6":"product_brand-sierra-marine-de","7":"product_cat-marine-ersatzteile-fuer-yamaha","9":"first","10":"instock","11":"shipping-taxable","12":"purchasable","13":"product-type-simple"},"_links":{"self":[{"href":"https:\/\/stoic-curie.212-227-153-4.plesk.page\/de\/wp-json\/wp\/v2\/product\/5854494","targetHints":{"allow":["GET"]}}],"collection":[{"href":"https:\/\/stoic-curie.212-227-153-4.plesk.page\/de\/wp-json\/wp\/v2\/product"}],"about":[{"href":"https:\/\/stoic-curie.212-227-153-4.plesk.page\/de\/wp-json\/wp\/v2\/types\/product"}],"replies":[{"embeddable":true,"href":"https:\/\/stoic-curie.212-227-153-4.plesk.page\/de\/wp-json\/wp\/v2\/comments?post=5854494"}],"version-history":[{"count":0,"href":"https:\/\/stoic-curie.212-227-153-4.plesk.page\/de\/wp-json\/wp\/v2\/product\/5854494\/revisions"}],"wp:featuredmedia":[{"embeddable":true,"href":"https:\/\/stoic-curie.212-227-153-4.plesk.page\/de\/wp-json\/wp\/v2\/media\/5852897"}],"wp:attachment":[{"href":"https:\/\/stoic-curie.212-227-153-4.plesk.page\/de\/wp-json\/wp\/v2\/media?parent=5854494"}],"wp:term":[{"taxonomy":"product_brand","embeddable":true,"href":"https:\/\/stoic-curie.212-227-153-4.plesk.page\/de\/wp-json\/wp\/v2\/product_brand?post=5854494"},{"taxonomy":"product_cat","embeddable":true,"href":"https:\/\/stoic-curie.212-227-153-4.plesk.page\/de\/wp-json\/wp\/v2\/product_cat?post=5854494"},{"taxonomy":"product_tag","embeddable":true,"href":"https:\/\/stoic-curie.212-227-153-4.plesk.page\/de\/wp-json\/wp\/v2\/product_tag?post=5854494"}],"curies":[{"name":"wp","href":"https:\/\/api.w.org\/{rel}","templated":true}]}}