{"id":5854496,"date":"2026-02-18T18:20:49","date_gmt":"2026-02-18T17:20:49","guid":{"rendered":"https:\/\/stoic-curie.212-227-153-4.plesk.page\/product\/echtes-wasserpumpen-untereinheit-thermostatdichtungen-fuer-yamaha-motoren-63d-44316-00-f25-60\/"},"modified":"2026-02-24T23:36:15","modified_gmt":"2026-02-24T23:36:15","slug":"echtes-wasserpumpen-untereinheit-thermostatdichtungen-fuer-yamaha-motoren-63d-44316-00-f25-60","status":"publish","type":"product","link":"https:\/\/stoic-curie.212-227-153-4.plesk.page\/de\/product\/echtes-wasserpumpen-untereinheit-thermostatdichtungen-fuer-yamaha-motoren-63d-44316-00-f25-60\/","title":{"rendered":"Echtes Wasserpumpen-\/Untereinheit-\/Thermostatdichtungen f\u00fcr Yamaha-Motoren 63D-44316-00 (F25\/60)"},"content":{"rendered":"<p>Echtes Wasserpumpen-\/Untereinheit-\/Thermostatdichtungen f\u00fcr Yamaha-Motoren 63D-44316-00 (F25\/60) &#8211; <\/p>\n<p>Echte Dichtungen f\u00fcr Wasserpumpen, Untereinheiten und Thermostate f\u00fcr Yamaha Au\u00dfermotoren. Eine zuverl\u00e4ssige Ersatzl\u00f6sung f\u00fcr OEM-Teile.<\/p>\n","protected":false},"excerpt":{"rendered":"<p>Echtes Wasserpumpen-\/Untereinheit-\/Thermostatdichtungen f\u00fcr Yamaha-Motoren 63D-44316-00 (F25\/60) &#8211; Echte Dichtungen f\u00fcr Wasserpumpen, Untereinheiten und Thermostate f\u00fcr Yamaha Au\u00dfermotoren. Eine zuverl\u00e4ssige Ersatzl\u00f6sung<\/p>\n","protected":false},"featured_media":5836926,"comment_status":"open","ping_status":"closed","template":"","meta":[],"product_brand":[3390],"product_cat":[1544],"product_tag":[],"class_list":{"0":"post-5854496","1":"product","2":"type-product","3":"status-publish","4":"has-post-thumbnail","6":"product_brand-sierra-marine-de","7":"product_cat-marine-ersatzteile-fuer-yamaha","9":"first","10":"instock","11":"shipping-taxable","12":"purchasable","13":"product-type-simple"},"_links":{"self":[{"href":"https:\/\/stoic-curie.212-227-153-4.plesk.page\/de\/wp-json\/wp\/v2\/product\/5854496","targetHints":{"allow":["GET"]}}],"collection":[{"href":"https:\/\/stoic-curie.212-227-153-4.plesk.page\/de\/wp-json\/wp\/v2\/product"}],"about":[{"href":"https:\/\/stoic-curie.212-227-153-4.plesk.page\/de\/wp-json\/wp\/v2\/types\/product"}],"replies":[{"embeddable":true,"href":"https:\/\/stoic-curie.212-227-153-4.plesk.page\/de\/wp-json\/wp\/v2\/comments?post=5854496"}],"version-history":[{"count":0,"href":"https:\/\/stoic-curie.212-227-153-4.plesk.page\/de\/wp-json\/wp\/v2\/product\/5854496\/revisions"}],"wp:featuredmedia":[{"embeddable":true,"href":"https:\/\/stoic-curie.212-227-153-4.plesk.page\/de\/wp-json\/wp\/v2\/media\/5836926"}],"wp:attachment":[{"href":"https:\/\/stoic-curie.212-227-153-4.plesk.page\/de\/wp-json\/wp\/v2\/media?parent=5854496"}],"wp:term":[{"taxonomy":"product_brand","embeddable":true,"href":"https:\/\/stoic-curie.212-227-153-4.plesk.page\/de\/wp-json\/wp\/v2\/product_brand?post=5854496"},{"taxonomy":"product_cat","embeddable":true,"href":"https:\/\/stoic-curie.212-227-153-4.plesk.page\/de\/wp-json\/wp\/v2\/product_cat?post=5854496"},{"taxonomy":"product_tag","embeddable":true,"href":"https:\/\/stoic-curie.212-227-153-4.plesk.page\/de\/wp-json\/wp\/v2\/product_tag?post=5854496"}],"curies":[{"name":"wp","href":"https:\/\/api.w.org\/{rel}","templated":true}]}}