{"id":5854499,"date":"2026-02-18T18:20:51","date_gmt":"2026-02-18T17:20:51","guid":{"rendered":"https:\/\/stoic-curie.212-227-153-4.plesk.page\/product\/wasserpumpe-untere-einheit-thermostat-dichtungen-fuer-yamaha-motoren-original-688-44316-00\/"},"modified":"2026-02-24T23:36:15","modified_gmt":"2026-02-24T23:36:15","slug":"wasserpumpe-untere-einheit-thermostat-dichtungen-fuer-yamaha-motoren-original-688-44316-00","status":"publish","type":"product","link":"https:\/\/stoic-curie.212-227-153-4.plesk.page\/de\/product\/wasserpumpe-untere-einheit-thermostat-dichtungen-fuer-yamaha-motoren-original-688-44316-00\/","title":{"rendered":"Wasserpumpe\/Untere Einheit\/Thermostat-Dichtungen f\u00fcr Yamaha-Motoren Original 688-44316-00"},"content":{"rendered":"<p>Wasserpumpe\/Untere Einheit\/Thermostat-Dichtungen f\u00fcr Yamaha-Motoren Original 688-44316-00 &#8211; <\/p>\n<p>Wasserpumpen-, unteren Einheit- und Thermostat-Dichtungen, die speziell f\u00fcr Yamaha Au\u00dfenbordmotoren entwickelt wurden. Dieses Teil ist ein zuverl\u00e4ssiger Ersatz, der mit dem OEM-Teil kompatibel ist.<\/p>\n","protected":false},"excerpt":{"rendered":"<p>Wasserpumpe\/Untere Einheit\/Thermostat-Dichtungen f\u00fcr Yamaha-Motoren Original 688-44316-00 &#8211; Wasserpumpen-, unteren Einheit- und Thermostat-Dichtungen, die speziell f\u00fcr Yamaha Au\u00dfenbordmotoren entwickelt wurden. Dieses<\/p>\n","protected":false},"featured_media":5836926,"comment_status":"open","ping_status":"closed","template":"","meta":[],"product_brand":[3390],"product_cat":[1544],"product_tag":[],"class_list":{"0":"post-5854499","1":"product","2":"type-product","3":"status-publish","4":"has-post-thumbnail","6":"product_brand-sierra-marine-de","7":"product_cat-marine-ersatzteile-fuer-yamaha","9":"first","10":"instock","11":"shipping-taxable","12":"purchasable","13":"product-type-simple"},"_links":{"self":[{"href":"https:\/\/stoic-curie.212-227-153-4.plesk.page\/de\/wp-json\/wp\/v2\/product\/5854499","targetHints":{"allow":["GET"]}}],"collection":[{"href":"https:\/\/stoic-curie.212-227-153-4.plesk.page\/de\/wp-json\/wp\/v2\/product"}],"about":[{"href":"https:\/\/stoic-curie.212-227-153-4.plesk.page\/de\/wp-json\/wp\/v2\/types\/product"}],"replies":[{"embeddable":true,"href":"https:\/\/stoic-curie.212-227-153-4.plesk.page\/de\/wp-json\/wp\/v2\/comments?post=5854499"}],"version-history":[{"count":0,"href":"https:\/\/stoic-curie.212-227-153-4.plesk.page\/de\/wp-json\/wp\/v2\/product\/5854499\/revisions"}],"wp:featuredmedia":[{"embeddable":true,"href":"https:\/\/stoic-curie.212-227-153-4.plesk.page\/de\/wp-json\/wp\/v2\/media\/5836926"}],"wp:attachment":[{"href":"https:\/\/stoic-curie.212-227-153-4.plesk.page\/de\/wp-json\/wp\/v2\/media?parent=5854499"}],"wp:term":[{"taxonomy":"product_brand","embeddable":true,"href":"https:\/\/stoic-curie.212-227-153-4.plesk.page\/de\/wp-json\/wp\/v2\/product_brand?post=5854499"},{"taxonomy":"product_cat","embeddable":true,"href":"https:\/\/stoic-curie.212-227-153-4.plesk.page\/de\/wp-json\/wp\/v2\/product_cat?post=5854499"},{"taxonomy":"product_tag","embeddable":true,"href":"https:\/\/stoic-curie.212-227-153-4.plesk.page\/de\/wp-json\/wp\/v2\/product_tag?post=5854499"}],"curies":[{"name":"wp","href":"https:\/\/api.w.org\/{rel}","templated":true}]}}